{"id":57674,"date":"2022-02-07T13:01:57","date_gmt":"2022-02-07T13:01:57","guid":{"rendered":"https:\/\/scisafrancia.providersweb.es\/welding\/declaracion-responsable\/"},"modified":"2023-02-22T16:53:49","modified_gmt":"2023-02-22T16:53:49","slug":"declaracion-responsable","status":"publish","type":"page","link":"https:\/\/scifrancesa.fr\/en\/welding\/declaracion-responsable\/","title":{"rendered":"Declaraci\u00f3n Responsable"},"content":{"rendered":"<div class=\"wpb-content-wrapper\"><p>[vc_row css_animation=&#8221;&#8221; row_type=&#8221;row&#8221; use_row_as_full_screen_section=&#8221;no&#8221; type=&#8221;full_width&#8221; angled_section=&#8221;no&#8221; text_align=&#8221;left&#8221; background_image_as_pattern=&#8221;without_pattern&#8221;][vc_column width=&#8221;1\/4&#8243;][vc_raw_html]JTNDaDUlM0VEZXNjYXJnYXMlM0MlMkZoNSUzRQ==[\/vc_raw_html][vc_separator type=&#8221;normal&#8221; color=&#8221;#bcbcbc&#8221; thickness=&#8221;1&#8243; transparency=&#8221;0.4&#8243;][vc_raw_html]JTNDYSUyMCUyMHRhcmdldCUzRCUyMl9ibGFuayUyMiUyMGNsYXNzJTNEJTIyZm9sbGV0by11bm8lMjIlMjBocmVmJTNEJTIyaHR0cHMlM0ElMkYlMkZzY2lmcmFuY2VzYS5mciUyRndwLWNvbnRlbnQlMkZ1cGxvYWRzJTJGMjAyMiUyRjAyJTJGZGVjbGFyYWNpb25yZXNwb25zYWJsZS5wZGYlMjIlM0UlM0NkaXYlMjBjbGFzcyUzRCUyMmZvbGxldG8lMjIlM0UlMEElM0NpbWclMjBjbGFzcyUzRCUyMmljb25vJTIyJTIwc3JjJTNEJTIyaHR0cHMlM0ElMkYlMkZzY2lmcmFuY2VzYS5mciUyRndwLWNvbnRlbnQlMkZ1cGxvYWRzJTJGMjAyMSUyRjEyJTJGZG93bmxvYWQtZmlsZS0xLnBuZyUyMiUyRiUzRSUwQSUzQ3AlMjBjbGFzcyUzRCUyMnRleHRvJTIyJTNFREVDTEFSQUNJJUMzJTkzTiUyMFJFU1BPTlNBQkxFJTNDJTJGcCUzRSUwQSUwQSUzQyUyRmRpdiUzRSUzQyUyRmElM0U=[\/vc_raw_html][vc_empty_space][vc_raw_html]JTNDaDUlM0VPdHJvcyUyMFNlcnZpY2lvcyUyMElOU1BFQ0NJJUMzJTkzTiUzQyUyRmg1JTNF[\/vc_raw_html][vc_separator type=&#8221;normal&#8221; color=&#8221;#bcbcbc&#8221; thickness=&#8221;1&#8243; transparency=&#8221;0.4&#8243;][vc_raw_html]JTNDdWwlMjBjbGFzcyUzRCUyMm1lbnUtbGF0ZXJhbCUyMiUzRSUwQSUzQ2xpJTIwY2xhc3MlM0QlMjJ2b2x2ZXIlMjIlM0UlM0NhJTIwaHJlZiUzRCUyMmh0dHBzJTNBJTJGJTJGc2NpZnJhbmNlc2EuZnIlMkZlY3UtbGljZW5jaWFzLXVyYmFuaXN0aWNhcyUyRiUyMiUyMCUzRSUzQ2klMjBjbGFzcyUzRCUyMmZhJTIwZmEtYmFja3dhcmQlMjIlMjBhcmlhLWhpZGRlbiUzRCUyMnRydWUlMjIlM0UlM0MlMkZpJTNFJTIwRUNVJTIwTElDRU5DSUFTJTIwVVJCQU4lQzMlOERTVElDQVMlM0MlMkZhJTNFJTNDJTJGbGklM0UlMEElMEElM0NsaSUyMGNsYXNzJTNEJTIyc2luLWVubGFjZSUyMiUzRURFQ0xBUkNJJUMzJTkzTiUyMFJFU1BPTlNBQkxFJTNDJTJGbGklM0UlMEElM0NsaSUzRSUzQ2ElMjBocmVmJTNEJTIyaHR0cHMlM0ElMkYlMkZodHRwcyUzQSUyRiUyRnNjaWZyYW5jZXNhLmZyJTJGJTJGZWN1LWxpY2VuY2lhcy11cmJhbmlzdGljYXMlMkZsaWNlbmNpYXMtdXJiYW5pc3RpY2FzJTJGJTIyJTNFTElDRU5DSUElMjBVUkJBTklTVElDQSUzQyUyRmElM0UlM0MlMkZsaSUzRSUwQSUzQ2xpJTNFJTNDYSUyMGhyZWYlM0QlMjJodHRwcyUzQSUyRiUyRnNjaWZyYW5jZXNhLmZyJTJGd3AtY29udGVudCUyRnVwbG9hZHMlMkYyMDE1JTJGMTIlMkZ0YXJpZmFzX2VjdV8yMDE2LnBkZiUyMiUyMHRhcmdldCUzRCUyMl9ibGFuayUyMiUzRVRBUklGQVMlM0MlMkZhJTNFJTNDJTJGbGklM0UlMEElM0MlMkZ1bCUzRQ==[\/vc_raw_html][vc_empty_space][vc_raw_html]JTNDaDUlM0VDb250YWN0YSUyMGNvbiUyMG5vc290cm9zJTNDJTJGaDUlM0U=[\/vc_raw_html][vc_separator type=&#8221;normal&#8221; color=&#8221;#bcbcbc&#8221; thickness=&#8221;1&#8243; transparency=&#8221;0.4&#8243;][vc_widget_sidebar sidebar_id=&#8221;licensicas&#8221;][\/vc_column][vc_column width=&#8221;3\/4&#8243;][vc_row_inner row_type=&#8221;row&#8221; type=&#8221;full_width&#8221; text_align=&#8221;left&#8221; css_animation=&#8221;&#8221; css=&#8221;.vc_custom_1639654729177{background-color: #ffffff !important;}&#8221;][vc_column_inner css=&#8221;.vc_custom_1639654809595{padding-right: 45px !important;padding-left: 45px !important;background-color: #ffffff !important;}&#8221;][vc_column_text]<\/p>\n<h2 class=\"internas-titul\">PROCEDIMIENTO DE DECLARACI\u00d3N RESPONSABLE<\/h2>\n<div class=\"wpb_text_column wpb_content_element \">\n<div class=\"wpb_wrapper\">\n<p>Como consecuencia de los \u00faltimos cambios normativos en cuanto a la tramitaci\u00f3n de Apertura de Actividades en el Ayuntamiento de Madrid, la <strong>Declaraci\u00f3n Responsable es el procedimiento general para abrir, modificar o realizar obras en una actividad nueva o existente<\/strong>.<\/p>\n<p>La\u00a0<strong>Declaraci\u00f3n Responsable<\/strong> es un documento suscrito por un interesado en el que manifiesta, bajo su responsabilidad, que cumple con los requisitos establecidos por la normativa vigente para acceder al reconocimiento de un derecho o facultad o para su ejercicio, que dispone de la documentaci\u00f3n que as\u00ed lo acredita y que se compromete a mantener su cumplimiento durante el periodo de tiempo inherente a dicho reconocimiento o ejercicio.<\/p>\n<\/div>\n<\/div>\n<p>[\/vc_column_text][vc_empty_space][\/vc_column_inner][\/vc_row_inner][vc_empty_space][vc_row_inner row_type=&#8221;row&#8221; type=&#8221;full_width&#8221; text_align=&#8221;left&#8221; css_animation=&#8221;&#8221; css=&#8221;.vc_custom_1644228802235{padding-right: 0px !important;padding-left: 0px !important;background-color: #ffffff !important;}&#8221;][vc_column_inner css=&#8221;.vc_custom_1643712305357{padding-right: 0px !important;padding-left: 0px !important;}&#8221;][vc_gallery type=&#8221;image_grid&#8221; images=&#8221;1843,1844,1845&#8243; img_size=&#8221;350&#215;350&#8243; column_number=&#8221;3&#8243; grayscale=&#8221;no&#8221; images_space=&#8221;gallery_without_space&#8221;][\/vc_column_inner][\/vc_row_inner][vc_row_inner row_type=&#8221;row&#8221; type=&#8221;full_width&#8221; text_align=&#8221;left&#8221; css_animation=&#8221;&#8221; css=&#8221;.vc_custom_1644249545102{padding-right: 25px !important;padding-left: 25px !important;background-color: #ffffff !important;}&#8221;][vc_column_inner][vc_empty_space]<div class=\"qode-accordion-holder clearfix qode-toggle qode-initial \">\n\t<h2 class=\"clearfix qode-title-holder\">\n<span class=\"qode-tab-title\">\n\t    <span class=\"qode-tab-title-inner\">\n        1. ACTUACIONES SUJETAS A DECLARACI\u00d3N RESPONSABLE    <\/span>\n<\/span>\n<span class=\"qode-accordion-mark\">\n    <span class=\"qode-accordion-mark-icon\">\n        <span class=\"icon_plus\"><\/span>\n        <span class=\"icon_minus-06\"><\/span>\n    <\/span>\n<\/span>\n<\/h2>\n<div  class=\"qode-accordion-content \" >\n    <div class=\"qode-accordion-content-inner\">\n        [vc_column_text]Con car\u00e1cter general el ejercicio de actividades se someter\u00e1 a <strong>Declaraci\u00f3n Responsable<\/strong>, en particular las actividades reflejadas en el <strong>art. 14 de la OAAE:<\/strong><\/p>\n<ul class=\"una-lista\">\n<li><i class=\"fa fa-arrow-circle-o-right\" aria-hidden=\"true\"><\/i> La implantaci\u00f3n, modificaci\u00f3n y el ejercicio de actividades incluidas en el \u00e1mbito de aplicaci\u00f3n de la\u00a0<strong>Ley 2\/2012, de 12 de junio, de Dinamizaci\u00f3n de la Actividad Comercial en la Comunidad de Madrid<\/strong>, con la ejecuci\u00f3n de cualquier tipo de obras, incluidas las que requieren proyecto t\u00e9cnico de obra de edificaci\u00f3n de conformidad con lo establecido en el\u00a0<strong>art\u00edculo 2.2 de la Ley 38\/1999, de 5 de noviembre, de Ordenaci\u00f3n de la Edificaci\u00f3n, o sin obras<\/strong>.<\/li>\n<li><i class=\"fa fa-arrow-circle-o-right\" aria-hidden=\"true\"><\/i> La implantaci\u00f3n, modificaci\u00f3n y el ejercicio de actividades incluidas en el \u00e1mbito de aplicaci\u00f3n de la\u00a0<strong>Ley 12\/2012, de 26 de diciembre, de Medidas Urgentes de Liberalizaci\u00f3n del Comercio y de Determinados Servicios<\/strong>, no incluidas en el punto anterior, y las que se incorporan en el anexo I, con la ejecuci\u00f3n de obras que no requieran proyecto t\u00e9cnico de obra de edificaci\u00f3n de conformidad con lo establecido en el\u00a0<strong>art\u00edculo 2.2 de la Ley 38\/1999, de 5 de noviembre<\/strong>.<\/li>\n<li><i class=\"fa fa-arrow-circle-o-right\" aria-hidden=\"true\"><\/i> La implantaci\u00f3n, modificaci\u00f3n y el ejercicio de las actividades de espect\u00e1culos p\u00fablicos y recreativos, cuando voluntariamente lo elija el titular, de conformidad con lo establecido en la\u00a0<strong>disposici\u00f3n adicional novena de la Ley 17\/1997, de 4 de julio, de Espect\u00e1culos P\u00fablicos y Actividades Recreativas de la Comunidad de Madrid<\/strong>.<\/li>\n<li><i class=\"fa fa-arrow-circle-o-right\" aria-hidden=\"true\"><\/i> La implantaci\u00f3n y modificaci\u00f3n y el ejercicio de todas aquellas actividades no sometidas a licencia previa de conformidad con lo establecido en el art\u00edculo 25, con obras que no precisen proyecto t\u00e9cnico de obra de edificaci\u00f3n de acuerdo con lo establecido en el\u00a0<strong>art\u00edculo 2.2 de la Ley 38\/1999, de 5 de noviembre<\/strong>.<\/li>\n<li><i class=\"fa fa-arrow-circle-o-right\" aria-hidden=\"true\"><\/i> La ejecuci\u00f3n de obras que no precisen proyecto t\u00e9cnico de obra de edificaci\u00f3n de acuerdo con lo establecido en el\u00a0<strong>art\u00edculo 2.2 de la Ley 38\/1999, de 5 de noviembre<\/strong>, en cualquier actividad econ\u00f3mica con licencia o declaraci\u00f3n, siempre que no den lugar a la modificaci\u00f3n de las mismas de conformidad con lo dispuesto en el\u00a0<strong>art\u00edculo 10<\/strong>.<\/li>\n<\/ul>\n<p>As\u00ed mismo de acuerdo con el\u00a0<strong>Anexo I de la Ordenanza<\/strong>, las siguientes actividades pueden tramitarse por declaraci\u00f3n responsable cuando las obras precisas para ello no requieran proyecto de obra de edificaci\u00f3n, de conformidad con lo establecido en la\u00a0<strong>ley 38\/1999, de 5 de noviembre<\/strong>, de ordenaci\u00f3n de la edificaci\u00f3n:<\/p>\n<ul class=\"una-lista\">\n<li><i class=\"fa fa-arrow-circle-o-right\" aria-hidden=\"true\"><\/i> Almacenes para el servicio de distribuci\u00f3n de mercanc\u00edas e industrias no contaminantes ni peligrosas que no est\u00e9n incluidas en el art\u00edculo 25.<\/li>\n<li><i class=\"fa fa-arrow-circle-o-right\" aria-hidden=\"true\"><\/i> Consultas m\u00e9dicas no sometidas a evaluaci\u00f3n ambiental de actividad de acuerdo con el punto 23 del anexo III, sin hospitalizaci\u00f3n y cirug\u00eda menor y sin instalaciones de tratamiento o diagnosis de las indicadas en el art\u00edculo2.j) (radiolog\u00eda, radioterapia, medicina nuclear), \u00f3pticas, farmacias.<\/li>\n<li><i class=\"fa fa-arrow-circle-o-right\" aria-hidden=\"true\"><\/i> Gimnasios, instalaciones deportivas, piscinas sin grader\u00edo.<\/li>\n<li><i class=\"fa fa-arrow-circle-o-right\" aria-hidden=\"true\"><\/i> Cualquier clase de oficina.<\/li>\n<li><i class=\"fa fa-arrow-circle-o-right\" aria-hidden=\"true\"><\/i> Actividades comerciales y de servicio que ocupen los locales individuales en los mercados municipales gestionados en r\u00e9gimen de concesi\u00f3n.<\/li>\n<li><i class=\"fa fa-arrow-circle-o-right\" aria-hidden=\"true\"><\/i> Ampliaci\u00f3n de actividades existentes con otras compatibles con ella, siempre que estas \u00faltimas est\u00e9n dentro de las que pueden ser tramitadas por declaraci\u00f3n responsable. Se incluir\u00e1n las actividades complementarias.<\/li>\n<li><i class=\"fa fa-arrow-circle-o-right\" aria-hidden=\"true\"><\/i> Centros de transformaci\u00f3n en terreno privado.<\/li>\n<li><\/li>\n<\/ul>\n<p>[\/vc_column_text]    <\/div>\n<\/div><h2 class=\"clearfix qode-title-holder\">\n<span class=\"qode-tab-title\">\n\t    <span class=\"qode-tab-title-inner\">\n        2. ACTUACIONES NO SUJETAS A DECLARACI\u00d3N RESPONSABLE    <\/span>\n<\/span>\n<span class=\"qode-accordion-mark\">\n    <span class=\"qode-accordion-mark-icon\">\n        <span class=\"icon_plus\"><\/span>\n        <span class=\"icon_minus-06\"><\/span>\n    <\/span>\n<\/span>\n<\/h2>\n<div  class=\"qode-accordion-content \" >\n    <div class=\"qode-accordion-content-inner\">\n        [vc_column_text]Quedan\u00a0<strong>excluidas del r\u00e9gimen de declaraci\u00f3n responsable<\/strong>:<\/p>\n<ul class=\"una-lista\">\n<li><i class=\"fa fa-arrow-circle-o-right\" aria-hidden=\"true\"><\/i> Las actuaciones que conlleven <strong>uso privativo u ocupaci\u00f3n de los bienes de dominio p\u00fablico<\/strong>, excepto las actividades incluidas en el apartado 5 del anexo I.<\/li>\n<li><i class=\"fa fa-arrow-circle-o-right\" aria-hidden=\"true\"><\/i> Las <strong>actuaciones que afecten<\/strong> a inmuebles declarados como Bienes de Inter\u00e9s Cultural con declaraci\u00f3n individualizada, a los bienes incluidos a t\u00edtulo individual en el inventario de Bienes Culturales de la Comunidad de Madrid, as\u00ed como a los inmuebles catalogados dentro del nivel de m\u00e1xima protecci\u00f3n en el planeamiento urban\u00edstico aplicable, salvo que en los mismos ya se viniera desarrollando alguna actividad de las recogidas en el apartado 2, siempre y cuando no se afecten los elementos protegidos.<\/li>\n<li><i class=\"fa fa-arrow-circle-o-right\" aria-hidden=\"true\"><\/i> Las <strong>obras que requieran de un proyecto de obras de edificaci\u00f3n<\/strong>, de conformidad con la Ley 38\/1999, de 5 de noviembre, salvo en los casos indicados en la <strong>Ley 2\/2012, de 12 de junio, de Dinamizaci\u00f3n de la Actividad Comercial en la Comunidad de Madrid<\/strong><\/li>\n<li><i class=\"fa fa-arrow-circle-o-right\" aria-hidden=\"true\"><\/i> Las <strong>actuaciones<\/strong> que quedan <strong>sometidas a licencia previa.<\/strong><\/li>\n<\/ul>\n<p>[\/vc_column_text]    <\/div>\n<\/div><h2 class=\"clearfix qode-title-holder\">\n<span class=\"qode-tab-title\">\n\t    <span class=\"qode-tab-title-inner\">\n        3. TRAMITACI\u00d3N    <\/span>\n<\/span>\n<span class=\"qode-accordion-mark\">\n    <span class=\"qode-accordion-mark-icon\">\n        <span class=\"icon_plus\"><\/span>\n        <span class=\"icon_minus-06\"><\/span>\n    <\/span>\n<\/span>\n<\/h2>\n<div  class=\"qode-accordion-content \" >\n    <div class=\"qode-accordion-content-inner\">\n        [vc_column_text]<\/p>\n<ul class=\"una-lista\">\n<li><i class=\"fa fa-arrow-circle-o-right\" aria-hidden=\"true\"><\/i> El\u00a0<strong>interesado presentar\u00e1<\/strong>\u00a0en la <a href=\"https:\/\/scifrancesa.fr\/ecu-sci\/\"><strong><u>ECU <\/u><\/strong><strong><u>SCI<\/u> <\/strong><\/a>la <strong>solicitud<\/strong>\u00a0de\u00a0<strong>Declaraci\u00f3n Responsable<\/strong>\u00a0debidamente\u00a0<strong>cumplimentada<\/strong>, junto con el justificante de pago del precio, y la documentaci\u00f3n urban\u00edstica y t\u00e9cnica que acredite el cumplimiento y adecuaci\u00f3n de la actuaci\u00f3n de acuerdo con lo indicado en los\u00a0<strong> 16 y 17 de la OAAE<\/strong>\u00a0a ser posible de forma telem\u00e1tica<\/li>\n<li><i class=\"fa fa-arrow-circle-o-right\" aria-hidden=\"true\"><\/i> <strong>SCI dar\u00e1 de ALTA<\/strong> el expediente en su sistema inform\u00e1tico conectado en tiempo real con los <strong>servicios inform\u00e1ticos del<\/strong> <strong>Ayuntamiento de Madrid<\/strong>, registrando oficialmente de esta manera la hoja de solicitud junto con la documentaci\u00f3n que la acompa\u00f1a debidamente digitalizada y diligenciada.<\/li>\n<li><i class=\"fa fa-arrow-circle-o-right\" aria-hidden=\"true\"><\/i> Los efectos de la declaraci\u00f3n responsable se producir\u00e1n desde que la misma tenga entrada en el <strong>Registro del Ayuntamiento de Madrid.<\/strong><\/li>\n<li><i class=\"fa fa-arrow-circle-o-right\" aria-hidden=\"true\"><\/i> En el <strong>plazo de 10 d\u00edas<\/strong> desde el registro de la solicitud, SCI realizar\u00e1 la comprobaci\u00f3n formal de la documentaci\u00f3n y de si la misma est\u00e1 entre las que pueden ser tramitadas por este procedimiento.<\/li>\n<li><i class=\"fa fa-arrow-circle-o-right\" aria-hidden=\"true\"><\/i> Si el resultado de la comprobaci\u00f3n es <strong>favorable se emitir\u00e1 el certificado de conformidad que se registrar\u00e1 en el Ayuntamiento de Madrid<\/strong> junto con todos los documentos que acompa\u00f1an a la declaraci\u00f3n responsable<\/li>\n<li><i class=\"fa fa-arrow-circle-o-right\" aria-hidden=\"true\"><\/i> Si el resultado de la comprobaci\u00f3n es <strong>desfavorable<\/strong>, este hecho se <strong>comunicar\u00e1 al titular y al Ayuntamiento<\/strong>.<\/li>\n<li><i class=\"fa fa-arrow-circle-o-right\" aria-hidden=\"true\"><\/i> Una vez comunicada a <strong>SCI<\/strong> la fecha de inicio de la actividad, o en su caso, la fecha de terminaci\u00f3n de las obras, se <strong>comprobar\u00e1 materialmente la conformidad de la actuaci\u00f3n con la normativa aplicable<\/strong>. La visita de comprobaci\u00f3n se efectuar\u00e1 seg\u00fan la superficie de uso p\u00fablico de la actividad en el <strong>plazo m\u00e1ximo de 3 o 6 meses<\/strong> desde la fecha comunicada de inicio de actividad o de terminaci\u00f3n de las obras.<\/li>\n<li><i class=\"fa fa-arrow-circle-o-right\" aria-hidden=\"true\"><\/i> Del acto de comprobaci\u00f3n se levantar\u00e1 el correspondiente <strong>acta de inspecci\u00f3n<\/strong>, cuyo resultado podr\u00e1 ser, favorable, condicionado o desfavorable. Si es <strong>favorable<\/strong> se terminar\u00e1 el procedimiento, y si es <strong>desfavorable<\/strong> en funci\u00f3n de la naturaleza de las deficiencias se podr\u00e1 o no seguir desollando la actividad, si el informe es condicionado porque se hayan detectado deficiencias de car\u00e1cter no esencial para las que el interesado dispondr\u00e1 de un plazo m\u00e1ximo de tres meses para subsanarlas, o pudiendo llegar al cese de la actividad y a la imposici\u00f3n de sanciones por parte del <strong>Ayuntamiento de Madrid<\/strong> en el caso de que se detecten deficiencias esenciales.<\/li>\n<li><i class=\"fa fa-arrow-circle-o-right\" aria-hidden=\"true\"><\/i> En el caso de actividades de espect\u00e1culos p\u00fablicos y recreativas, la comprobaci\u00f3n material se realizar\u00e1 exclusivamente por los <strong>servicios t\u00e9cnicos municipales<\/strong>.<\/li>\n<\/ul>\n<p>[\/vc_column_text]    <\/div>\n<\/div><h2 class=\"clearfix qode-title-holder\">\n<span class=\"qode-tab-title\">\n\t    <span class=\"qode-tab-title-inner\">\n        4. DECLARACI\u00d3N RESPONSABLE CON INFORME DE ADECUACI\u00d3N A LA NORMATIVA APLICABLE    <\/span>\n<\/span>\n<span class=\"qode-accordion-mark\">\n    <span class=\"qode-accordion-mark-icon\">\n        <span class=\"icon_plus\"><\/span>\n        <span class=\"icon_minus-06\"><\/span>\n    <\/span>\n<\/span>\n<\/h2>\n<div  class=\"qode-accordion-content \" >\n    <div class=\"qode-accordion-content-inner\">\n        [vc_column_text]<\/p>\n<ul class=\"una-lista\">\n<li><i class=\"fa fa-arrow-circle-o-right\" aria-hidden=\"true\"><\/i> Antes de la presentaci\u00f3n formal de la Declaraci\u00f3n Responsable, el interesado podr\u00e1 solicitar a <strong>SCI<\/strong> de acuerdo con el <strong>17.3 de la OAAE<\/strong> y previo pago de la tarifa del procedimiento, la emisi\u00f3n de un informe de adecuaci\u00f3n a la normativa aplicable de la actuaci\u00f3n pretendida. Dicho informe no incrementar\u00e1 el coste de la tramitaci\u00f3n de la <strong>Declaraci\u00f3n Responsable.<\/strong><\/li>\n<li><i class=\"fa fa-arrow-circle-o-right\" aria-hidden=\"true\"><\/i> Para ello, <strong>SCI<\/strong> proceder\u00e1 a la revisi\u00f3n t\u00e9cnica y formal de la documentaci\u00f3n aportada, procediendo a indicar al cliente en caso necesario la documentaci\u00f3n que falta as\u00ed como aquellos extremos que necesiten ser modificados para adaptarse a la normativa urban\u00edstica de aplicaci\u00f3n.<\/li>\n<li><i class=\"fa fa-arrow-circle-o-right\" aria-hidden=\"true\"><\/i> <strong>SCI<\/strong> dispondr\u00e1 de un plazo de <strong>1 mes<\/strong> para la emisi\u00f3n del Informe, durante el cual realizar\u00e1 los requerimientos de subsanaci\u00f3n que sean necesarios de cara a la<strong> consecuci\u00f3n del informe favorable<\/strong>.<\/li>\n<li><i class=\"fa fa-arrow-circle-o-right\" aria-hidden=\"true\"><\/i> Una vez obtenido dicho informe favorable, se solicitar\u00e1 al interesado que env\u00ede la <strong>declaraci\u00f3n responsable debidamente cumplimentada y firmada<\/strong>.<\/li>\n<li><i class=\"fa fa-arrow-circle-o-right\" aria-hidden=\"true\"><\/i> Una vez recibida la <strong>Declaraci\u00f3n Responsable<\/strong>,<strong> SCI<\/strong> proceder\u00e1 a su registro ante el <strong>Ayuntamiento de Madrid<\/strong> junto toda la documentaci\u00f3n aportada, y a continuar el procedimiento general de emisi\u00f3n del certificado de conformidad correspondiente y a la realizaci\u00f3n posteriormente de la <strong>vista de comprobaci\u00f3n material.<\/strong><\/li>\n<\/ul>\n<p>[\/vc_column_text]    <\/div>\n<\/div><h2 class=\"clearfix qode-title-holder\">\n<span class=\"qode-tab-title\">\n\t    <span class=\"qode-tab-title-inner\">\n        5. NORMATIVA DE APLICACI\u00d3N Y DOCUMENTACI\u00d3N A PRESENTAR    <\/span>\n<\/span>\n<span class=\"qode-accordion-mark\">\n    <span class=\"qode-accordion-mark-icon\">\n        <span class=\"icon_plus\"><\/span>\n        <span class=\"icon_minus-06\"><\/span>\n    <\/span>\n<\/span>\n<\/h2>\n<div  class=\"qode-accordion-content \" >\n    <div class=\"qode-accordion-content-inner\">\n        [vc_column_text]En el momento de solicitarnos presupuesto de la actuaci\u00f3n pretendida la <strong>ECU SCI facilita todos los impresos y documentos que son necesarios cumplimentar para realizar el alta de los expedientes.<\/strong><\/p>\n<p>No obstante <strong>si usted desea descargarlos con anterioridad<\/strong> puede hacerlo desde la <strong>p\u00e1gina del Ayuntamiento de Madrid<\/strong>.<\/p>\n<ul class=\"una-lista\">\n<li><i class=\"fa fa-arrow-circle-o-right\" aria-hidden=\"true\"><\/i> Instancia General<\/li>\n<li><i class=\"fa fa-arrow-circle-o-right\" aria-hidden=\"true\"><\/i> Solicitud de Consultas Urban\u00edsticas<\/li>\n<li><i class=\"fa fa-arrow-circle-o-right\" aria-hidden=\"true\"><\/i> Solicitud de Declaraci\u00f3n Responsable<\/li>\n<li><i class=\"fa fa-arrow-circle-o-right\" aria-hidden=\"true\"><\/i> Impuesto sobre Construcciones, Instalaciones y Obras (ICIO)<\/li>\n<li><i class=\"fa fa-arrow-circle-o-right\" aria-hidden=\"true\"><\/i> Solicitud de ocupaci\u00f3n de v\u00eda p\u00fablica (sacos, contenedores, vallas, etc.)<\/li>\n<\/ul>\n<p>Adem\u00e1s podr\u00e1 consultar la <strong>Normativa de Aplicaci\u00f3n<\/strong> correspondiente a las actuaciones pretendida en <a href=\"http:\/\/www.madrid.es\/portales\/munimadrid\/es\/Inicio\/Vivienda-y-urbanismo\/Urbanismo\/Normativa?vgnextfmt=default&amp;vgnextchannel=097ac8eb248fe410VgnVCM1000000b205a0aRCRD\" target=\"_blank\" rel=\"noopener\">este enlace.<\/a>[\/vc_column_text]    <\/div>\n<\/div><\/div>[vc_empty_space][\/vc_column_inner][\/vc_row_inner][\/vc_column][\/vc_row][vc_row css_animation=&#8221;&#8221; row_type=&#8221;row&#8221; use_row_as_full_screen_section=&#8221;no&#8221; type=&#8221;full_width&#8221; angled_section=&#8221;no&#8221; text_align=&#8221;left&#8221; background_image_as_pattern=&#8221;without_pattern&#8221;][vc_column][vc_empty_space height=&#8221;64px&#8221;][\/vc_column][\/vc_row]<\/p>\n<\/div>","protected":false},"excerpt":{"rendered":"<p>[vc_row css_animation=&#8221;&#8221; row_type=&#8221;row&#8221; use_row_as_full_screen_section=&#8221;no&#8221; type=&#8221;full_width&#8221; angled_section=&#8221;no&#8221; text_align=&#8221;left&#8221; background_image_as_pattern=&#8221;without_pattern&#8221;][vc_column width=&#8221;1\/4&#8243;][vc_raw_html]JTNDaDUlM0VEZXNjYXJnYXMlM0MlMkZoNSUzRQ==[\/vc_raw_html][vc_separator type=&#8221;normal&#8221; color=&#8221;#bcbcbc&#8221; thickness=&#8221;1&#8243; transparency=&#8221;0.4&#8243;][vc_raw_html]JTNDYSUyMCUyMHRhcmdldCUzRCUyMl9ibGFuayUyMiUyMGNsYXNzJTNEJTIyZm9sbGV0by11bm8lMjIlMjBocmVmJTNEJTIyaHR0cHMlM0ElMkYlMkZzY2lmcmFuY2VzYS5mciUyRndwLWNvbnRlbnQlMkZ1cGxvYWRzJTJGMjAyMiUyRjAyJTJGZGVjbGFyYWNpb25yZXNwb25zYWJsZS5wZGYlMjIlM0UlM0NkaXYlMjBjbGFzcyUzRCUyMmZvbGxldG8lMjIlM0UlMEElM0NpbWclMjBjbGFzcyUzRCUyMmljb25vJTIyJTIwc3JjJTNEJTIyaHR0cHMlM0ElMkYlMkZzY2lmcmFuY2VzYS5mciUyRndwLWNvbnRlbnQlMkZ1cGxvYWRzJTJGMjAyMSUyRjEyJTJGZG93bmxvYWQtZmlsZS0xLnBuZyUyMiUyRiUzRSUwQSUzQ3AlMjBjbGFzcyUzRCUyMnRleHRvJTIyJTNFREVDTEFSQUNJJUMzJTkzTiUyMFJFU1BPTlNBQkxFJTNDJTJGcCUzRSUwQSUwQSUzQyUyRmRpdiUzRSUzQyUyRmElM0U=[\/vc_raw_html][vc_empty_space][vc_raw_html]JTNDaDUlM0VPdHJvcyUyMFNlcnZpY2lvcyUyMElOU1BFQ0NJJUMzJTkzTiUzQyUyRmg1JTNF[\/vc_raw_html][vc_separator type=&#8221;normal&#8221; color=&#8221;#bcbcbc&#8221; thickness=&#8221;1&#8243; transparency=&#8221;0.4&#8243;][vc_raw_html]JTNDdWwlMjBjbGFzcyUzRCUyMm1lbnUtbGF0ZXJhbCUyMiUzRSUwQSUzQ2xpJTIwY2xhc3MlM0QlMjJ2b2x2ZXIlMjIlM0UlM0NhJTIwaHJlZiUzRCUyMmh0dHBzJTNBJTJGJTJGc2NpZnJhbmNlc2EuZnIlMkZlY3UtbGljZW5jaWFzLXVyYmFuaXN0aWNhcyUyRiUyMiUyMCUzRSUzQ2klMjBjbGFzcyUzRCUyMmZhJTIwZmEtYmFja3dhcmQlMjIlMjBhcmlhLWhpZGRlbiUzRCUyMnRydWUlMjIlM0UlM0MlMkZpJTNFJTIwRUNVJTIwTElDRU5DSUFTJTIwVVJCQU4lQzMlOERTVElDQVMlM0MlMkZhJTNFJTNDJTJGbGklM0UlMEElMEElM0NsaSUyMGNsYXNzJTNEJTIyc2luLWVubGFjZSUyMiUzRURFQ0xBUkNJJUMzJTkzTiUyMFJFU1BPTlNBQkxFJTNDJTJGbGklM0UlMEElM0NsaSUzRSUzQ2ElMjBocmVmJTNEJTIyaHR0cHMlM0ElMkYlMkZodHRwcyUzQSUyRiUyRnNjaWZyYW5jZXNhLmZyJTJGJTJGZWN1LWxpY2VuY2lhcy11cmJhbmlzdGljYXMlMkZsaWNlbmNpYXMtdXJiYW5pc3RpY2FzJTJGJTIyJTNFTElDRU5DSUElMjBVUkJBTklTVElDQSUzQyUyRmElM0UlM0MlMkZsaSUzRSUwQSUzQ2xpJTNFJTNDYSUyMGhyZWYlM0QlMjJodHRwcyUzQSUyRiUyRnNjaWZyYW5jZXNhLmZyJTJGd3AtY29udGVudCUyRnVwbG9hZHMlMkYyMDE1JTJGMTIlMkZ0YXJpZmFzX2VjdV8yMDE2LnBkZiUyMiUyMHRhcmdldCUzRCUyMl9ibGFuayUyMiUzRVRBUklGQVMlM0MlMkZhJTNFJTNDJTJGbGklM0UlMEElM0MlMkZ1bCUzRQ==[\/vc_raw_html][vc_empty_space][vc_raw_html]JTNDaDUlM0VDb250YWN0YSUyMGNvbiUyMG5vc290cm9zJTNDJTJGaDUlM0U=[\/vc_raw_html][vc_separator type=&#8221;normal&#8221; color=&#8221;#bcbcbc&#8221; thickness=&#8221;1&#8243; transparency=&#8221;0.4&#8243;][vc_widget_sidebar sidebar_id=&#8221;licensicas&#8221;][\/vc_column][vc_column width=&#8221;3\/4&#8243;][vc_row_inner row_type=&#8221;row&#8221; type=&#8221;full_width&#8221; text_align=&#8221;left&#8221; css_animation=&#8221;&#8221; css=&#8221;.vc_custom_1639654729177{background-color: #ffffff !important;}&#8221;][vc_column_inner css=&#8221;.vc_custom_1639654809595{padding-right: 45px !important;padding-left: 45px !important;background-color: #ffffff !important;}&#8221;][vc_column_text] PROCEDIMIENTO DE DECLARACI\u00d3N RESPONSABLE Como consecuencia de los&#8230;<\/p>\n","protected":false},"author":1,"featured_media":0,"parent":57623,"menu_order":0,"comment_status":"closed","ping_status":"closed","template":"","meta":{"footnotes":""},"class_list":["post-57674","page","type-page","status-publish","hentry"],"_links":{"self":[{"href":"https:\/\/scifrancesa.fr\/en\/wp-json\/wp\/v2\/pages\/57674","targetHints":{"allow":["GET"]}}],"collection":[{"href":"https:\/\/scifrancesa.fr\/en\/wp-json\/wp\/v2\/pages"}],"about":[{"href":"https:\/\/scifrancesa.fr\/en\/wp-json\/wp\/v2\/types\/page"}],"author":[{"embeddable":true,"href":"https:\/\/scifrancesa.fr\/en\/wp-json\/wp\/v2\/users\/1"}],"replies":[{"embeddable":true,"href":"https:\/\/scifrancesa.fr\/en\/wp-json\/wp\/v2\/comments?post=57674"}],"version-history":[{"count":5,"href":"https:\/\/scifrancesa.fr\/en\/wp-json\/wp\/v2\/pages\/57674\/revisions"}],"predecessor-version":[{"id":58396,"href":"https:\/\/scifrancesa.fr\/en\/wp-json\/wp\/v2\/pages\/57674\/revisions\/58396"}],"up":[{"embeddable":true,"href":"https:\/\/scifrancesa.fr\/en\/wp-json\/wp\/v2\/pages\/57623"}],"wp:attachment":[{"href":"https:\/\/scifrancesa.fr\/en\/wp-json\/wp\/v2\/media?parent=57674"}],"curies":[{"name":"wp","href":"https:\/\/api.w.org\/{rel}","templated":true}]}}