{"id":21,"date":"2021-11-29T11:11:16","date_gmt":"2021-11-29T11:11:16","guid":{"rendered":"http:\/\/scisa.providersweb.es\/?page_id=21"},"modified":"2023-02-22T13:34:35","modified_gmt":"2023-02-22T13:34:35","slug":"ensayos-no-destructivos-y-laboratorio-metalurgico","status":"publish","type":"page","link":"https:\/\/scifrancesa.fr\/es\/ensayos-no-destructivos-y-laboratorio-metalurgico\/","title":{"rendered":"Ensayos no destructivos y Laboratorio Metal\u00fargico"},"content":{"rendered":"<div class=\"wpb-content-wrapper\"><p>[vc_row css_animation=\u00bb\u00bb row_type=\u00bbrow\u00bb use_row_as_full_screen_section=\u00bbno\u00bb type=\u00bbfull_width\u00bb angled_section=\u00bbno\u00bb text_align=\u00bbleft\u00bb background_image_as_pattern=\u00bbwithout_pattern\u00bb][vc_column width=\u00bb1\/4&#8243;][vc_column_text]<\/p>\n<ul class=\"menu-lateral\">\n<li class=\"volver\"><a href=\"https:\/\/scifrancesa.fr\/es\/ensayos-no-destructivos-y-laboratorio-metalurgico\/\"><i class=\"fa fa-backward\" aria-hidden=\"true\"><\/i> ENSAYOS NO DESTRUCTIVOS<\/a><\/li>\n<li><a href=\"https:\/\/scifrancesa.fr\/es\/ensayos-no-destructivos-y-laboratorio-metalurgico\/#radiografia-industrial\">ENSAYOS POR RADIOGRAF\u00cdA INDUSTRIAL<\/a><\/li>\n<li><a href=\"https:\/\/scifrancesa.fr\/es\/ensayos-no-destructivos-y-laboratorio-metalurgico\/#ensayos-ultrasonidos\">ENSAYOS POR ULTRASONIDOS<\/a><\/li>\n<li><a href=\"https:\/\/scifrancesa.fr\/es\/ensayos-no-destructivos-y-laboratorio-metalurgico\/#particulas-magneticas\">ENSAYOS POR PART\u00cdCULAS MAGN\u00c9TICAS<\/a><\/li>\n<li><a href=\"https:\/\/scifrancesa.fr\/es\/ensayos-no-destructivos-y-laboratorio-metalurgico\/#liquidos-penetrantes\">ENSAYOS POR L\u00cdQUIDOS PENETRANTES<\/a><\/li>\n<li><a href=\"https:\/\/scifrancesa.fr\/es\/ensayos-no-destructivos-y-laboratorio-metalurgico\/#fugas-helio\">PRUEBAS DE FUGAS DE HELIO<\/a><\/li>\n<li><a href=\"https:\/\/scifrancesa.fr\/es\/ensayos-no-destructivos-y-laboratorio-metalurgico\/#soldadura-torres\">INSPECCI\u00d3N DE SOLDADURA DE TORRES E\u00d3LICAS<\/a><\/li>\n<li><a href=\"https:\/\/scifrancesa.fr\/es\/ensayos-no-destructivos-y-laboratorio-metalurgico\/#corrosion-ultasonido\">INSPECCI\u00d3N DE CORROSI\u00d3N POR ULTRASONIDOS<\/a><\/li>\n<li><a href=\"https:\/\/scifrancesa.fr\/es\/ensayos-no-destructivos-y-laboratorio-metalurgico\/#otros-ensayos\">OTROS ENSAYOS NO DESTRUCTIVOS<\/a><\/li>\n<li><a href=\"https:\/\/scifrancesa.fr\/es\/ensayos-no-destructivos-y-laboratorio-metalurgico\/#aplicados-pipelines\">ENSAYOS APLICADOS A PIPELINES Y GRANDES TANQUES DE ALMACENAMIENTO<\/a><\/li>\n<\/ul>\n<p>[\/vc_column_text][vc_empty_space][vc_raw_html]JTNDaDUlM0VDb250YWN0YSUyMGNvbiUyMG5vc290cm9zJTNDJTJGaDUlM0U=[\/vc_raw_html][vc_separator type=\u00bbnormal\u00bb color=\u00bb#bcbcbc\u00bb thickness=\u00bb1&#8243; transparency=\u00bb0.4&#8243;][vc_widget_sidebar sidebar_id=\u00bbsidebar-blog\u00bb][\/vc_column][vc_column width=\u00bb3\/4&#8243;][vc_row_inner row_type=\u00bbrow\u00bb type=\u00bbfull_width\u00bb text_align=\u00bbleft\u00bb css_animation=\u00bb\u00bb el_id=\u00bbradiografia-industrial\u00bb][vc_column_inner][\/vc_column_inner][\/vc_row_inner][qode_elements_holder background_color=\u00bb#ffffff\u00bb number_of_columns=\u00bbtwo_columns\u00bb switch_to_one_column=\u00bb768&#8243; alignment_one_column=\u00bbcenter\u00bb][qode_elements_holder_item vertical_alignment=\u00bbmiddle\u00bb horizontal_alignment=\u00bbcenter\u00bb advanced_animations=\u00bbno\u00bb][vc_single_image image=\u00bb780&#8243; img_size=\u00bbfull\u00bb qode_css_animation=\u00bb\u00bb el_class=\u00bbaltura-plis\u00bb][\/qode_elements_holder_item][qode_elements_holder_item vertical_alignment=\u00bbmiddle\u00bb advanced_animations=\u00bbno\u00bb item_padding=\u00bb15px 35px 15px 35px\u00bb][vc_column_text]<\/p>\n<h2 class=\"titulo-flecha\">ENSAYOS POR RADIOGRAF\u00cdA INDUSTRIAL<\/h2>\n<p>La\u00a0<strong>Radiograf\u00eda industrial<\/strong>\u00a0es un\u00a0<strong>Ensayo No Destructivo<\/strong>\u00a0que consiste en atravesar el componente a ensayar con un haz de radiaci\u00f3n electromagn\u00e9tica ionizante (rayos gamma o rayos X).<\/p>\n<p>Esta radiaci\u00f3n ser\u00e1 m\u00e1s o menos absorbida por las discontinuidades internas de la pieza, llegando a la otra cara de la misma, con una intensidad de radiaci\u00f3n distinta, e impresionando una\u00a0<strong>pel\u00edcula radiogr\u00e1fica<\/strong>, la cual, una vez revelada muestra la localizaci\u00f3n de dichas discontinuidades.<\/p>\n<p>&nbsp;<\/p>\n<div class=\"menu-caja\">\n<div><a href=\"https:\/\/scifrancesa.fr\/controles-non-destructifs-et-laboratoire-de-metallurgie\/\">Ir a la p\u00e1gina<\/a><\/div>\n<\/div>\n<p>[\/vc_column_text][vc_empty_space]<a  itemprop=\"url\" href=\"https:\/\/scifrancesa.fr\/es\/contacto\/\" target=\"_self\" data-hover-border-color=\"#000000\" data-hover-color=\"#ffffff\" class=\"qbutton  medium white default derecha\" style=\"color: #000000; border-color: #757575; \">Contacta con nosotros<\/a>[vc_empty_space][\/qode_elements_holder_item][\/qode_elements_holder][vc_row_inner row_type=\u00bbrow\u00bb type=\u00bbfull_width\u00bb text_align=\u00bbleft\u00bb css_animation=\u00bb\u00bb el_id=\u00bbensayos-ultrasonidos\u00bb][vc_column_inner][vc_empty_space][\/vc_column_inner][\/vc_row_inner][qode_elements_holder background_color=\u00bb#ffffff\u00bb number_of_columns=\u00bbtwo_columns\u00bb switch_to_one_column=\u00bb768&#8243; alignment_one_column=\u00bbcenter\u00bb][qode_elements_holder_item vertical_alignment=\u00bbmiddle\u00bb advanced_animations=\u00bbno\u00bb item_padding=\u00bb15px 35px 15px 35px\u00bb][vc_column_text]<\/p>\n<h2 class=\"titulo-flecha\">ENSAYOS POR ULTRASONIDOS<\/h2>\n<p>El\u00a0<strong>Ensayo por Ultrasonidos<\/strong>\u00a0es un m\u00e9todo de\u00a0<a href=\"https:\/\/scifrancesa.fr\/es\/ensayos-no-destructivos-y-laboratorio-metalurgico\/\">ensayo no destructivo<\/a>\u00a0que se fundamenta en el fen\u00f3meno de la reflexi\u00f3n de las\u00a0<strong>ondas ac\u00fasticas<\/strong>\u00a0cuando se encuentran con discontinuidades\u00a0en su propagaci\u00f3n. La onda ser\u00e1 reflejada hasta su fuente de generaci\u00f3n si la discontinuidad\u00a0se encuentra en una posici\u00f3n normal en relaci\u00f3n al haz incidente.<\/p>\n<div class=\"menu-caja\">\n<div><a href=\"https:\/\/scifrancesa.fr\/controles-non-destructifs-et-laboratoire-de-metallurgie\/controles-par-ultrasons\/\">Ir a la p\u00e1gina<\/a><\/div>\n<\/div>\n<p>[\/vc_column_text][vc_empty_space]<a  itemprop=\"url\" href=\"https:\/\/scifrancesa.fr\/es\/contacto\/\" target=\"_self\" data-hover-border-color=\"#000000\" data-hover-color=\"#ffffff\" class=\"qbutton  medium white default derecha\" style=\"color: #000000; border-color: #757575; \">Contacta con nosotros<\/a>[vc_empty_space][\/qode_elements_holder_item][qode_elements_holder_item vertical_alignment=\u00bbmiddle\u00bb horizontal_alignment=\u00bbcenter\u00bb advanced_animations=\u00bbno\u00bb][vc_single_image image=\u00bb871&#8243; img_size=\u00bbfull\u00bb qode_css_animation=\u00bb\u00bb el_class=\u00bbaltura-plis\u00bb][\/qode_elements_holder_item][\/qode_elements_holder][vc_row_inner row_type=\u00bbrow\u00bb type=\u00bbfull_width\u00bb text_align=\u00bbleft\u00bb css_animation=\u00bb\u00bb el_id=\u00bbparticulas-magneticas\u00bb][vc_column_inner][vc_empty_space][\/vc_column_inner][\/vc_row_inner][qode_elements_holder background_color=\u00bb#ffffff\u00bb number_of_columns=\u00bbtwo_columns\u00bb switch_to_one_column=\u00bb768&#8243; alignment_one_column=\u00bbcenter\u00bb][qode_elements_holder_item vertical_alignment=\u00bbmiddle\u00bb horizontal_alignment=\u00bbcenter\u00bb advanced_animations=\u00bbno\u00bb][vc_single_image image=\u00bb897&#8243; img_size=\u00bbfull\u00bb qode_css_animation=\u00bb\u00bb el_class=\u00bbaltura-plis\u00bb][\/qode_elements_holder_item][qode_elements_holder_item vertical_alignment=\u00bbmiddle\u00bb advanced_animations=\u00bbno\u00bb item_padding=\u00bb15px 35px 15px 35px\u00bb][vc_column_text]<\/p>\n<h2 class=\"titulo-flecha\">ENSAYOS POR PART\u00cdCULAS MAGN\u00c9TICAS<\/h2>\n<p>Estos ensayos tienen la misi\u00f3n de detectar en una pieza las posibles discontinuidades (en\u00a0<strong>materiales ferromagn\u00e9ticos<\/strong>) que haya no solo en la superficie, sino tambi\u00e9n en las proximidades de ella (<strong>discontinuidades subsuperficiales<\/strong>).<\/p>\n<div class=\"menu-caja\">\n<div><a href=\"https:\/\/scifrancesa.fr\/es\/ensayos-no-destructivos-y-laboratorio-metalurgico\/ensayos-por-particulas-magneticas\/\">Ir a la p\u00e1gina<\/a><\/div>\n<\/div>\n<p>[\/vc_column_text][vc_empty_space]<a  itemprop=\"url\" href=\"https:\/\/scifrancesa.fr\/es\/contacto\/\" target=\"_self\" data-hover-border-color=\"#000000\" data-hover-color=\"#ffffff\" class=\"qbutton  medium white default derecha\" style=\"color: #000000; border-color: #757575; \">Contacta con nosotros<\/a>[\/qode_elements_holder_item][\/qode_elements_holder][vc_row_inner row_type=\u00bbrow\u00bb type=\u00bbfull_width\u00bb text_align=\u00bbleft\u00bb css_animation=\u00bb\u00bb el_id=\u00bbliquidos-penetrantes\u00bb][vc_column_inner][\/vc_column_inner][\/vc_row_inner][vc_empty_space][qode_elements_holder background_color=\u00bb#ffffff\u00bb number_of_columns=\u00bbtwo_columns\u00bb switch_to_one_column=\u00bb768&#8243; alignment_one_column=\u00bbcenter\u00bb][qode_elements_holder_item vertical_alignment=\u00bbmiddle\u00bb advanced_animations=\u00bbno\u00bb item_padding=\u00bb15px 35px 15px 35px\u00bb][vc_column_text]<\/p>\n<h2 class=\"titulo-flecha\">ENSAYOS POR L\u00cdQUIDOS PENETRANTES<\/h2>\n<p>Los\u00a0<strong>Ensayos mediante L\u00edquidos Penetrantes<\/strong>\u00a0son un tipo de\u00a0<strong>Ensayo No Destructivo<\/strong>\u00a0con el que se consiguen detectar imperfecciones superficiales en materiales no porosos tanto en materiales met\u00e1licos con en materiales no met\u00e1licos.<\/p>\n<div class=\"menu-caja\">\n<div><a href=\"https:\/\/scifrancesa.fr\/es\/ensayos-no-destructivos-y-laboratorio-metalurgico\/ensayos-por-liquidos-penetrantes\/\">Ir a la p\u00e1gina<\/a><\/div>\n<\/div>\n<p>[\/vc_column_text][vc_empty_space]<a  itemprop=\"url\" href=\"https:\/\/scifrancesa.fr\/es\/contacto\/\" target=\"_self\" data-hover-border-color=\"#000000\" data-hover-color=\"#ffffff\" class=\"qbutton  medium white default derecha\" style=\"color: #000000; border-color: #757575; \">Contacta con nosotros<\/a>[\/qode_elements_holder_item][qode_elements_holder_item vertical_alignment=\u00bbmiddle\u00bb horizontal_alignment=\u00bbcenter\u00bb advanced_animations=\u00bbno\u00bb][vc_single_image image=\u00bb939&#8243; img_size=\u00bbfull\u00bb qode_css_animation=\u00bb\u00bb el_class=\u00bbaltura-plis\u00bb][\/qode_elements_holder_item][\/qode_elements_holder][vc_row_inner row_type=\u00bbrow\u00bb type=\u00bbfull_width\u00bb text_align=\u00bbleft\u00bb css_animation=\u00bb\u00bb el_id=\u00bbfugas-helio\u00bb][vc_column_inner][vc_empty_space][\/vc_column_inner][\/vc_row_inner][qode_elements_holder background_color=\u00bb#ffffff\u00bb number_of_columns=\u00bbtwo_columns\u00bb switch_to_one_column=\u00bb768&#8243; alignment_one_column=\u00bbcenter\u00bb][qode_elements_holder_item vertical_alignment=\u00bbmiddle\u00bb horizontal_alignment=\u00bbcenter\u00bb advanced_animations=\u00bbno\u00bb][vc_single_image image=\u00bb55941&#8243; img_size=\u00bbfull\u00bb qode_css_animation=\u00bb\u00bb el_class=\u00bbaltura-plis\u00bb][\/qode_elements_holder_item][qode_elements_holder_item vertical_alignment=\u00bbmiddle\u00bb advanced_animations=\u00bbno\u00bb item_padding=\u00bb15px 35px 15px 35px\u00bb][vc_column_text]<\/p>\n<h2 class=\"titulo-flecha\">PRUEBAS DE FUGAS DE HELIO<\/h2>\n<p><strong>SCI<\/strong>\u00a0dispone de los medios para realizar las siguientes pruebas de<em><strong><br \/>\nfugas con helio&#8230;<\/strong><\/em><\/p>\n<div class=\"menu-caja\">\n<div><a href=\"https:\/\/scifrancesa.fr\/es\/ensayos-no-destructivos-y-laboratorio-metalurgico\/pruebas-de-fugas-de-helio\/\">Ir a la p\u00e1gina<\/a><\/div>\n<\/div>\n<p>[\/vc_column_text][vc_empty_space]<a  itemprop=\"url\" href=\"https:\/\/scifrancesa.fr\/es\/contacto\/\" target=\"_self\" data-hover-border-color=\"#000000\" data-hover-color=\"#ffffff\" class=\"qbutton  medium white default derecha\" style=\"color: #000000; border-color: #757575; \">Contacta con nosotros<\/a>[\/qode_elements_holder_item][\/qode_elements_holder][vc_row_inner row_type=\u00bbrow\u00bb type=\u00bbfull_width\u00bb text_align=\u00bbleft\u00bb css_animation=\u00bb\u00bb el_id=\u00bbsoldadura-torres\u00bb][vc_column_inner][vc_empty_space][\/vc_column_inner][\/vc_row_inner][qode_elements_holder background_color=\u00bb#ffffff\u00bb number_of_columns=\u00bbtwo_columns\u00bb switch_to_one_column=\u00bb768&#8243; alignment_one_column=\u00bbcenter\u00bb][qode_elements_holder_item vertical_alignment=\u00bbmiddle\u00bb advanced_animations=\u00bbno\u00bb item_padding=\u00bb15px 35px 15px 35px\u00bb][vc_column_text]<\/p>\n<h2 class=\"titulo-flecha\">INSPECCI\u00d3N DE SOLDADURA DE TORRES E\u00d3LICAS<\/h2>\n<p>Las inspecciones reglamentarias en el \u00e1rea el\u00e9ctrica y las auditor\u00edas de eficiencia energ\u00e9tica en empresas son especialidad de\u00a0<a href=\"https:\/\/scifrancesa.fr\/\" target=\"_blank\" rel=\"noopener\">SCI<\/a>. Contamos con especialistas en realizar estas tareas as\u00ed como en asesorar a los propios inspectores, etc.<\/p>\n<p>Las labores de inspecci\u00f3n son fundamentales ya que estos suelen ser los que tienen la \u00faltima palabra para decidir si algo est\u00e1 bien y cumple con la normativa.<\/p>\n<div class=\"menu-caja\">\n<div><a href=\"https:\/\/scifrancesa.fr\/es\/ensayos-no-destructivos-y-laboratorio-metalurgico\/inspeccion-de-soldadura-de-torres-eolicas\/\">Ir a la p\u00e1gina<\/a><\/div>\n<\/div>\n<p>[\/vc_column_text][vc_empty_space]<a  itemprop=\"url\" href=\"https:\/\/scifrancesa.fr\/es\/contacto\/\" target=\"_self\" data-hover-border-color=\"#000000\" data-hover-color=\"#ffffff\" class=\"qbutton  medium white default derecha\" style=\"color: #000000; border-color: #757575; \">Contacta con nosotros<\/a>[vc_empty_space][\/qode_elements_holder_item][qode_elements_holder_item vertical_alignment=\u00bbmiddle\u00bb horizontal_alignment=\u00bbcenter\u00bb advanced_animations=\u00bbno\u00bb][vc_single_image image=\u00bb1957&#8243; img_size=\u00bbfull\u00bb qode_css_animation=\u00bb\u00bb el_class=\u00bbaltura-plis\u00bb][\/qode_elements_holder_item][\/qode_elements_holder][vc_row_inner row_type=\u00bbrow\u00bb type=\u00bbfull_width\u00bb text_align=\u00bbleft\u00bb css_animation=\u00bb\u00bb el_id=\u00bbcorrosion-ultasonido\u00bb][vc_column_inner][vc_empty_space][\/vc_column_inner][\/vc_row_inner][qode_elements_holder background_color=\u00bb#ffffff\u00bb number_of_columns=\u00bbtwo_columns\u00bb switch_to_one_column=\u00bb768&#8243; alignment_one_column=\u00bbcenter\u00bb][qode_elements_holder_item vertical_alignment=\u00bbmiddle\u00bb horizontal_alignment=\u00bbcenter\u00bb advanced_animations=\u00bbno\u00bb][vc_single_image image=\u00bb55940&#8243; img_size=\u00bbfull\u00bb qode_css_animation=\u00bb\u00bb el_class=\u00bbaltura-plis\u00bb][\/qode_elements_holder_item][qode_elements_holder_item vertical_alignment=\u00bbmiddle\u00bb advanced_animations=\u00bbno\u00bb item_padding=\u00bb15px 35px 15px 35px\u00bb][vc_column_text]<\/p>\n<h2>INSPECCI\u00d3N DE CORROSI\u00d3N POR ULTRASONIDOS<\/h2>\n<p>Durante el\u00a0<strong>proceso productivo<\/strong>, las industrias est\u00e1n expuestas a un problema particularmente importante, las\u00a0<strong>superficies met\u00e1licas de tuber\u00edas<\/strong>, las calderas y los tanques est\u00e1n sujetos a sufrir corrosi\u00f3n.<\/p>\n<div class=\"menu-caja\">\n<div><a href=\"https:\/\/scifrancesa.fr\/es\/ensayos-no-destructivos-y-laboratorio-metalurgico\/inspeccion-de-corrosion-por-ultrasonidos\/\">Ir a la p\u00e1gina<\/a><\/div>\n<\/div>\n<p>[\/vc_column_text][vc_empty_space]<a  itemprop=\"url\" href=\"https:\/\/scifrancesa.fr\/es\/contacto\/\" target=\"_self\" data-hover-border-color=\"#000000\" data-hover-color=\"#ffffff\" class=\"qbutton  medium white default derecha\" style=\"color: #000000; border-color: #757575; \">Contacta con nosotros<\/a>[vc_empty_space][\/qode_elements_holder_item][\/qode_elements_holder][vc_row_inner row_type=\u00bbrow\u00bb type=\u00bbfull_width\u00bb text_align=\u00bbleft\u00bb css_animation=\u00bb\u00bb el_id=\u00bbotros-ensayos\u00bb][vc_column_inner][\/vc_column_inner][\/vc_row_inner][vc_empty_space][qode_elements_holder background_color=\u00bb#ffffff\u00bb number_of_columns=\u00bbtwo_columns\u00bb switch_to_one_column=\u00bb768&#8243; alignment_one_column=\u00bbcenter\u00bb][qode_elements_holder_item vertical_alignment=\u00bbmiddle\u00bb advanced_animations=\u00bbno\u00bb item_padding=\u00bb15px 35px 15px 35px\u00bb][vc_column_text]<\/p>\n<h2 class=\"titulo-flecha\">OTROS ENSAYOS NO DESTRUCTIVOS<\/h2>\n<p>Las inspecciones reglamentarias en el \u00e1rea el\u00e9ctrica y las auditor\u00edas de eficiencia energ\u00e9tica en empresas son especialidad de\u00a0<a href=\"https:\/\/scifrancesa.fr\/\" target=\"_blank\" rel=\"noopener\">SCI<\/a>. Contamos con especialistas en realizar estas tareas as\u00ed como en asesorar a los propios inspectores, etc.<\/p>\n<p>Las labores de inspecci\u00f3n son fundamentales ya que estos suelen ser los que tienen la \u00faltima palabra para decidir si algo est\u00e1 bien y cumple con la normativa.<\/p>\n<div class=\"menu-caja\">\n<div><a href=\"https:\/\/scifrancesa.fr\/es\/ensayos-no-destructivos-y-laboratorio-metalurgico\/\">Ir a la p\u00e1gina<\/a><\/div>\n<\/div>\n<p>[\/vc_column_text][vc_empty_space]<a  itemprop=\"url\" href=\"https:\/\/scifrancesa.fr\/es\/contacto\/\" target=\"_self\" data-hover-border-color=\"#000000\" data-hover-color=\"#ffffff\" class=\"qbutton  medium white default derecha\" style=\"color: #000000; border-color: #757575; \">Contacta con nosotros<\/a>[vc_empty_space][\/qode_elements_holder_item][qode_elements_holder_item vertical_alignment=\u00bbmiddle\u00bb horizontal_alignment=\u00bbcenter\u00bb advanced_animations=\u00bbno\u00bb][vc_single_image image=\u00bb1093&#8243; img_size=\u00bbfull\u00bb qode_css_animation=\u00bb\u00bb el_class=\u00bbaltura-plis\u00bb][\/qode_elements_holder_item][\/qode_elements_holder][vc_row_inner row_type=\u00bbrow\u00bb type=\u00bbfull_width\u00bb text_align=\u00bbleft\u00bb css_animation=\u00bb\u00bb el_id=\u00bbaplicados-pipelines\u00bb][vc_column_inner][vc_empty_space][\/vc_column_inner][\/vc_row_inner][qode_elements_holder background_color=\u00bb#ffffff\u00bb number_of_columns=\u00bbtwo_columns\u00bb switch_to_one_column=\u00bb768&#8243; alignment_one_column=\u00bbcenter\u00bb][qode_elements_holder_item vertical_alignment=\u00bbmiddle\u00bb horizontal_alignment=\u00bbcenter\u00bb advanced_animations=\u00bbno\u00bb][vc_single_image image=\u00bb55942&#8243; img_size=\u00bbfull\u00bb qode_css_animation=\u00bb\u00bb el_class=\u00bbaltura-plis\u00bb][\/qode_elements_holder_item][qode_elements_holder_item vertical_alignment=\u00bbmiddle\u00bb advanced_animations=\u00bbno\u00bb item_padding=\u00bb15px 35px 15px 35px\u00bb][vc_column_text]<\/p>\n<h2 class=\"titulo-flecha\">ENSAYOS APLICADOS A PIPELINES Y GRANDES TANQUES DE ALMACENAMIENTO<\/h2>\n<p>Las inspecciones reglamentarias en el \u00e1rea el\u00e9ctrica y las auditor\u00edas de eficiencia energ\u00e9tica en empresas son especialidad de\u00a0<a href=\"https:\/\/scifrancesa.fr\/\" target=\"_blank\" rel=\"noopener\">SCI<\/a>. Contamos con especialistas en realizar estas tareas as\u00ed como en asesorar a los propios inspectores, etc.<\/p>\n<p>Las labores de inspecci\u00f3n son fundamentales ya que estos suelen ser los que tienen la \u00faltima palabra para decidir si algo est\u00e1 bien y cumple con la normativa.<\/p>\n<p>&nbsp;<\/p>\n<div class=\"menu-caja\">\n<div><a href=\"https:\/\/scifrancesa.fr\/es\/ensayos-no-destructivos-y-laboratorio-metalurgico\/\">Ir a la p\u00e1gina<\/a><\/div>\n<\/div>\n<p>[\/vc_column_text][vc_empty_space]<a  itemprop=\"url\" href=\"https:\/\/scifrancesa.fr\/es\/contacto\/\" target=\"_self\" data-hover-border-color=\"#000000\" data-hover-color=\"#ffffff\" class=\"qbutton  medium white default derecha\" style=\"color: #000000; border-color: #757575; \">Contacta con nosotros<\/a>[vc_empty_space][\/qode_elements_holder_item][\/qode_elements_holder][\/vc_column][\/vc_row][vc_row css_animation=\u00bb\u00bb row_type=\u00bbrow\u00bb use_row_as_full_screen_section=\u00bbno\u00bb type=\u00bbfull_width\u00bb angled_section=\u00bbno\u00bb text_align=\u00bbleft\u00bb background_image_as_pattern=\u00bbwithout_pattern\u00bb][vc_column][vc_empty_space height=\u00bb64px\u00bb][\/vc_column][\/vc_row]<\/p>\n<\/div>","protected":false},"excerpt":{"rendered":"<p>[vc_row css_animation=\u00bb\u00bb row_type=\u00bbrow\u00bb use_row_as_full_screen_section=\u00bbno\u00bb type=\u00bbfull_width\u00bb angled_section=\u00bbno\u00bb text_align=\u00bbleft\u00bb background_image_as_pattern=\u00bbwithout_pattern\u00bb][vc_column width=\u00bb1\/4&#8243;][vc_column_text] ENSAYOS NO DESTRUCTIVOS ENSAYOS POR RADIOGRAF\u00cdA INDUSTRIAL ENSAYOS POR ULTRASONIDOS ENSAYOS POR PART\u00cdCULAS MAGN\u00c9TICAS ENSAYOS POR L\u00cdQUIDOS PENETRANTES PRUEBAS DE FUGAS DE HELIO INSPECCI\u00d3N DE SOLDADURA DE TORRES E\u00d3LICAS INSPECCI\u00d3N DE CORROSI\u00d3N POR ULTRASONIDOS OTROS ENSAYOS&#8230;<\/p>\n","protected":false},"author":1,"featured_media":2403,"parent":0,"menu_order":0,"comment_status":"closed","ping_status":"closed","template":"","meta":{"footnotes":""},"class_list":["post-21","page","type-page","status-publish","has-post-thumbnail","hentry"],"_links":{"self":[{"href":"https:\/\/scifrancesa.fr\/es\/wp-json\/wp\/v2\/pages\/21","targetHints":{"allow":["GET"]}}],"collection":[{"href":"https:\/\/scifrancesa.fr\/es\/wp-json\/wp\/v2\/pages"}],"about":[{"href":"https:\/\/scifrancesa.fr\/es\/wp-json\/wp\/v2\/types\/page"}],"author":[{"embeddable":true,"href":"https:\/\/scifrancesa.fr\/es\/wp-json\/wp\/v2\/users\/1"}],"replies":[{"embeddable":true,"href":"https:\/\/scifrancesa.fr\/es\/wp-json\/wp\/v2\/comments?post=21"}],"version-history":[{"count":98,"href":"https:\/\/scifrancesa.fr\/es\/wp-json\/wp\/v2\/pages\/21\/revisions"}],"predecessor-version":[{"id":58360,"href":"https:\/\/scifrancesa.fr\/es\/wp-json\/wp\/v2\/pages\/21\/revisions\/58360"}],"wp:featuredmedia":[{"embeddable":true,"href":"https:\/\/scifrancesa.fr\/es\/wp-json\/wp\/v2\/media\/2403"}],"wp:attachment":[{"href":"https:\/\/scifrancesa.fr\/es\/wp-json\/wp\/v2\/media?parent=21"}],"curies":[{"name":"wp","href":"https:\/\/api.w.org\/{rel}","templated":true}]}}