{"id":23,"date":"2021-11-29T11:11:35","date_gmt":"2021-11-29T11:11:35","guid":{"rendered":"http:\/\/scisa.providersweb.es\/?page_id=23"},"modified":"2023-02-22T13:48:58","modified_gmt":"2023-02-22T13:48:58","slug":"inspeccion-industrial","status":"publish","type":"page","link":"https:\/\/scifrancesa.fr\/es\/inspeccion-industrial\/","title":{"rendered":"Inspecci\u00f3n industrial"},"content":{"rendered":"<div class=\"wpb-content-wrapper\"><p>[vc_row css_animation=\u00bb\u00bb row_type=\u00bbrow\u00bb use_row_as_full_screen_section=\u00bbno\u00bb type=\u00bbfull_width\u00bb angled_section=\u00bbno\u00bb text_align=\u00bbleft\u00bb background_image_as_pattern=\u00bbwithout_pattern\u00bb][vc_column width=\u00bb1\/4&#8243;][vc_column_text]<\/p>\n<ul class=\"menu-lateral\">\n<li class=\"volver\"><a href=\"https:\/\/scifrancesa.fr\/es\/inspeccion-industrial\/\"><i class=\"fa fa-backward\" aria-hidden=\"true\"><\/i> INSPECCI\u00d3N INDUSTRIAL<\/a><\/li>\n<li><a href=\"https:\/\/scifrancesa.fr\/es\/inspeccion-industrial\/#fabricacion-inspeccion\">Fabricaci\u00f3n y Planes de Inspecci\u00f3n<\/a><\/li>\n<li><a href=\"https:\/\/scifrancesa.fr\/es\/inspeccion-industrial\/#inspeccion-equipos\">Inspecci\u00f3n de Equipos<\/a><\/li>\n<li><a href=\"https:\/\/scifrancesa.fr\/es\/inspeccion-industrial\/#inspectores-certificados\">Inspectores Certificados API 653<\/a><\/li>\n<\/ul>\n<p>[\/vc_column_text][vc_empty_space][vc_raw_html]JTNDaDUlM0VDb250YWN0YSUyMGNvbiUyMG5vc290cm9zJTNDJTJGaDUlM0U=[\/vc_raw_html][vc_separator type=\u00bbnormal\u00bb color=\u00bb#bcbcbc\u00bb thickness=\u00bb1&#8243; transparency=\u00bb0.4&#8243;][vc_widget_sidebar sidebar_id=\u00bbsidebar-blog\u00bb][\/vc_column][vc_column width=\u00bb3\/4&#8243;][vc_row_inner row_type=\u00bbrow\u00bb type=\u00bbfull_width\u00bb text_align=\u00bbleft\u00bb css_animation=\u00bb\u00bb el_id=\u00bbfabricacion-inspeccion\u00bb][vc_column_inner][\/vc_column_inner][\/vc_row_inner][qode_elements_holder background_color=\u00bb#ffffff\u00bb number_of_columns=\u00bbtwo_columns\u00bb switch_to_one_column=\u00bb768&#8243; alignment_one_column=\u00bbcenter\u00bb][qode_elements_holder_item vertical_alignment=\u00bbmiddle\u00bb horizontal_alignment=\u00bbcenter\u00bb advanced_animations=\u00bbno\u00bb][vc_single_image image=\u00bb1288&#8243; img_size=\u00bbfull\u00bb qode_css_animation=\u00bb\u00bb el_class=\u00bbaltura-plis\u00bb][\/qode_elements_holder_item][qode_elements_holder_item vertical_alignment=\u00bbmiddle\u00bb advanced_animations=\u00bbno\u00bb item_padding=\u00bb15px 35px 15px 35px\u00bb][vc_column_text]<\/p>\n<h2 class=\"titulo-flecha\">Fabricaci\u00f3n y Planes de Inspecci\u00f3n<\/h2>\n<p><a href=\"https:\/\/scifrancesa.fr\/\" target=\"_blank\" rel=\"noopener\">SCI<\/a>\u00a0realiza inspecciones y seguimiento de fabricaci\u00f3n de equipos y materiales; bas\u00e1ndose, en el pedido de compra, requisici\u00f3n de materiales, documentaci\u00f3n del vendedor, especificaciones y requerimientos de proyecto y normativa local e internacional<\/p>\n<p>&nbsp;<\/p>\n<div class=\"menu-caja\">\n<div><a href=\"https:\/\/scifrancesa.fr\/es\/inspeccion-industrial\/revision-de-procedimientos-de-fabricacion-y-planes-de-puntos-de-inspeccion\/\">Ir a la p\u00e1gina<\/a><\/div>\n<\/div>\n<p>[\/vc_column_text][vc_empty_space]<a  itemprop=\"url\" href=\"https:\/\/scifrancesa.fr\/es\/contacto\/\" target=\"_self\" data-hover-border-color=\"#000000\" data-hover-color=\"#ffffff\" class=\"qbutton  medium white default derecha\" style=\"color: #000000; border-color: #757575; \">Contacta con nosotros<\/a>[vc_empty_space][vc_empty_space][\/qode_elements_holder_item][\/qode_elements_holder][vc_empty_space][vc_row_inner row_type=\u00bbrow\u00bb type=\u00bbfull_width\u00bb text_align=\u00bbleft\u00bb css_animation=\u00bb\u00bb el_id=\u00bbinspeccion-equipos\u00bb][vc_column_inner][\/vc_column_inner][\/vc_row_inner][qode_elements_holder background_color=\u00bb#ffffff\u00bb number_of_columns=\u00bbtwo_columns\u00bb switch_to_one_column=\u00bb768&#8243; alignment_one_column=\u00bbcenter\u00bb][qode_elements_holder_item vertical_alignment=\u00bbmiddle\u00bb advanced_animations=\u00bbno\u00bb item_padding=\u00bb15px 35px 15px 35px\u00bb][vc_column_text]<\/p>\n<h2 class=\"titulo-flecha\">Inspecci\u00f3n de Equipos<\/h2>\n<p>La revisi\u00f3n de procedimientos de fabricaci\u00f3n y<strong>\u00a0Planes de Puntos de Inspecci\u00f3n<\/strong>\u00a0es el inicio de nuestro servicio integral la cual termina con la legalizaci\u00f3n de los equipos instalados en Planta.<\/p>\n<div class=\"menu-caja\">\n<div><a href=\"https:\/\/scifrancesa.fr\/es\/inspeccion-industrial\/inspeccion-de-fabricacion-montaje-y-mantenimiento-de-equipos\/\">Ir a la p\u00e1gina<\/a><\/div>\n<\/div>\n<p>[\/vc_column_text][vc_empty_space]<a  itemprop=\"url\" href=\"https:\/\/scifrancesa.fr\/es\/contacto\/\" target=\"_self\" data-hover-border-color=\"#000000\" data-hover-color=\"#ffffff\" class=\"qbutton  medium white default derecha\" style=\"color: #000000; border-color: #757575; \">Contacta con nosotros<\/a>[vc_empty_space][\/qode_elements_holder_item][qode_elements_holder_item vertical_alignment=\u00bbmiddle\u00bb horizontal_alignment=\u00bbcenter\u00bb advanced_animations=\u00bbno\u00bb][vc_single_image image=\u00bb1322&#8243; img_size=\u00bbfull\u00bb qode_css_animation=\u00bb\u00bb el_class=\u00bbaltura-plis\u00bb][\/qode_elements_holder_item][\/qode_elements_holder][vc_row_inner row_type=\u00bbrow\u00bb type=\u00bbfull_width\u00bb text_align=\u00bbleft\u00bb css_animation=\u00bb\u00bb el_id=\u00bbinspectores-certificados\u00bb][vc_column_inner][\/vc_column_inner][\/vc_row_inner][vc_empty_space][qode_elements_holder background_color=\u00bb#ffffff\u00bb number_of_columns=\u00bbtwo_columns\u00bb switch_to_one_column=\u00bb768&#8243; alignment_one_column=\u00bbcenter\u00bb][qode_elements_holder_item vertical_alignment=\u00bbmiddle\u00bb horizontal_alignment=\u00bbcenter\u00bb advanced_animations=\u00bbno\u00bb][vc_single_image image=\u00bb1352&#8243; img_size=\u00bbfull\u00bb qode_css_animation=\u00bb\u00bb el_class=\u00bbaltura-plis\u00bb][\/qode_elements_holder_item][qode_elements_holder_item vertical_alignment=\u00bbmiddle\u00bb advanced_animations=\u00bbno\u00bb item_padding=\u00bb15px 35px 15px 35px\u00bb][vc_column_text]<\/p>\n<h2 class=\"titulo-flecha\">Inspectores Certificados API 653<\/h2>\n<p><strong><a href=\"https:\/\/scifrancesa.fr\/\">SCI\u00a0<\/a><\/strong>dispone en su plantilla de\u00a0<strong>Inspectores Certificados<\/strong>\u00a0seg\u00fan\u00a0<strong>API 653<\/strong>\u00a0para la inspecci\u00f3n de tanques de almacenamiento en servicio.<\/p>\n<div class=\"menu-caja\">\n<div><a href=\"https:\/\/scifrancesa.fr\/es\/inspeccion-industrial\/inspectores-certificados-api-653\/\">Ir a la p\u00e1gina<\/a><\/div>\n<\/div>\n<p>[\/vc_column_text][vc_empty_space]<a  itemprop=\"url\" href=\"https:\/\/scifrancesa.fr\/es\/contacto\/\" target=\"_self\" data-hover-border-color=\"#000000\" data-hover-color=\"#ffffff\" class=\"qbutton  medium white default derecha\" style=\"color: #000000; border-color: #757575; \">Contacta con nosotros<\/a>[\/qode_elements_holder_item][\/qode_elements_holder][vc_empty_space][\/vc_column][\/vc_row][vc_row css_animation=\u00bb\u00bb row_type=\u00bbrow\u00bb use_row_as_full_screen_section=\u00bbno\u00bb type=\u00bbfull_width\u00bb angled_section=\u00bbno\u00bb text_align=\u00bbleft\u00bb background_image_as_pattern=\u00bbwithout_pattern\u00bb][vc_column][vc_empty_space height=\u00bb64px\u00bb][\/vc_column][\/vc_row]<\/p>\n<\/div>","protected":false},"excerpt":{"rendered":"<p>[vc_row css_animation=\u00bb\u00bb row_type=\u00bbrow\u00bb use_row_as_full_screen_section=\u00bbno\u00bb type=\u00bbfull_width\u00bb angled_section=\u00bbno\u00bb text_align=\u00bbleft\u00bb background_image_as_pattern=\u00bbwithout_pattern\u00bb][vc_column width=\u00bb1\/4&#8243;][vc_column_text] INSPECCI\u00d3N INDUSTRIAL Fabricaci\u00f3n y Planes de Inspecci\u00f3n Inspecci\u00f3n de Equipos Inspectores Certificados API 653 [\/vc_column_text][vc_empty_space][vc_raw_html]JTNDaDUlM0VDb250YWN0YSUyMGNvbiUyMG5vc290cm9zJTNDJTJGaDUlM0U=[\/vc_raw_html][vc_separator type=\u00bbnormal\u00bb color=\u00bb#bcbcbc\u00bb thickness=\u00bb1&#8243; transparency=\u00bb0.4&#8243;][vc_widget_sidebar sidebar_id=\u00bbsidebar-blog\u00bb][\/vc_column][vc_column width=\u00bb3\/4&#8243;][vc_row_inner row_type=\u00bbrow\u00bb type=\u00bbfull_width\u00bb text_align=\u00bbleft\u00bb css_animation=\u00bb\u00bb el_id=\u00bbfabricacion-inspeccion\u00bb][vc_column_inner][\/vc_column_inner][\/vc_row_inner][qode_elements_holder background_color=\u00bb#ffffff\u00bb number_of_columns=\u00bbtwo_columns\u00bb switch_to_one_column=\u00bb768&#8243; alignment_one_column=\u00bbcenter\u00bb][qode_elements_holder_item vertical_alignment=\u00bbmiddle\u00bb horizontal_alignment=\u00bbcenter\u00bb advanced_animations=\u00bbno\u00bb][vc_single_image image=\u00bb1288&#8243; img_size=\u00bbfull\u00bb qode_css_animation=\u00bb\u00bb&#8230;<\/p>\n","protected":false},"author":1,"featured_media":0,"parent":0,"menu_order":0,"comment_status":"closed","ping_status":"closed","template":"","meta":{"footnotes":""},"class_list":["post-23","page","type-page","status-publish","hentry"],"_links":{"self":[{"href":"https:\/\/scifrancesa.fr\/es\/wp-json\/wp\/v2\/pages\/23","targetHints":{"allow":["GET"]}}],"collection":[{"href":"https:\/\/scifrancesa.fr\/es\/wp-json\/wp\/v2\/pages"}],"about":[{"href":"https:\/\/scifrancesa.fr\/es\/wp-json\/wp\/v2\/types\/page"}],"author":[{"embeddable":true,"href":"https:\/\/scifrancesa.fr\/es\/wp-json\/wp\/v2\/users\/1"}],"replies":[{"embeddable":true,"href":"https:\/\/scifrancesa.fr\/es\/wp-json\/wp\/v2\/comments?post=23"}],"version-history":[{"count":120,"href":"https:\/\/scifrancesa.fr\/es\/wp-json\/wp\/v2\/pages\/23\/revisions"}],"predecessor-version":[{"id":58370,"href":"https:\/\/scifrancesa.fr\/es\/wp-json\/wp\/v2\/pages\/23\/revisions\/58370"}],"wp:attachment":[{"href":"https:\/\/scifrancesa.fr\/es\/wp-json\/wp\/v2\/media?parent=23"}],"curies":[{"name":"wp","href":"https:\/\/api.w.org\/{rel}","templated":true}]}}