{"id":55257,"date":"2022-02-17T08:21:31","date_gmt":"2022-02-17T08:21:31","guid":{"rendered":"https:\/\/scisa.providersweb.es\/?page_id=55257"},"modified":"2023-02-22T17:10:55","modified_gmt":"2023-02-22T17:10:55","slug":"inspeccion-y-apoyo-tecnico-de-soldadura","status":"publish","type":"page","link":"https:\/\/scifrancesa.fr\/es\/soldadura\/inspeccion-y-apoyo-tecnico-de-soldadura\/","title":{"rendered":"Inspecci\u00f3n y Apoyo T\u00e9cnico de Soldadura"},"content":{"rendered":"<div class=\"wpb-content-wrapper\"><p>[vc_row css_animation=\u00bb\u00bb row_type=\u00bbrow\u00bb use_row_as_full_screen_section=\u00bbno\u00bb type=\u00bbfull_width\u00bb angled_section=\u00bbno\u00bb text_align=\u00bbleft\u00bb background_image_as_pattern=\u00bbwithout_pattern\u00bb][vc_column width=\u00bb1\/4&#8243;][vc_raw_html]JTNDaDUlM0VPdHJvcyUyMFNlcnZpY2lvcyUyMGRlJTIwSU5TUEVDQ0klQzMlOTNOJTNDJTJGaDUlM0U=[\/vc_raw_html][vc_separator type=\u00bbnormal\u00bb color=\u00bb#bcbcbc\u00bb thickness=\u00bb1&#8243; transparency=\u00bb0.4&#8243;][vc_column_text]<\/p>\n<ul class=\"menu-lateral\">\n<li class=\"volver\"><a href=\"https:\/\/scifrancesa.fr\/es\/inspeccion-industrial\/\"><i class=\"fa fa-backward\" aria-hidden=\"true\"><\/i> INSPECCI\u00d3N<\/a><\/li>\n<li class=\"sin-enlace\">Inspecci\u00f3n y Apoyo T\u00e9cnico de Soldadura<\/li>\n<li><a href=\"https:\/\/scifrancesa.fr\/es\/soldadura\/certificaciones-de-procedimientos-de-soldadura-y-soldadores\/\">Certificaciones de Procedimientos de Soldadura y Soldadores<\/a><\/li>\n<\/ul>\n<p>[\/vc_column_text][vc_empty_space][vc_raw_html]JTNDaDUlM0VDb250YWN0YSUyMGNvbiUyMG5vc290cm9zJTNDJTJGaDUlM0U=[\/vc_raw_html][vc_separator type=\u00bbnormal\u00bb color=\u00bb#bcbcbc\u00bb thickness=\u00bb1&#8243; transparency=\u00bb0.4&#8243;][vc_widget_sidebar sidebar_id=\u00bbsidebar-blog\u00bb][\/vc_column][vc_column width=\u00bb3\/4&#8243;][vc_row_inner row_type=\u00bbrow\u00bb type=\u00bbfull_width\u00bb text_align=\u00bbleft\u00bb css_animation=\u00bb\u00bb css=\u00bb.vc_custom_1639654729177{background-color: #ffffff !important;}\u00bb][vc_column_inner css=\u00bb.vc_custom_1639654809595{padding-right: 45px !important;padding-left: 45px !important;background-color: #ffffff !important;}\u00bb][vc_column_text]<\/p>\n<h2 class=\"internas-titul\">Cumplimiento de las normas o c\u00f3digos de homologaci\u00f3n de soldadura<\/h2>\n<p style=\"text-align: left;\">Con los servicios de<strong>\u00a0inspecci\u00f3n<\/strong>\u00a0que en\u00a0<a href=\"https:\/\/scifrancesa.fr\/\">SCI<\/a>\u00a0prestamos en materia de\u00a0<strong>soldadura<\/strong>\u00a0se asegura el cumplimiento de las normas o c\u00f3digos de\u00a0<strong>homologaci\u00f3n de soldadura<\/strong>\u00a0y requisitos adicionales del cliente (especificaciones, c\u00f3digos de dise\u00f1o, etc.) optimizando los trabajos para\u00a0<strong>reducir al m\u00ednimo los costes derivados.<\/strong><\/p>\n<p>[\/vc_column_text][vc_empty_space][\/vc_column_inner][\/vc_row_inner][vc_row_inner row_type=\u00bbrow\u00bb type=\u00bbfull_width\u00bb text_align=\u00bbleft\u00bb css_animation=\u00bb\u00bb css=\u00bb.vc_custom_1644508190883{padding-right: 0px !important;padding-left: 0px !important;background-color: #ffffff !important;}\u00bb][vc_column_inner css=\u00bb.vc_custom_1644508196568{padding-right: 0px !important;padding-left: 0px !important;}\u00bb][vc_gallery type=\u00bbimage_grid\u00bb images=\u00bb55263,55264,55265,55266&#8243; img_size=\u00bb400&#215;150&#8243; column_number=\u00bb2&#8243; grayscale=\u00bbno\u00bb images_space=\u00bbgallery_without_space\u00bb][\/vc_column_inner][\/vc_row_inner][vc_empty_space][vc_row_inner row_type=\u00bbrow\u00bb type=\u00bbfull_width\u00bb text_align=\u00bbleft\u00bb css_animation=\u00bb\u00bb css=\u00bb.vc_custom_1639742702193{padding-right: 0px !important;padding-left: 25px !important;background-color: #ffffff !important;}\u00bb][vc_column_inner][vc_empty_space][vc_column_text]<\/p>\n<h2 class=\"internas-titul\">INGENERIOS EUROPEOS DE SOLDADURA (EWE) E INSPECTORES DE SOLDADURA<\/h2>\n<p>SCI cuenta, dentro de su plantilla, con Inspectores Europeos de Soldadura <strong>(EWE)<\/strong> e inspectores de soldadura certificados<strong> (aWS, etc.)<\/strong>, con una dilatada experiencia en el campo de la soldadura.[\/vc_column_text][vc_empty_space][\/vc_column_inner][\/vc_row_inner][vc_empty_space][\/vc_column][\/vc_row][vc_row css_animation=\u00bb\u00bb row_type=\u00bbrow\u00bb use_row_as_full_screen_section=\u00bbno\u00bb type=\u00bbfull_width\u00bb angled_section=\u00bbno\u00bb text_align=\u00bbleft\u00bb background_image_as_pattern=\u00bbwithout_pattern\u00bb][vc_column][vc_empty_space height=\u00bb64px\u00bb][\/vc_column][\/vc_row]<\/p>\n<\/div>","protected":false},"excerpt":{"rendered":"<p>[vc_row css_animation=\u00bb\u00bb row_type=\u00bbrow\u00bb use_row_as_full_screen_section=\u00bbno\u00bb type=\u00bbfull_width\u00bb angled_section=\u00bbno\u00bb text_align=\u00bbleft\u00bb background_image_as_pattern=\u00bbwithout_pattern\u00bb][vc_column width=\u00bb1\/4&#8243;][vc_raw_html]JTNDaDUlM0VPdHJvcyUyMFNlcnZpY2lvcyUyMGRlJTIwSU5TUEVDQ0klQzMlOTNOJTNDJTJGaDUlM0U=[\/vc_raw_html][vc_separator type=\u00bbnormal\u00bb color=\u00bb#bcbcbc\u00bb thickness=\u00bb1&#8243; transparency=\u00bb0.4&#8243;][vc_column_text] INSPECCI\u00d3N Inspecci\u00f3n y Apoyo T\u00e9cnico de Soldadura Certificaciones de Procedimientos de Soldadura y Soldadores [\/vc_column_text][vc_empty_space][vc_raw_html]JTNDaDUlM0VDb250YWN0YSUyMGNvbiUyMG5vc290cm9zJTNDJTJGaDUlM0U=[\/vc_raw_html][vc_separator type=\u00bbnormal\u00bb color=\u00bb#bcbcbc\u00bb thickness=\u00bb1&#8243; transparency=\u00bb0.4&#8243;][vc_widget_sidebar sidebar_id=\u00bbsidebar-blog\u00bb][\/vc_column][vc_column width=\u00bb3\/4&#8243;][vc_row_inner row_type=\u00bbrow\u00bb type=\u00bbfull_width\u00bb text_align=\u00bbleft\u00bb css_animation=\u00bb\u00bb css=\u00bb.vc_custom_1639654729177{background-color: #ffffff !important;}\u00bb][vc_column_inner css=\u00bb.vc_custom_1639654809595{padding-right: 45px !important;padding-left: 45px&#8230;<\/p>\n","protected":false},"author":1,"featured_media":0,"parent":27,"menu_order":0,"comment_status":"closed","ping_status":"closed","template":"","meta":{"footnotes":""},"class_list":["post-55257","page","type-page","status-publish","hentry"],"_links":{"self":[{"href":"https:\/\/scifrancesa.fr\/es\/wp-json\/wp\/v2\/pages\/55257","targetHints":{"allow":["GET"]}}],"collection":[{"href":"https:\/\/scifrancesa.fr\/es\/wp-json\/wp\/v2\/pages"}],"about":[{"href":"https:\/\/scifrancesa.fr\/es\/wp-json\/wp\/v2\/types\/page"}],"author":[{"embeddable":true,"href":"https:\/\/scifrancesa.fr\/es\/wp-json\/wp\/v2\/users\/1"}],"replies":[{"embeddable":true,"href":"https:\/\/scifrancesa.fr\/es\/wp-json\/wp\/v2\/comments?post=55257"}],"version-history":[{"count":11,"href":"https:\/\/scifrancesa.fr\/es\/wp-json\/wp\/v2\/pages\/55257\/revisions"}],"predecessor-version":[{"id":58416,"href":"https:\/\/scifrancesa.fr\/es\/wp-json\/wp\/v2\/pages\/55257\/revisions\/58416"}],"up":[{"embeddable":true,"href":"https:\/\/scifrancesa.fr\/es\/wp-json\/wp\/v2\/pages\/27"}],"wp:attachment":[{"href":"https:\/\/scifrancesa.fr\/es\/wp-json\/wp\/v2\/media?parent=55257"}],"curies":[{"name":"wp","href":"https:\/\/api.w.org\/{rel}","templated":true}]}}