{"id":618,"date":"2021-12-15T18:17:15","date_gmt":"2021-12-15T18:17:15","guid":{"rendered":"http:\/\/scisa.providersweb.es\/?page_id=618"},"modified":"2023-02-22T17:06:51","modified_gmt":"2023-02-22T17:06:51","slug":"revision-de-procedimientos-de-fabricacion-y-planes-de-puntos-de-inspeccion","status":"publish","type":"page","link":"https:\/\/scifrancesa.fr\/es\/inspeccion-industrial\/revision-de-procedimientos-de-fabricacion-y-planes-de-puntos-de-inspeccion\/","title":{"rendered":"Revisi\u00f3n de procedimientos de fabricaci\u00f3n y planes de puntos de inspecci\u00f3n"},"content":{"rendered":"<div class=\"wpb-content-wrapper\"><p>[vc_row css_animation=\u00bb\u00bb row_type=\u00bbrow\u00bb use_row_as_full_screen_section=\u00bbno\u00bb type=\u00bbfull_width\u00bb angled_section=\u00bbno\u00bb text_align=\u00bbleft\u00bb background_image_as_pattern=\u00bbwithout_pattern\u00bb][vc_column width=\u00bb1\/4&#8243;][vc_raw_html]JTNDaDUlM0VPdHJvcyUyMFNlcnZpY2lvcyUyMElOU1BFQ0NJJUMzJTkzTiUzQyUyRmg1JTNF[\/vc_raw_html][vc_separator type=\u00bbnormal\u00bb color=\u00bb#bcbcbc\u00bb thickness=\u00bb1&#8243; transparency=\u00bb0.4&#8243;][vc_column_text]<\/p>\n<ul class=\"menu-lateral\">\n<li class=\"volver\"><a href=\"https:\/\/scifrancesa.fr\/es\/inspeccion-industrial\/\"><i class=\"fa fa-backward\" aria-hidden=\"true\"><\/i> INSPECCI\u00d3N<\/a><\/li>\n<li class=\"sin-enlace\">REVISI\u00d3N DE PROCEDIMIENTOS DE FABRICACI\u00d3N Y PLANES DE PUNTOS DE INSPECCI\u00d3N<\/li>\n<li><a href=\"https:\/\/scifrancesa.fr\/es\/inspeccion-industrial\/inspeccion-de-fabricacion-montaje-y-mantenimiento-de-equipos\/\">INSPECCI\u00d3N DE FABRICACI\u00d3N, MONTAJE Y MANTENIMIENTO DE EQUIPOS<\/a><\/li>\n<li><a href=\"https:\/\/scifrancesa.fr\/es\/inspeccion-industrial\/inspectores-certificados-api-653\/\">INSPECTORES CERTIFICADOS API 653<\/a><\/li>\n<\/ul>\n<p>[\/vc_column_text][vc_empty_space][vc_separator type=\u00bbnormal\u00bb color=\u00bb#bcbcbc\u00bb thickness=\u00bb1&#8243; transparency=\u00bb0.4&#8243;][vc_empty_space][vc_raw_html]JTNDaDUlM0VDb250YWN0YSUyMGNvbiUyMG5vc290cm9zJTNDJTJGaDUlM0U=[\/vc_raw_html][vc_separator type=\u00bbnormal\u00bb color=\u00bb#bcbcbc\u00bb thickness=\u00bb1&#8243; transparency=\u00bb0.4&#8243;][vc_widget_sidebar sidebar_id=\u00bbsidebar-blog\u00bb][\/vc_column][vc_column width=\u00bb3\/4&#8243;][vc_row_inner row_type=\u00bbrow\u00bb type=\u00bbfull_width\u00bb text_align=\u00bbleft\u00bb css_animation=\u00bb\u00bb css=\u00bb.vc_custom_1644937868038{padding-right: 0px !important;background-color: #ffffff !important;}\u00bb][vc_column_inner width=\u00bb1\/2&#8243; css=\u00bb.vc_custom_1639654809595{padding-right: 45px !important;padding-left: 45px !important;background-color: #ffffff !important;}\u00bb][vc_column_text]<\/p>\n<h2 class=\"internas-titul\">Planes y Puntos de Inspecci\u00f3n<\/h2>\n<p>La revisi\u00f3n de procedimientos de fabricaci\u00f3n y<strong>\u00a0Planes de Puntos de Inspecci\u00f3n<\/strong>\u00a0es el inicio de nuestro servicio integral la cual termina con la legalizaci\u00f3n de los equipos instalados en Planta.[\/vc_column_text][vc_empty_space][vc_column_text]<\/p>\n<h2 class=\"internas-titul\">REVISI\u00d3N DE PROCEDIMIENTOS DE FABRICACI\u00d3N<\/h2>\n<p>En\u00a0<strong>SCI<\/strong>\u00a0contamos con personal cualificado para la revisi\u00f3n de los\u00a0<strong>procedimientos de fabricaci\u00f3n<\/strong>.<\/p>\n<p>Se entienden por\u00a0<strong>procedimientos de fabricaci\u00f3n<\/strong> todos aquellos documentos necesarios generados por el fabricante para verificar la calidad del equipo que se est\u00e1 fabricando con el fin de asegurar el cumplimiento de los requisitos de cada Proyecto.<br \/>\n[\/vc_column_text][vc_empty_space][\/vc_column_inner][vc_column_inner width=\u00bb1\/2&#8243; css=\u00bb.vc_custom_1644937864094{padding-right: 0px !important;}\u00bb][vc_single_image image=\u00bb1316&#8243; img_size=\u00bbfull\u00bb qode_css_animation=\u00bb\u00bb][\/vc_column_inner][\/vc_row_inner][vc_empty_space][vc_row_inner row_type=\u00bbrow\u00bb type=\u00bbfull_width\u00bb text_align=\u00bbleft\u00bb css_animation=\u00bb\u00bb css=\u00bb.vc_custom_1639654729177{background-color: #ffffff !important;}\u00bb][vc_column_inner css=\u00bb.vc_custom_1639654809595{padding-right: 45px !important;padding-left: 45px !important;background-color: #ffffff !important;}\u00bb][\/vc_column_inner][vc_column_inner css=\u00bb.vc_custom_1644937965773{padding-right: 45px !important;padding-left: 45px !important;}\u00bb][vc_column_text]<\/p>\n<h2 class=\"internas-titul\">Los Procedimientos de Fabricaci\u00f3n se distinguen principalmente los siguientes campos:<\/h2>\n<p>[\/vc_column_text][vc_empty_space]<div class=\"qode-advanced-tabs qode-advanced-tabs qode-advanced-horizontal-tab clearfix qode-advanced-tab-without-icon qode-advanced-tabs-column-2 clearfix\">\n\t<ul class=\"qode-advanced-tabs-nav\">\n\t\t\t\t\t<li>\n\t\t\t\t<h3>\n\t\t\t\t\t<a href=\"#tab-procedimientos-de-ensayos-no-destructivos\">\n\t\t\t\t\t\t\n\t\t\t\t\t\t\t\t\t\t\t\t\t<span class=\"qode-advanced-tab-text-after-icon\">\n\t\t\t\t\t\t\t\tPROCEDIMIENTOS DE ENSAYOS NO DESTRUCTIVOS\t\t\t\t\t\t\t<\/span>\n\t\t\t\t\t\t\t\t\t\t\t<\/a>\n\t\t\t\t<\/h3>\n\t\t\t<\/li>\n\t\t\t\t\t<li>\n\t\t\t\t<h3>\n\t\t\t\t\t<a href=\"#tab-procedimientos-de-pruebas\">\n\t\t\t\t\t\t\n\t\t\t\t\t\t\t\t\t\t\t\t\t<span class=\"qode-advanced-tab-text-after-icon\">\n\t\t\t\t\t\t\t\tPROCEDIMIENTOS DE PRUEBAS\t\t\t\t\t\t\t<\/span>\n\t\t\t\t\t\t\t\t\t\t\t<\/a>\n\t\t\t\t<\/h3>\n\t\t\t<\/li>\n\t\t\t<\/ul>\n\t<div class=\"qode-advanced-tab-container\" id=\"tab-procedimientos-de-ensayos-no-destructivos-598\" data-icon-pack=\"\" data-icon-html=\"\"><div class=\"q_icon_list\"><i class=\"qode_icon_font_awesome fa fa-check-circle-o qode-ili-icon-holder circle\" style=\"color: #dbae32;background-color: #ffffff;\" ><\/i><p style=\"font-size: 14px;\">Part\u00edculas Magn\u00e9ticas<\/p><\/div><div class=\"q_icon_list\"><i class=\"qode_icon_font_awesome fa fa-check-circle-o qode-ili-icon-holder circle\" style=\"color: #dbae32;background-color: #ffffff;\" ><\/i><p style=\"font-size: 14px;\">L\u00edquidos Penetrantes.<\/p><\/div><div class=\"q_icon_list\"><i class=\"qode_icon_font_awesome fa fa-check-circle-o qode-ili-icon-holder circle\" style=\"color: #dbae32;background-color: #ffffff;\" ><\/i><p style=\"font-size: 14px;\">Radiograf\u00edas.<\/p><\/div><div class=\"q_icon_list\"><i class=\"qode_icon_font_awesome fa fa-check-circle-o qode-ili-icon-holder circle\" style=\"color: #dbae32;background-color: #ffffff;\" ><\/i><p style=\"font-size: 14px;\">Ultrasonidos (manual, Phased Array o TOFD).<\/p><\/div><div class=\"q_icon_list\"><i class=\"qode_icon_font_awesome fa fa-check-circle-o qode-ili-icon-holder circle\" style=\"color: #dbae32;background-color: #ffffff;\" ><\/i><p style=\"font-size: 14px;\">Verificaci\u00f3n de trazabilidad de marcas.<\/p><\/div><\/div><div class=\"qode-advanced-tab-container\" id=\"tab-procedimientos-de-pruebas-11\" data-icon-pack=\"\" data-icon-html=\"\"><div class=\"q_icon_list\"><i class=\"qode_icon_font_awesome fa fa-check-circle-o qode-ili-icon-holder circle\" style=\"color: #dbae32;background-color: #ffffff;\" ><\/i><p style=\"font-size: 14px;\">Pruebas hidr\u00e1ulicas.<\/p><\/div><div class=\"q_icon_list\"><i class=\"qode_icon_font_awesome fa fa-check-circle-o qode-ili-icon-holder circle\" style=\"color: #dbae32;background-color: #ffffff;\" ><\/i><p style=\"font-size: 14px;\">Pruebas neum\u00e1ticas.<\/p><\/div><div class=\"q_icon_list\"><i class=\"qode_icon_font_awesome fa fa-check-circle-o qode-ili-icon-holder circle\" style=\"color: #dbae32;background-color: #ffffff;\" ><\/i><p style=\"font-size: 14px;\">Pruebas de Fugas tanto con Helio como con Aire.<\/p><\/div><div class=\"q_icon_list\"><i class=\"qode_icon_font_awesome fa fa-check-circle-o qode-ili-icon-holder circle\" style=\"color: #dbae32;background-color: #ffffff;\" ><\/i><p style=\"font-size: 14px;\">Pruebas de funcionamiento<\/p><\/div><div class=\"q_icon_list\"><i class=\"qode_icon_font_awesome fa fa-check-circle-o qode-ili-icon-holder circle\" style=\"color: #dbae32;background-color: #ffffff;\" ><\/i><p style=\"font-size: 14px;\">Pruebas de rendimiento.<\/p><\/div><div class=\"q_icon_list\"><i class=\"qode_icon_font_awesome fa fa-check-circle-o qode-ili-icon-holder circle\" style=\"color: #dbae32;background-color: #ffffff;\" ><\/i><p style=\"font-size: 14px;\">Procedimiento de pintura.<\/p><\/div><\/div><\/div>[\/vc_column_inner][\/vc_row_inner][vc_empty_space][vc_row_inner row_type=\u00bbrow\u00bb type=\u00bbfull_width\u00bb text_align=\u00bbleft\u00bb css_animation=\u00bb\u00bb css=\u00bb.vc_custom_1644937904540{padding-right: 0px !important;background-color: #ffffff !important;}\u00bb][vc_column_inner width=\u00bb1\/2&#8243; css=\u00bb.vc_custom_1639654809595{padding-right: 45px !important;padding-left: 45px !important;background-color: #ffffff !important;}\u00bb][vc_column_text]<\/p>\n<h2 class=\"internas-titul\">REVISI\u00d3N DE PLANES DE PUNTOS DE INSPECCI\u00d3N<\/h2>\n<p>Otro de nuestros servicios que prestamos es el an\u00e1lisis del contenido de los\u00a0<strong>Planes de Puntos de Inspecci\u00f3n<\/strong>\u00a0emitidos por el fabricante.<\/p>\n<p>Los Planes de Puntos de Inspecci\u00f3n (<strong>PPI<\/strong>) son utilizados para el seguimiento y verificaci\u00f3n del cumplimiento de los requisitos de calidad de inspecciones y ensayos del c\u00f3digo de dise\u00f1o y requisitos del proyecto.<\/p>\n<p>El objetivo de la emisi\u00f3n de los Planes de Puntos de Inspecci\u00f3n es la verificaci\u00f3n de que estos\u00a0<strong>Planes de Puntos de Inspecci\u00f3n<\/strong>\u00a0cumplen con c\u00f3digo de dise\u00f1o, Requisitos de Proyecto Aplicables y Especificaciones del Cliente y\/o Licenciante.<br \/>\n[\/vc_column_text][vc_empty_space][\/vc_column_inner][vc_column_inner width=\u00bb1\/2&#8243; css=\u00bb.vc_custom_1644937893472{padding-right: 0px !important;}\u00bb][vc_single_image image=\u00bb1322&#8243; img_size=\u00bbfull\u00bb qode_css_animation=\u00bb\u00bb][\/vc_column_inner][\/vc_row_inner][vc_empty_space][\/vc_column][\/vc_row][vc_row css_animation=\u00bb\u00bb row_type=\u00bbrow\u00bb use_row_as_full_screen_section=\u00bbno\u00bb type=\u00bbfull_width\u00bb angled_section=\u00bbno\u00bb text_align=\u00bbleft\u00bb background_image_as_pattern=\u00bbwithout_pattern\u00bb][vc_column][vc_empty_space height=\u00bb64px\u00bb][\/vc_column][\/vc_row]<\/p>\n<\/div>","protected":false},"excerpt":{"rendered":"<p>[vc_row css_animation=\u00bb\u00bb row_type=\u00bbrow\u00bb use_row_as_full_screen_section=\u00bbno\u00bb type=\u00bbfull_width\u00bb angled_section=\u00bbno\u00bb text_align=\u00bbleft\u00bb background_image_as_pattern=\u00bbwithout_pattern\u00bb][vc_column width=\u00bb1\/4&#8243;][vc_raw_html]JTNDaDUlM0VPdHJvcyUyMFNlcnZpY2lvcyUyMElOU1BFQ0NJJUMzJTkzTiUzQyUyRmg1JTNF[\/vc_raw_html][vc_separator type=\u00bbnormal\u00bb color=\u00bb#bcbcbc\u00bb thickness=\u00bb1&#8243; transparency=\u00bb0.4&#8243;][vc_column_text] INSPECCI\u00d3N REVISI\u00d3N DE PROCEDIMIENTOS DE FABRICACI\u00d3N Y PLANES DE PUNTOS DE INSPECCI\u00d3N INSPECCI\u00d3N DE FABRICACI\u00d3N, MONTAJE Y MANTENIMIENTO DE EQUIPOS INSPECTORES CERTIFICADOS API 653 [\/vc_column_text][vc_empty_space][vc_separator type=\u00bbnormal\u00bb color=\u00bb#bcbcbc\u00bb thickness=\u00bb1&#8243; transparency=\u00bb0.4&#8243;][vc_empty_space][vc_raw_html]JTNDaDUlM0VDb250YWN0YSUyMGNvbiUyMG5vc290cm9zJTNDJTJGaDUlM0U=[\/vc_raw_html][vc_separator type=\u00bbnormal\u00bb color=\u00bb#bcbcbc\u00bb thickness=\u00bb1&#8243;&#8230;<\/p>\n","protected":false},"author":1,"featured_media":0,"parent":23,"menu_order":0,"comment_status":"closed","ping_status":"closed","template":"","meta":{"footnotes":""},"class_list":["post-618","page","type-page","status-publish","hentry"],"_links":{"self":[{"href":"https:\/\/scifrancesa.fr\/es\/wp-json\/wp\/v2\/pages\/618","targetHints":{"allow":["GET"]}}],"collection":[{"href":"https:\/\/scifrancesa.fr\/es\/wp-json\/wp\/v2\/pages"}],"about":[{"href":"https:\/\/scifrancesa.fr\/es\/wp-json\/wp\/v2\/types\/page"}],"author":[{"embeddable":true,"href":"https:\/\/scifrancesa.fr\/es\/wp-json\/wp\/v2\/users\/1"}],"replies":[{"embeddable":true,"href":"https:\/\/scifrancesa.fr\/es\/wp-json\/wp\/v2\/comments?post=618"}],"version-history":[{"count":47,"href":"https:\/\/scifrancesa.fr\/es\/wp-json\/wp\/v2\/pages\/618\/revisions"}],"predecessor-version":[{"id":58412,"href":"https:\/\/scifrancesa.fr\/es\/wp-json\/wp\/v2\/pages\/618\/revisions\/58412"}],"up":[{"embeddable":true,"href":"https:\/\/scifrancesa.fr\/es\/wp-json\/wp\/v2\/pages\/23"}],"wp:attachment":[{"href":"https:\/\/scifrancesa.fr\/es\/wp-json\/wp\/v2\/media?parent=618"}],"curies":[{"name":"wp","href":"https:\/\/api.w.org\/{rel}","templated":true}]}}