{"id":63,"date":"2021-12-01T10:12:13","date_gmt":"2021-12-01T10:12:13","guid":{"rendered":"http:\/\/scisa.providersweb.es\/?page_id=63"},"modified":"2023-02-02T12:23:16","modified_gmt":"2023-02-02T12:23:16","slug":"ensayos-por-radiografia-industrial","status":"publish","type":"page","link":"https:\/\/scifrancesa.fr\/es\/ensayos-no-destructivos-y-laboratorio-metalurgico\/ensayos-por-radiografia-industrial\/","title":{"rendered":"Ensayos por Radiograf\u00eda Industrial"},"content":{"rendered":"<div class=\"wpb-content-wrapper\"><p>[vc_row css_animation=\u00bb\u00bb row_type=\u00bbrow\u00bb use_row_as_full_screen_section=\u00bbno\u00bb type=\u00bbfull_width\u00bb angled_section=\u00bbno\u00bb text_align=\u00bbleft\u00bb background_image_as_pattern=\u00bbwithout_pattern\u00bb][vc_column width=\u00bb1\/4&#8243;][vc_raw_html]JTNDaDUlM0VPdHJvcyUyMFNlcnZpY2lvcyUyMEVORCUzQyUyRmg1JTNF[\/vc_raw_html][vc_separator type=\u00bbnormal\u00bb color=\u00bb#bcbcbc\u00bb thickness=\u00bb1&#8243; transparency=\u00bb0.4&#8243;][vc_raw_html]JTNDdWwlMjBjbGFzcyUzRCUyMm1lbnUtbGF0ZXJhbCUyMiUzRSUwQSUzQ2xpJTIwY2xhc3MlM0QlMjJ2b2x2ZXIlMjIlM0UlM0NhJTIwaHJlZiUzRCUyMmh0dHBzJTNBJTJGJTJGc2NpZnJhbmNlc2EuZnIlMkZlcyUyRmVuc2F5b3Mtbm8tZGVzdHJ1Y3Rpdm9zLXktbGFib3JhdG9yaW8tbWV0YWx1cmdpY28lMkYlMjIlMjAlM0UlM0NpJTIwY2xhc3MlM0QlMjJmYSUyMGZhLWJhY2t3YXJkJTIyJTIwYXJpYS1oaWRkZW4lM0QlMjJ0cnVlJTIyJTNFJTNDJTJGaSUzRSUyMEVOU0FZT1MlMjBOTyUyMERFU1RSVUNUSVZPUyUyMFklMjBMQUJPUkFUT1JJTyUyME1FVEFMJUMzJTlBUkdJQ08lM0MlMkZhJTNFJTNDJTJGbGklM0UlMEElM0NsaSUzRSUzQ2ElMjBocmVmJTNEJTIyaHR0cHMlM0ElMkYlMkZzY2lmcmFuY2VzYS5mciUyRmVzJTJGZW5zYXlvcy1uby1kZXN0cnVjdGl2b3MteS1sYWJvcmF0b3Jpby1tZXRhbHVyZ2ljbyUyRmVuc2F5b3MtcG9yLXJhZGlvZ3JhZmlhLWluZHVzdHJpYWwlMkYlMjIlM0VFbnNheW9zJTIwcG9yJTIwcmFkaW9ncmFmJUMzJUFEYSUyMGluZHVzdHJpYWwlM0MlMkZhJTNFJTNDJTJGbGklM0UlMEElM0NsaSUyMGNsYXNzJTNEJTIyc2luLWVubGFjZSUyMiUzRUVuc2F5b3MlMjBwb3IlMjBVbHRyYXNvbmlkb3MlM0MlMkZsaSUzRSUzQ2xpJTNFJTNDYSUyMGhyZWYlM0QlMjJodHRwcyUzQSUyRiUyRnNjaWZyYW5jZXNhLmZyJTJGZXMlMkZlbnNheW9zLW5vLWRlc3RydWN0aXZvcy15LWxhYm9yYXRvcmlvLW1ldGFsdXJnaWNvJTJGZW5zYXlvcy1wb3ItbGlxdWlkb3MtcGVuZXRyYW50ZXMlMkYlMjIlM0VFbnNheW9zJTIwcG9yJTIwTCVDMyVBRHF1aWRvcyUyMFBlbmV0cmFudGVzJTNDJTJGYSUzRSUzQyUyRmxpJTNFJTBBJTNDbGklM0UlM0NhJTIwaHJlZiUzRCUyMmh0dHBzJTNBJTJGJTJGc2NpZnJhbmNlc2EuZnIlMkZlcyUyRmVuc2F5b3Mtbm8tZGVzdHJ1Y3Rpdm9zLXktbGFib3JhdG9yaW8tbWV0YWx1cmdpY28lMkZlbnNheW9zLXBvci1wYXJ0aWN1bGFzLW1hZ25ldGljYXMlMkYlMjIlM0VFbnNheW9zJTIwcG9yJTIwUGFydCVDMyVBRGN1bGFzJTIwTWFnbiVDMyVBOXRpY2FzJTNDJTJGYSUzRSUzQyUyRmxpJTNFJTBBJTNDbGklM0UlM0NhJTIwaHJlZiUzRCUyMmh0dHBzJTNBJTJGJTJGc2NpZnJhbmNlc2EuZnIlMkZlcyUyRmVuc2F5b3Mtbm8tZGVzdHJ1Y3Rpdm9zLXktbGFib3JhdG9yaW8tbWV0YWx1cmdpY28lMkZwcnVlYmFzLWRlLWZ1Z2FzLWRlLWhlbGlvJTJGJTIyJTNFUHJ1ZWJhcyUyMGRlJTIwZnVnYXMlMjBkZSUyMEhlbGlvJTNDJTJGYSUzRSUzQyUyRmxpJTNFJTBBJTNDbGklM0UlM0NhJTIwaHJlZiUzRCUyMmh0dHBzJTNBJTJGJTJGc2NpZnJhbmNlc2EuZnIlMkZlcyUyRmVuc2F5b3Mtbm8tZGVzdHJ1Y3Rpdm9zLXktbGFib3JhdG9yaW8tbWV0YWx1cmdpY28lMkZpbnNwZWNjaW9uLWRlLXNvbGRhZHVyYS1kZS10b3JyZXMtZW9saWNhcyUyRiUyMiUzRSUyMEluc3BlY2NpJUMzJUIzbiUyMGRlJTIwc29sZGFkdXJhJTIwZGUlMjBUb3JyZXMlMjBkZSUyMEUlQzMlQjNsaWNhcyUzQyUyRmElM0UlM0MlMkZsaSUzRSUwQSUzQ2xpJTNFJTNDYSUyMGhyZWYlM0QlMjJodHRwcyUzQSUyRiUyRnNjaWZyYW5jZXNhLmZyJTJGZXMlMkZlbnNheW9zLW5vLWRlc3RydWN0aXZvcy15LWxhYm9yYXRvcmlvLW1ldGFsdXJnaWNvJTJGaW5zcGVjY2lvbi1kZS1jb3Jyb3Npb24tcG9yLXVsdHJhc29uaWRvcyUyRiUyMiUzRUluc3BlY2NpJUMzJUIzbiUyMGRlJTIwQ29ycm9zaSVDMyVCM24lMjBwb3IlMjBVbHRyYXNvbmlkb3MlM0MlMkZhJTNFJTNDJTJGbGklM0UlMEElM0NsaSUzRSUzQ2ElMjBocmVmJTNEJTIyaHR0cHMlM0ElMkYlMkZzY2lmcmFuY2VzYS5mciUyRmVzJTJGZW5zYXlvcy1uby1kZXN0cnVjdGl2b3MteS1sYWJvcmF0b3Jpby1tZXRhbHVyZ2ljbyUyRm90cm9zLWVuc2F5b3Mtbm8tZGVzdHJ1Y3Rpdm9zJTJGJTIyJTNFT3Ryb3MlMjBlbnNheW9zJTIwbm8lMjBkZXN0cnVjdGl2b3MlM0MlMkZhJTNFJTNDJTJGbGklM0UlMEElM0NsaSUzRSUzQ2ElMjBocmVmJTNEJTIyaHR0cHMlM0ElMkYlMkZzY2lmcmFuY2VzYS5mciUyRmVzJTJGZW5zYXlvcy1uby1kZXN0cnVjdGl2b3MteS1sYWJvcmF0b3Jpby1tZXRhbHVyZ2ljbyUyRmVuc2F5b3MtYXBsaWNhZG9zLWEtcGlwZWxpbmVzLXktZ3JhbmRlcy10YW5xdWVzLWRlLWFsbWFjZW5hbWllbnRvJTJGJTIyJTNFRW5zYXlvcyUyMGFwbGljYWRvcyUyMGElMjBQaXBlbGluZXMlMjB5JTIwR3JhbmRlcyUyMFRhbnF1ZXMlMjBkZSUyMEFsbWFjZW5hbWllbnRvJTNDJTJGYSUzRSUzQyUyRmxpJTNFJTBBJTNDJTJGdWwlM0UlMEElMEE=[\/vc_raw_html][vc_empty_space][vc_raw_html]JTNDaDUlM0VDb250YWN0YSUyMGNvbiUyMG5vc290cm9zJTNDJTJGaDUlM0U=[\/vc_raw_html][vc_separator type=\u00bbnormal\u00bb color=\u00bb#bcbcbc\u00bb thickness=\u00bb1&#8243; transparency=\u00bb0.4&#8243;][vc_widget_sidebar sidebar_id=\u00bbsidebar-blog\u00bb][\/vc_column][vc_column width=\u00bb3\/4&#8243;][vc_row_inner row_type=\u00bbrow\u00bb type=\u00bbfull_width\u00bb text_align=\u00bbleft\u00bb css_animation=\u00bb\u00bb css=\u00bb.vc_custom_1639654729177{background-color: #ffffff !important;}\u00bb][vc_column_inner css=\u00bb.vc_custom_1639654809595{padding-right: 45px !important;padding-left: 45px !important;background-color: #ffffff !important;}\u00bb][vc_column_text]<\/p>\n<h2 class=\"internas-titul\">\u00bfQU\u00c9 ES LA RADIOGRAF\u00cdA INDUSTRIAL?<\/h2>\n<p style=\"text-align: left;\">La\u00a0<strong>Radiograf\u00eda industrial<\/strong>\u00a0es un\u00a0<strong>Ensayo No Destructivo<\/strong>\u00a0que consiste en atravesar el componente a ensayar con un haz de radiaci\u00f3n electromagn\u00e9tica ionizante (rayos gamma o rayos X).<\/p>\n<p style=\"text-align: left;\">Esta radiaci\u00f3n ser\u00e1 m\u00e1s o menos absorbida por las discontinuidades internas de la pieza, llegando a la otra cara de la misma, con una intensidad de radiaci\u00f3n distinta, e impresionando una <strong>pel\u00edcula radiogr\u00e1fica<\/strong>, la cual, una vez revelada muestra la localizaci\u00f3n de dichas discontinuidades.<\/p>\n<p style=\"text-align: left;\">Dentro de las t\u00e9cnicas de <strong>Radiograf\u00eda Industrial<\/strong> que se realizan en\u00a0<a href=\"https:\/\/scifrancesa.fr\/\">SCI<\/a>\u00a0destacamos las siguientes:<\/p>\n<p>[\/vc_column_text][vc_empty_space][\/vc_column_inner][\/vc_row_inner][vc_empty_space][vc_row_inner row_type=\u00bbrow\u00bb type=\u00bbfull_width\u00bb text_align=\u00bbleft\u00bb css_animation=\u00bb\u00bb css=\u00bb.vc_custom_1639742702193{padding-right: 0px !important;padding-left: 25px !important;background-color: #ffffff !important;}\u00bb][vc_column_inner width=\u00bb1\/2&#8243;][vc_empty_space height=\u00bb80px\u00bb][vc_column_text]<\/p>\n<h2 class=\"internas-titul\">RADIOGRAF\u00cdA CONVENCIONAL<\/h2>\n<p><strong>SCI<\/strong> tiene los siguientes equipos para realizar radiograf\u00eda industrial:<\/p>\n<ul class=\"lista-interna\">\n<li><i class=\"fa fa-angle-right\" aria-hidden=\"true\"><\/i> Equipos port\u00e1tiles de <strong>gammagraf\u00eda<\/strong> con fuentes de Ir192, Se75.<\/li>\n<li><i class=\"fa fa-angle-right\" aria-hidden=\"true\"><\/i> Equipos fijos de gammagraf\u00eda para su <strong>utilizaci\u00f3n en b\u00fanker<\/strong> con fuentes de Co60.<\/li>\n<li><i class=\"fa fa-angle-right\" aria-hidden=\"true\"><\/i> Equipos port\u00e1tiles de <strong>Rayos X<\/strong> de hasta 360 kV para su utilizaci\u00f3n en b\u00fanker y obra.<\/li>\n<li><i class=\"fa fa-angle-right\" aria-hidden=\"true\"><\/i> Equipos de <strong>Rayos X de potencial<\/strong> constante hasta 450 Kv para su utilizaci\u00f3n en b\u00fanker.<\/li>\n<\/ul>\n<p>[\/vc_column_text][vc_column_text]En la mayor\u00eda de sus delegaciones,\u00a0<strong>SCI<\/strong>\u00a0dispone de\u00a0<strong>bunkers<\/strong>\u00a0para el radiografiado. Existe tambi\u00e9n la posibilidad de\u00a0<strong>instalar bunkers modulares<\/strong>\u00a0en las instalaciones del cliente.[\/vc_column_text][vc_empty_space][\/vc_column_inner][vc_column_inner width=\u00bb1\/2&#8243; css=\u00bb.vc_custom_1643711533605{padding-right: 0px !important;}\u00bb][vc_single_image image=\u00bb780&#8243; img_size=\u00bbfull\u00bb alignment=\u00bbright\u00bb qode_css_animation=\u00bb\u00bb css=\u00bb.vc_custom_1639742866473{margin-top: 0px !important;margin-right: 0px !important;margin-bottom: 0px !important;margin-left: 0px !important;border-top-width: 0px !important;border-right-width: 0px !important;border-bottom-width: 0px !important;border-left-width: 0px !important;padding-top: 0px !important;padding-right: 0px !important;padding-bottom: 0px !important;padding-left: 0px !important;}\u00bb][\/vc_column_inner][\/vc_row_inner][vc_empty_space][vc_row_inner row_type=\u00bbrow\u00bb type=\u00bbfull_width\u00bb text_align=\u00bbleft\u00bb css_animation=\u00bb\u00bb css=\u00bb.vc_custom_1639647452155{background-color: #ffffff !important;}\u00bb][vc_column_inner css=\u00bb.vc_custom_1639654835560{padding-right: 45px !important;padding-left: 45px !important;}\u00bb][vc_empty_space][vc_column_text]<\/p>\n<h2 class=\"internas-titul\">RADIOGRAF\u00cdA CON ACELERADOR LINEAL<\/h2>\n<p>Desde finales del a\u00f1o 2009,\u00a0<strong>SCI<\/strong>\u00a0dispone de un acelerador lineal en sus instalaciones de\u00a0<a href=\"https:\/\/g.page\/scibeasain\" target=\"_blank\" rel=\"noopener\">Beasain<\/a>\u00a0(Guip\u00fazcoa), destinado exclusivamente a la inspecci\u00f3n radiogr\u00e1fica de grandes componentes, siendo la primera empresa espa\u00f1ola especializada en servicios de inspecci\u00f3n que ofrece a sus clientes la posibilidad de radiografiar espesores de acero de hasta\u00a0<strong>300 mm de espesor<\/strong>.\u00a0Para ello dispone de un\u00a0<strong>acelerador lineal de 6 MeV para su utilizaci\u00f3n en b\u00fanker<\/strong>.<\/p>\n<p>El empleo del acelerador lineal ha permitido a\u00a0<strong>SCI<\/strong>\u00a0darse a conocer en los pa\u00edses de nuestro entorno, en los que existe una demanda en auge en el\u00a0<strong>sector metal\u00fargico<\/strong>\u00a0de aplicaciones de este tipo.<\/p>\n<p style=\"text-align: left;\">Dentro de las t\u00e9cnicas de <strong>Radiograf\u00eda Industrial<\/strong> que se realizan en\u00a0<a href=\"https:\/\/scifrancesa.fr\/es\">SCI<\/a>\u00a0destacamos las siguientes:<\/p>\n<p>[\/vc_column_text][vc_empty_space][vc_gallery type=\u00bbimage_grid\u00bb images=\u00bb786,791&#8243; img_size=\u00bb540&#215;233&#8243; onclick=\u00bb\u00bb column_number=\u00bb2&#8243; grayscale=\u00bbno\u00bb images_space=\u00bbgallery_with_space\u00bb][\/vc_column_inner][\/vc_row_inner][vc_empty_space][vc_row_inner row_type=\u00bbrow\u00bb type=\u00bbfull_width\u00bb text_align=\u00bbleft\u00bb css_animation=\u00bb\u00bb css=\u00bb.vc_custom_1639741983355{background-color: #ffffff !important;}\u00bb el_class=\u00bblistas-chulas\u00bb][vc_column_inner css=\u00bb.vc_custom_1639655037798{padding-top: 30px !important;}\u00bb][vc_column_text]<\/p>\n<h2 class=\"internas-titul\">OTROS SERVICIOS DE RADIOGRAF\u00cdA INDUSTRIAL<\/h2>\n<p>[\/vc_column_text][vc_empty_space height=\u00bb20px\u00bb]<div class=\"qode-advanced-tabs qode-advanced-tabs qode-advanced-horizontal-tab clearfix qode-advanced-tab-without-icon qode-advanced-tabs-column-3 clearfix\">\n\t<ul class=\"qode-advanced-tabs-nav\">\n\t\t\t\t\t<li>\n\t\t\t\t<h3>\n\t\t\t\t\t<a href=\"#tab-radiografia-digital\">\n\t\t\t\t\t\t\n\t\t\t\t\t\t\t\t\t\t\t\t\t<span class=\"qode-advanced-tab-text-after-icon\">\n\t\t\t\t\t\t\t\tRadiograf\u00eda Digital\t\t\t\t\t\t\t<\/span>\n\t\t\t\t\t\t\t\t\t\t\t<\/a>\n\t\t\t\t<\/h3>\n\t\t\t<\/li>\n\t\t\t\t\t<li>\n\t\t\t\t<h3>\n\t\t\t\t\t<a href=\"#tab-digitalizacion-de-radiografias\">\n\t\t\t\t\t\t\n\t\t\t\t\t\t\t\t\t\t\t\t\t<span class=\"qode-advanced-tab-text-after-icon\">\n\t\t\t\t\t\t\t\tDigitalizaci\u00f3n de Radiograf\u00edas\t\t\t\t\t\t\t<\/span>\n\t\t\t\t\t\t\t\t\t\t\t<\/a>\n\t\t\t\t<\/h3>\n\t\t\t<\/li>\n\t\t\t\t\t<li>\n\t\t\t\t<h3>\n\t\t\t\t\t<a href=\"#tab-radiografia-automatica\">\n\t\t\t\t\t\t\n\t\t\t\t\t\t\t\t\t\t\t\t\t<span class=\"qode-advanced-tab-text-after-icon\">\n\t\t\t\t\t\t\t\tRadiograf\u00eda Autom\u00e1tica\t\t\t\t\t\t\t<\/span>\n\t\t\t\t\t\t\t\t\t\t\t<\/a>\n\t\t\t\t<\/h3>\n\t\t\t<\/li>\n\t\t\t<\/ul>\n\t<div class=\"qode-advanced-tab-container\" id=\"tab-radiografia-digital-1000\" data-icon-pack=\"\" data-icon-html=\"\">[vc_column_text]La\u00a0<strong>radiograf\u00eda digital<\/strong>\u00a0es una alternativa a la radiograf\u00eda convencional en la que la pel\u00edcula se sustituye por un sistema de captaci\u00f3n cuya lectura ofrece una imagen radiogr\u00e1fica digitalizada.<\/p>\n<p class=\"p1\">La\u00a0<strong>radiograf\u00eda digital<\/strong>\u00a0tiene importantes ventajas sobre la radiograf\u00eda convencional entre las que podr\u00edamos\u00a0<strong>destacar:<\/strong><\/p>\n<p>[\/vc_column_text][vc_column_text el_class=\u00bbcontenido-lista\u00bb]<strong>Existen dos sistemas de captaci\u00f3n de im\u00e1genes radiogr\u00e1ficas:<\/strong><\/p>\n<ul>\n<li><strong>Paneles de captura directa de im\u00e1genes (DR).<\/strong> Con este sistema un captador electr\u00f3nico de im\u00e1genes adquiere directamente la imagen radiogr\u00e1fica y la presenta en la pantalla de un ordenador.<\/li>\n<li><strong>Esc\u00e1ner digital y Pel\u00edcula digital (CR).<\/strong> Este sistema emplea soportes flexibles capaces de capturar una <strong>imagen digital<\/strong> y se emplean de manera similar a la pel\u00edcula convencional. Estos soportes flexibles son procesados en un<strong> esc\u00e1ner digital<\/strong> que muestra la <strong>imagen radiogr\u00e1fica<\/strong> en la pantalla de un ordenador.<\/li>\n<\/ul>\n<p class=\"p1\"><strong>SCI<\/strong>\u00a0dispone de ambos sistemas\u00a0<strong>DR<\/strong>\u00a0y\u00a0<strong>CR<\/strong>, pudiendo ofrecerles el mejor servicio y asesoramiento en funci\u00f3n de las necesidades de los clientes.<\/p>\n<p class=\"p1\">Los\u00a0<strong>campos de aplicaci\u00f3n<\/strong>\u00a0de la\u00a0<strong>radiograf\u00eda digital<\/strong>\u00a0son esencialmente los mismos que los de la\u00a0<strong>radiograf\u00eda convencional<\/strong>, aunque el empleo de software espec\u00edficos para el an\u00e1lisis de im\u00e1genes permite\u00a0<strong>nuevas aplicaciones de este m\u00e9todo de ensayo.<\/strong>\u00a0Entre estas nuevas aplicaciones\u00a0<strong>se pueden destacar:<\/strong><\/p>\n<ul>\n<li><strong>Medici\u00f3n de espesores<\/strong> en tuber\u00eda calorifugada.<\/li>\n<li>Medici\u00f3n de <strong>\u00e1reas de porosidad<\/strong> en componentes.<\/li>\n<li>Medici\u00f3n de <strong>espesores en componentes.<\/strong><\/li>\n<\/ul>\n<p>[\/vc_column_text]<\/div><div class=\"qode-advanced-tab-container\" id=\"tab-digitalizacion-de-radiografias-327\" data-icon-pack=\"\" data-icon-html=\"\">[vc_column_text el_class=\u00bbcontenido-lista\u00bb]Como complemento a la radiograf\u00eda digital, el\u00a0<strong>servicio de Digitalizaci\u00f3n de Radiograf\u00edas Convencionales<\/strong>\u00a0supone una innovaci\u00f3n en la conservaci\u00f3n de los registros radiogr\u00e1ficos (pel\u00edculas), resolviendo los problemas de archivo de estos.<\/p>\n<p>La\u00a0<strong>digitalizaci\u00f3n<\/strong>\u00a0de las placas radiogr\u00e1ficas se realiza con\u00a0<strong>esc\u00e1neres de muy alta resoluci\u00f3n<\/strong>, lo que permite que la resoluci\u00f3n y la calidad de las im\u00e1genes digitalizadas sean similares a las de la placa radiogr\u00e1fica convencional.<\/p>\n<p>Las im\u00e1genes digitales obtenidas se pueden tratar de una manera similar a las placas radiogr\u00e1ficas convencionales.[\/vc_column_text]<\/div><div class=\"qode-advanced-tab-container\" id=\"tab-radiografia-automatica-557\" data-icon-pack=\"\" data-icon-html=\"\">[vc_column_text el_class=\u00bbcontenido-lista\u00bb]Desde que se comenzaron a utilizar en\u00a0<strong>Espa\u00f1a<\/strong>\u00a0equipos tipo\u00a0<strong>Crawler<\/strong>\u00a0para la\u00a0<strong>Inspecci\u00f3n Radiogr\u00e1fica Automatizada de Gasoductos y Oleoductos<\/strong>, la inspecci\u00f3n de canalizaciones se ha optimizado en gran medida. Estos equipos posibilitan el examen de un gran n\u00famero de soldaduras en menos tiempo y con mayor calidad.<\/p>\n<p><strong>SCI<\/strong>\u00a0dise\u00f1a y fabrica sus propios\u00a0<strong>equipos Crawler<\/strong>, aptos para di\u00e1metros desde\u00a0<strong>3\u201d a 60\u201d<\/strong>, lo que ha permitido posicionarse como\u00a0<strong>l\u00edder en Espa\u00f1a en el mercado de la inspecci\u00f3n de oleoductos y gasoductos durante su construcci\u00f3n<\/strong>. Esto ha servido como trampol\u00edn para, a trav\u00e9s de esta actividad, poder expandirse en el extranjero.[\/vc_column_text]<\/div><\/div>[\/vc_column_inner][\/vc_row_inner][vc_empty_space][\/vc_column][\/vc_row][vc_row css_animation=\u00bb\u00bb row_type=\u00bbrow\u00bb use_row_as_full_screen_section=\u00bbno\u00bb type=\u00bbfull_width\u00bb angled_section=\u00bbno\u00bb text_align=\u00bbleft\u00bb background_image_as_pattern=\u00bbwithout_pattern\u00bb][vc_column][vc_empty_space height=\u00bb64px\u00bb][\/vc_column][\/vc_row]<\/p>\n<\/div>","protected":false},"excerpt":{"rendered":"<p>[vc_row css_animation=\u00bb\u00bb row_type=\u00bbrow\u00bb use_row_as_full_screen_section=\u00bbno\u00bb type=\u00bbfull_width\u00bb angled_section=\u00bbno\u00bb text_align=\u00bbleft\u00bb background_image_as_pattern=\u00bbwithout_pattern\u00bb][vc_column width=\u00bb1\/4&#8243;][vc_raw_html]JTNDaDUlM0VPdHJvcyUyMFNlcnZpY2lvcyUyMEVORCUzQyUyRmg1JTNF[\/vc_raw_html][vc_separator type=\u00bbnormal\u00bb color=\u00bb#bcbcbc\u00bb thickness=\u00bb1&#8243; transparency=\u00bb0.4&#8243;][vc_raw_html]JTNDdWwlMjBjbGFzcyUzRCUyMm1lbnUtbGF0ZXJhbCUyMiUzRSUwQSUzQ2xpJTIwY2xhc3MlM0QlMjJ2b2x2ZXIlMjIlM0UlM0NhJTIwaHJlZiUzRCUyMmh0dHBzJTNBJTJGJTJGc2NpZnJhbmNlc2EuZnIlMkZlcyUyRmVuc2F5b3Mtbm8tZGVzdHJ1Y3Rpdm9zLXktbGFib3JhdG9yaW8tbWV0YWx1cmdpY28lMkYlMjIlMjAlM0UlM0NpJTIwY2xhc3MlM0QlMjJmYSUyMGZhLWJhY2t3YXJkJTIyJTIwYXJpYS1oaWRkZW4lM0QlMjJ0cnVlJTIyJTNFJTNDJTJGaSUzRSUyMEVOU0FZT1MlMjBOTyUyMERFU1RSVUNUSVZPUyUyMFklMjBMQUJPUkFUT1JJTyUyME1FVEFMJUMzJTlBUkdJQ08lM0MlMkZhJTNFJTNDJTJGbGklM0UlMEElM0NsaSUzRSUzQ2ElMjBocmVmJTNEJTIyaHR0cHMlM0ElMkYlMkZzY2lmcmFuY2VzYS5mciUyRmVzJTJGZW5zYXlvcy1uby1kZXN0cnVjdGl2b3MteS1sYWJvcmF0b3Jpby1tZXRhbHVyZ2ljbyUyRmVuc2F5b3MtcG9yLXJhZGlvZ3JhZmlhLWluZHVzdHJpYWwlMkYlMjIlM0VFbnNheW9zJTIwcG9yJTIwcmFkaW9ncmFmJUMzJUFEYSUyMGluZHVzdHJpYWwlM0MlMkZhJTNFJTNDJTJGbGklM0UlMEElM0NsaSUyMGNsYXNzJTNEJTIyc2luLWVubGFjZSUyMiUzRUVuc2F5b3MlMjBwb3IlMjBVbHRyYXNvbmlkb3MlM0MlMkZsaSUzRSUzQ2xpJTNFJTNDYSUyMGhyZWYlM0QlMjJodHRwcyUzQSUyRiUyRnNjaWZyYW5jZXNhLmZyJTJGZXMlMkZlbnNheW9zLW5vLWRlc3RydWN0aXZvcy15LWxhYm9yYXRvcmlvLW1ldGFsdXJnaWNvJTJGZW5zYXlvcy1wb3ItbGlxdWlkb3MtcGVuZXRyYW50ZXMlMkYlMjIlM0VFbnNheW9zJTIwcG9yJTIwTCVDMyVBRHF1aWRvcyUyMFBlbmV0cmFudGVzJTNDJTJGYSUzRSUzQyUyRmxpJTNFJTBBJTNDbGklM0UlM0NhJTIwaHJlZiUzRCUyMmh0dHBzJTNBJTJGJTJGc2NpZnJhbmNlc2EuZnIlMkZlcyUyRmVuc2F5b3Mtbm8tZGVzdHJ1Y3Rpdm9zLXktbGFib3JhdG9yaW8tbWV0YWx1cmdpY28lMkZlbnNheW9zLXBvci1wYXJ0aWN1bGFzLW1hZ25ldGljYXMlMkYlMjIlM0VFbnNheW9zJTIwcG9yJTIwUGFydCVDMyVBRGN1bGFzJTIwTWFnbiVDMyVBOXRpY2FzJTNDJTJGYSUzRSUzQyUyRmxpJTNFJTBBJTNDbGklM0UlM0NhJTIwaHJlZiUzRCUyMmh0dHBzJTNBJTJGJTJGc2NpZnJhbmNlc2EuZnIlMkZlcyUyRmVuc2F5b3Mtbm8tZGVzdHJ1Y3Rpdm9zLXktbGFib3JhdG9yaW8tbWV0YWx1cmdpY28lMkZwcnVlYmFzLWRlLWZ1Z2FzLWRlLWhlbGlvJTJGJTIyJTNFUHJ1ZWJhcyUyMGRlJTIwZnVnYXMlMjBkZSUyMEhlbGlvJTNDJTJGYSUzRSUzQyUyRmxpJTNFJTBBJTNDbGklM0UlM0NhJTIwaHJlZiUzRCUyMmh0dHBzJTNBJTJGJTJGc2NpZnJhbmNlc2EuZnIlMkZlcyUyRmVuc2F5b3Mtbm8tZGVzdHJ1Y3Rpdm9zLXktbGFib3JhdG9yaW8tbWV0YWx1cmdpY28lMkZpbnNwZWNjaW9uLWRlLXNvbGRhZHVyYS1kZS10b3JyZXMtZW9saWNhcyUyRiUyMiUzRSUyMEluc3BlY2NpJUMzJUIzbiUyMGRlJTIwc29sZGFkdXJhJTIwZGUlMjBUb3JyZXMlMjBkZSUyMEUlQzMlQjNsaWNhcyUzQyUyRmElM0UlM0MlMkZsaSUzRSUwQSUzQ2xpJTNFJTNDYSUyMGhyZWYlM0QlMjJodHRwcyUzQSUyRiUyRnNjaWZyYW5jZXNhLmZyJTJGZXMlMkZlbnNheW9zLW5vLWRlc3RydWN0aXZvcy15LWxhYm9yYXRvcmlvLW1ldGFsdXJnaWNvJTJGaW5zcGVjY2lvbi1kZS1jb3Jyb3Npb24tcG9yLXVsdHJhc29uaWRvcyUyRiUyMiUzRUluc3BlY2NpJUMzJUIzbiUyMGRlJTIwQ29ycm9zaSVDMyVCM24lMjBwb3IlMjBVbHRyYXNvbmlkb3MlM0MlMkZhJTNFJTNDJTJGbGklM0UlMEElM0NsaSUzRSUzQ2ElMjBocmVmJTNEJTIyaHR0cHMlM0ElMkYlMkZzY2lmcmFuY2VzYS5mciUyRmVzJTJGZW5zYXlvcy1uby1kZXN0cnVjdGl2b3MteS1sYWJvcmF0b3Jpby1tZXRhbHVyZ2ljbyUyRm90cm9zLWVuc2F5b3Mtbm8tZGVzdHJ1Y3Rpdm9zJTJGJTIyJTNFT3Ryb3MlMjBlbnNheW9zJTIwbm8lMjBkZXN0cnVjdGl2b3MlM0MlMkZhJTNFJTNDJTJGbGklM0UlMEElM0NsaSUzRSUzQ2ElMjBocmVmJTNEJTIyaHR0cHMlM0ElMkYlMkZzY2lmcmFuY2VzYS5mciUyRmVzJTJGZW5zYXlvcy1uby1kZXN0cnVjdGl2b3MteS1sYWJvcmF0b3Jpby1tZXRhbHVyZ2ljbyUyRmVuc2F5b3MtYXBsaWNhZG9zLWEtcGlwZWxpbmVzLXktZ3JhbmRlcy10YW5xdWVzLWRlLWFsbWFjZW5hbWllbnRvJTJGJTIyJTNFRW5zYXlvcyUyMGFwbGljYWRvcyUyMGElMjBQaXBlbGluZXMlMjB5JTIwR3JhbmRlcyUyMFRhbnF1ZXMlMjBkZSUyMEFsbWFjZW5hbWllbnRvJTNDJTJGYSUzRSUzQyUyRmxpJTNFJTBBJTNDJTJGdWwlM0UlMEElMEE=[\/vc_raw_html][vc_empty_space][vc_raw_html]JTNDaDUlM0VDb250YWN0YSUyMGNvbiUyMG5vc290cm9zJTNDJTJGaDUlM0U=[\/vc_raw_html][vc_separator type=\u00bbnormal\u00bb color=\u00bb#bcbcbc\u00bb thickness=\u00bb1&#8243; transparency=\u00bb0.4&#8243;][vc_widget_sidebar sidebar_id=\u00bbsidebar-blog\u00bb][\/vc_column][vc_column width=\u00bb3\/4&#8243;][vc_row_inner row_type=\u00bbrow\u00bb type=\u00bbfull_width\u00bb text_align=\u00bbleft\u00bb css_animation=\u00bb\u00bb css=\u00bb.vc_custom_1639654729177{background-color: #ffffff !important;}\u00bb][vc_column_inner css=\u00bb.vc_custom_1639654809595{padding-right: 45px !important;padding-left: 45px !important;background-color: #ffffff !important;}\u00bb][vc_column_text] \u00bfQU\u00c9 ES LA RADIOGRAF\u00cdA INDUSTRIAL? La\u00a0Radiograf\u00eda industrial\u00a0es un\u00a0Ensayo No Destructivo\u00a0que consiste en&#8230;<\/p>\n","protected":false},"author":1,"featured_media":0,"parent":21,"menu_order":0,"comment_status":"closed","ping_status":"closed","template":"","meta":{"footnotes":""},"class_list":["post-63","page","type-page","status-publish","hentry"],"_links":{"self":[{"href":"https:\/\/scifrancesa.fr\/es\/wp-json\/wp\/v2\/pages\/63","targetHints":{"allow":["GET"]}}],"collection":[{"href":"https:\/\/scifrancesa.fr\/es\/wp-json\/wp\/v2\/pages"}],"about":[{"href":"https:\/\/scifrancesa.fr\/es\/wp-json\/wp\/v2\/types\/page"}],"author":[{"embeddable":true,"href":"https:\/\/scifrancesa.fr\/es\/wp-json\/wp\/v2\/users\/1"}],"replies":[{"embeddable":true,"href":"https:\/\/scifrancesa.fr\/es\/wp-json\/wp\/v2\/comments?post=63"}],"version-history":[{"count":77,"href":"https:\/\/scifrancesa.fr\/es\/wp-json\/wp\/v2\/pages\/63\/revisions"}],"predecessor-version":[{"id":58278,"href":"https:\/\/scifrancesa.fr\/es\/wp-json\/wp\/v2\/pages\/63\/revisions\/58278"}],"up":[{"embeddable":true,"href":"https:\/\/scifrancesa.fr\/es\/wp-json\/wp\/v2\/pages\/21"}],"wp:attachment":[{"href":"https:\/\/scifrancesa.fr\/es\/wp-json\/wp\/v2\/media?parent=63"}],"curies":[{"name":"wp","href":"https:\/\/api.w.org\/{rel}","templated":true}]}}