{"id":634,"date":"2021-12-16T08:54:09","date_gmt":"2021-12-16T08:54:09","guid":{"rendered":"https:\/\/scisa.providersweb.es\/?page_id=634"},"modified":"2023-01-20T10:11:19","modified_gmt":"2023-01-20T10:11:19","slug":"inspeccion-de-vehiculos-y-maquinas-gnc-pemp-r-d-1215-97","status":"publish","type":"page","link":"https:\/\/scifrancesa.fr\/es\/inspeccion-industrial\/inspeccion-de-vehiculos-y-maquinas-gnc-pemp-r-d-1215-97\/","title":{"rendered":"Inspecci\u00f3n de Veh\u00edculos y m\u00e1quinas (GNC, PEMP, R.D. 1215\/97)"},"content":{"rendered":"<div class=\"wpb-content-wrapper\"><p>[vc_row css_animation=\u00bb\u00bb row_type=\u00bbrow\u00bb use_row_as_full_screen_section=\u00bbno\u00bb type=\u00bbfull_width\u00bb angled_section=\u00bbno\u00bb text_align=\u00bbleft\u00bb background_image_as_pattern=\u00bbwithout_pattern\u00bb][vc_column width=\u00bb1\/4&#8243;][vc_raw_html]JTNDaDUlM0VEZXNjYXJnYXMlM0MlMkZoNSUzRQ==[\/vc_raw_html][vc_separator type=\u00bbnormal\u00bb color=\u00bb#bcbcbc\u00bb thickness=\u00bb1&#8243; transparency=\u00bb0.4&#8243;][vc_raw_html]JTNDYSUyMHRhcmdldCUzRCUyMl9ibGFuayUyMiUyMGNsYXNzJTNEJTIyZm9sbGV0by11bm8lMjIlMjBocmVmJTNEJTIyaHR0cCUzQSUyRiUyRnNjaXNhLnByb3ZpZGVyc3dlYi5lcyUyRndwLWNvbnRlbnQlMkZ1cGxvYWRzJTJGMjAyMiUyRjAyJTJGRW50aWRhZC1kZS1JbnNwZWNjaW9uLVRpcG8tQS0xLnBkZiUyMiUzRSUzQ2RpdiUyMGNsYXNzJTNEJTIyZm9sbGV0byUyMiUzRSUwQSUzQ2ltZyUyMGNsYXNzJTNEJTIyaWNvbm8lMjIlMjBzcmMlM0QlMjJodHRwJTNBJTJGJTJGc2Npc2EucHJvdmlkZXJzd2ViLmVzJTJGd3AtY29udGVudCUyRnVwbG9hZHMlMkYyMDIxJTJGMTIlMkZkb3dubG9hZC1maWxlLTEucG5nJTIyJTJGJTNFJTBBJTNDcCUyMGNsYXNzJTNEJTIydGV4dG8lMjIlM0VEZXNjYXJnYXIlMjBmaWNoYSUyMHQlQzMlQTljbmljYSUzQyUyRnAlM0UlMEElMEElM0MlMkZkaXYlM0UlM0MlMkZhJTNF[\/vc_raw_html][vc_empty_space][vc_raw_html]JTNDaDUlM0VPdHJvcyUyMFNlcnZpY2lvcyUyMElOU1BFQ0NJJUMzJTkzTiUzQyUyRmg1JTNF[\/vc_raw_html][vc_separator type=\u00bbnormal\u00bb color=\u00bb#bcbcbc\u00bb thickness=\u00bb1&#8243; transparency=\u00bb0.4&#8243;][vc_raw_html]JTNDdWwlMjBjbGFzcyUzRCUyMm1lbnUtbGF0ZXJhbCUyMiUzRSUwQSUzQ2xpJTIwY2xhc3MlM0QlMjJ2b2x2ZXIlMjIlM0UlM0NhJTIwaHJlZiUzRCUyMmh0dHBzJTNBJTJGJTJGc2Npc2EucHJvdmlkZXJzd2ViLmVzJTJGaW5zcGVjY2lvbiUyRiUyMiUyMCUzRSUzQ2klMjBjbGFzcyUzRCUyMmZhJTIwZmEtYmFja3dhcmQlMjIlMjBhcmlhLWhpZGRlbiUzRCUyMnRydWUlMjIlM0UlM0MlMkZpJTNFJTIwSU5TUEVDQ0klQzMlOTNOJTNDJTJGYSUzRSUzQyUyRmxpJTNFJTBBJTBBJTNDbGklMjBjbGFzcyUzRCUyMnNpbi1lbmxhY2UlMjIlM0VJTlNQRUNDSSVDMyU5M04lMjBERSUyMFZFSCVDMyU4RENVTE9TJTIwWSUyME0lQzMlODFRVUlOQVMlMjAlMjhHTkMlMkMlMjBQRU1QJTJDJTIwUi5ELiUyMDEyMTUlMkY5NyUyOSUzQyUyRmxpJTNFJTBBJTBBJTNDbGklM0UlM0NhJTIwaHJlZiUzRCUyMmh0dHBzJTNBJTJGJTJGc2Npc2EucHJvdmlkZXJzd2ViLmVzJTJGaW5zcGVjY2lvbiUyRmVudGlkYWQtZGUtaW5zcGVjY2lvbi15LWNvbnRyb2wtaW5kdXN0cmlhbC1laWNpJTJGJTIyJTNFRU5USURBRCUyMERFJTIwSU5TUEVDQ0klQzMlOTNOJTIwWSUyMENPTlRST0wlMjBJTkRVU1RSSUFMJTIwJTI4RUlDSSUyOSUzQyUyRmElM0UlM0MlMkZsaSUzRSUwQSUwQSUzQ2xpJTNFJTNDYSUyMGhyZWYlM0QlMjJodHRwcyUzQSUyRiUyRnNjaXNhLnByb3ZpZGVyc3dlYi5lcyUyRmluc3BlY2Npb24lMkZnZXNpbiUyRiUyMiUzRUdFU0lOJTNDJTJGYSUzRSUzQyUyRmxpJTNFJTBBJTBBJTNDbGklM0UlM0NhJTIwaHJlZiUzRCUyMmh0dHBzJTNBJTJGJTJGc2Npc2EucHJvdmlkZXJzd2ViLmVzJTJGaW5zcGVjY2lvbiUyRmVmaWNpZW5jaWEtZW5lcmdldGljYSUyRiUyMiUzRUVGSUNJRU5DSUElMjBFTkVSRyVDMyU4OVRJQ0ElM0MlMkZhJTNFJTNDJTJGbGklM0UlMEElMEElM0MlMkZ1bCUzRQ==[\/vc_raw_html][vc_empty_space][vc_raw_html]JTNDaDUlM0VDb250YWN0YSUyMGNvbiUyMG5vc290cm9zJTNDJTJGaDUlM0U=[\/vc_raw_html][vc_separator type=\u00bbnormal\u00bb color=\u00bb#bcbcbc\u00bb thickness=\u00bb1&#8243; transparency=\u00bb0.4&#8243;][vc_widget_sidebar sidebar_id=\u00bbsidebar-blog\u00bb][\/vc_column][vc_column width=\u00bb3\/4&#8243;][vc_row_inner row_type=\u00bbrow\u00bb type=\u00bbfull_width\u00bb text_align=\u00bbleft\u00bb css_animation=\u00bb\u00bb css=\u00bb.vc_custom_1639654729177{background-color: #ffffff !important;}\u00bb][vc_column_inner css=\u00bb.vc_custom_1639654809595{padding-right: 45px !important;padding-left: 45px !important;background-color: #ffffff !important;}\u00bb][vc_column_text]<\/p>\n<h2 class=\"internas-titul\">ENTIDAD DE INSPECCI\u00d3N TIPO A<\/h2>\n<p style=\"text-align: left;\"><a href=\"https:\/\/scifrancesa.fr\/\" target=\"_blank\" rel=\"noopener\">SCI<\/a>, como\u00a0<strong>Entidad de Inspecci\u00f3n tipo A<\/strong>, certifica el cumplimiento -a Norma, Real Decreto o Reglamento- de equipos e instalaciones incluidos en el alcance de su Acreditaci\u00f3n.<\/p>\n<p>[\/vc_column_text][vc_empty_space][\/vc_column_inner][\/vc_row_inner][vc_empty_space][vc_row_inner row_type=\u00bbrow\u00bb type=\u00bbfull_width\u00bb text_align=\u00bbleft\u00bb css_animation=\u00bb\u00bb css=\u00bb.vc_custom_1639742702193{padding-right: 0px !important;padding-left: 25px !important;background-color: #ffffff !important;}\u00bb][vc_column_inner width=\u00bb1\/2&#8243;][vc_empty_space][vc_column_text]<\/p>\n<h2 class=\"internas-titul\">Actualmente est\u00e1 habilitado para llevar a cabo inspecciones en los \u00e1mbitos siguientes:<\/h2>\n<p><strong>1.- Inspecci\u00f3n peri\u00f3dica de la instalaci\u00f3n y verificaci\u00f3n de las botellas a alta presi\u00f3n<\/strong> para el almacenamiento de Gas Natural Comprimido (GNC) utilizado como combustible en los veh\u00edculos (Norma UNE 26525:2007\/1M:2009. 1\u00aa Modificaci\u00f3n).[\/vc_column_text][vc_column_text]<strong>SCI<\/strong> fue la primera Entidad en acreditarse para la <strong>inspecci\u00f3n de veh\u00edculos<\/strong> propulsados con GNC. Contamos por ello con amplia experiencia en la inspecci\u00f3n de veh\u00edculos de muy diferente tipo (autobuses urbanos, camiones de recogida de RSU, furgonetas, taxis y turismos particulares) por todo el territorio nacional.<\/p>\n<p>La inspecci\u00f3n de la instalaci\u00f3n de GNC del veh\u00edculo se deber\u00e1 llevar a cabo cada <strong>48 meses<\/strong>, como m\u00e1ximo -consultar indicaciones del fabricante a este respecto-, as\u00ed como cuando se produzca un accidente o modificaci\u00f3n de la instalaci\u00f3n.[\/vc_column_text][vc_empty_space][\/vc_column_inner][vc_column_inner width=\u00bb1\/2&#8243; css=\u00bb.vc_custom_1643902311585{padding-right: 0px !important;}\u00bb][vc_single_image image=\u00bb1575&#8243; img_size=\u00bbfull\u00bb alignment=\u00bbcenter\u00bb qode_css_animation=\u00bb\u00bb el_class=\u00bbimagen-cover2&#8243;][\/vc_column_inner][\/vc_row_inner][vc_row_inner row_type=\u00bbrow\u00bb type=\u00bbfull_width\u00bb text_align=\u00bbleft\u00bb css_animation=\u00bb\u00bb css=\u00bb.vc_custom_1639742702193{padding-right: 0px !important;padding-left: 25px !important;background-color: #ffffff !important;}\u00bb][vc_column_inner][vc_column_text]<strong>2.- Inspecci\u00f3n de plataformas m\u00f3viles elevadoras de personas (Norma UNE 58921\/2017).<\/strong><\/p>\n<p>El uso de <strong>Plataformas m\u00f3viles de elevaci\u00f3n de personas, PEMP<\/strong>, es cada vez m\u00e1s frecuente ya que se han convertido en un elemento imprescindible para los trabajos en altura en diferentes \u00e1mbitos, ya sea para actividades de montaje, reparaci\u00f3n, inspecci\u00f3n, entre otros.<\/p>\n<p>Las\u00a0<strong>plataformas elevadoras m\u00f3viles de personal (PEMP)<\/strong>, adem\u00e1s de cumplir con los requisitos de seguridad del RD 1215\/1997 como equipo de trabajo, para garantizar un uso seguro se deber\u00edan inspeccionar seg\u00fan los puntos recogidos en la norma UNE 58.921:2002 \u201cInstrucciones para la instalaci\u00f3n, manejo, mantenimiento, revisiones e inspecciones de las plataformas elevadoras m\u00f3viles de personal\u00a0<strong>(PEMP)<\/strong>\u201d.<\/p>\n<p>No existiendo una reglamentaci\u00f3n espec\u00edfica para este tipo de m\u00e1quinas, sobre las condiciones de instalaci\u00f3n, manejo, mantenimiento, etc., que desarrollen los principios exigibles en la reglamentaci\u00f3n anteriormente se\u00f1alada, se considera que el cumplimiento con la norma\u00a0UNE-58921:2017\u00a0constituye una forma de cumplir con las exigencias legales anteriormente se\u00f1aladas.<\/p>\n<p>As\u00ed lo recoge la recomendaci\u00f3n sobre PEMP del\u00a0Ministerio de Industria, Comercio y Turismo, con fecha 2019.<\/p>\n<p>SCI, S.A. Como Entidad de Inspecci\u00f3n tipo A est\u00e1 acreditada y certifica el cumplimiento de la\u00a0Norma UNE 58921\/2017.[\/vc_column_text][vc_empty_space]<a  itemprop=\"url\" href=\"https:\/\/scifrancesa.fr\/inspeccion\/inspeccion-reglamentaria\/entidad-de-inspeccion-tipo-a\/pemp\/\" target=\"_blank\" data-hover-border-color=\"#000000\" data-hover-color=\"#ffffff\" class=\"qbutton  white default\" style=\"color: #000000; border-color: #757575; \">M\u00e1s informaci\u00f3n<\/a>[vc_empty_space][\/vc_column_inner][\/vc_row_inner][vc_row_inner row_type=\u00bbrow\u00bb type=\u00bbfull_width\u00bb text_align=\u00bbleft\u00bb css_animation=\u00bb\u00bb css=\u00bb.vc_custom_1643712262796{padding-right: 0px !important;padding-left: 0px !important;}\u00bb][vc_column_inner css=\u00bb.vc_custom_1643712305357{padding-right: 0px !important;padding-left: 0px !important;}\u00bb][vc_gallery type=\u00bbimage_grid\u00bb images=\u00bb1572,1573&#8243; img_size=\u00bbfull\u00bb column_number=\u00bb2&#8243; grayscale=\u00bbno\u00bb images_space=\u00bbgallery_with_space\u00bb][\/vc_column_inner][\/vc_row_inner][vc_row_inner row_type=\u00bbrow\u00bb type=\u00bbfull_width\u00bb text_align=\u00bbleft\u00bb css_animation=\u00bb\u00bb css=\u00bb.vc_custom_1643711721869{margin-top: 32px !important;background-color: #ffffff !important;}\u00bb][vc_column_inner css=\u00bb.vc_custom_1639654835560{padding-right: 45px !important;padding-left: 45px !important;}\u00bb][vc_empty_space][vc_column_text]<strong>3.- Inspecci\u00f3n de canalizaciones de transporte y distribuci\u00f3n de combustibles gaseosos<\/strong>\u00a0(Orden de 18 de noviembre de 1974 para presiones superiores a 16 bar -transporte- e ITC IGC01 del\u00a0<a href=\"https:\/\/www.boe.es\/diario_boe\/txt.php?id=BOE-A-2006-15345\" target=\"_blank\" rel=\"noopener\">R.D. 919\/2006<\/a>\u00a0para presiones inferiores a 16 bar -distribuci\u00f3n-).<\/p>\n<p><strong>4.- Inspecci\u00f3n de m\u00e1quinas como equipos de trabajo<\/strong>\u00a0(Anexo I del\u00a0<a href=\"http:\/\/www.boe.es\/buscar\/doc.php?id=BOE-A-1997-17824\" target=\"_blank\" rel=\"noopener\">R.D. 1215\/97<\/a>, modificado por el\u00a0<a href=\"https:\/\/www.boe.es\/diario_boe\/txt.php?id=BOE-A-2004-19311\" target=\"_blank\" rel=\"noopener\">R.D. 2177\/2004<\/a>).<\/p>\n<p>Los\u00a0equipos de trabajo\u00a0y en particular las\u00a0m\u00e1quinas, son una importante fuente de riesgos y por ello el cumplimiento de las\u00a0disposiciones m\u00ednimas de seguridad,\u00a0de forma que no se produzcan situaciones de riesgo en el uso diario de la m\u00e1quina cobra una gran relevancia, para ello SCI se centra especialmente en este aspecto a trav\u00e9s de la inspecci\u00f3n del cumplimiento con el <a href=\"http:\/\/www.boe.es\/buscar\/doc.php?id=BOE-A-1997-17824\" target=\"_blank\" rel=\"noopener\">R.D. 1215\/97<\/a> sobre seguridad en los equipos de trabajo.<\/p>\n<p>Para maquinas fabricadas con anterioridad a 1995: Es obligatoria su puesta en conformidad con el <a href=\"http:\/\/www.boe.es\/buscar\/doc.php?id=BOE-A-1997-17824\" target=\"_blank\" rel=\"noopener\">R.D. 1215\/97<\/a>.<\/p>\n<p>Para m\u00e1quinas fabricadas despu\u00e9s de 1995: Imprescindible marcado CE para su comercializaci\u00f3n en la UE[\/vc_column_text][vc_empty_space][\/vc_column_inner][\/vc_row_inner][vc_row_inner row_type=\u00bbrow\u00bb type=\u00bbfull_width\u00bb text_align=\u00bbleft\u00bb css_animation=\u00bb\u00bb css=\u00bb.vc_custom_1643712262796{padding-right: 0px !important;padding-left: 0px !important;}\u00bb][vc_column_inner css=\u00bb.vc_custom_1643712305357{padding-right: 0px !important;padding-left: 0px !important;}\u00bb][vc_gallery type=\u00bbimage_grid\u00bb images=\u00bb1577,1578,1579,1580&#8243; img_size=\u00bbfull\u00bb column_number=\u00bb4&#8243; grayscale=\u00bbyes\u00bb images_space=\u00bbgallery_without_space\u00bb][\/vc_column_inner][\/vc_row_inner][vc_empty_space][\/vc_column][\/vc_row][vc_row css_animation=\u00bb\u00bb row_type=\u00bbrow\u00bb use_row_as_full_screen_section=\u00bbno\u00bb type=\u00bbfull_width\u00bb angled_section=\u00bbno\u00bb text_align=\u00bbleft\u00bb background_image_as_pattern=\u00bbwithout_pattern\u00bb][vc_column][vc_empty_space height=\u00bb64px\u00bb][\/vc_column][\/vc_row]<\/p>\n<\/div>","protected":false},"excerpt":{"rendered":"<p>[vc_row css_animation=\u00bb\u00bb row_type=\u00bbrow\u00bb use_row_as_full_screen_section=\u00bbno\u00bb type=\u00bbfull_width\u00bb angled_section=\u00bbno\u00bb text_align=\u00bbleft\u00bb background_image_as_pattern=\u00bbwithout_pattern\u00bb][vc_column width=\u00bb1\/4&#8243;][vc_raw_html]JTNDaDUlM0VEZXNjYXJnYXMlM0MlMkZoNSUzRQ==[\/vc_raw_html][vc_separator type=\u00bbnormal\u00bb color=\u00bb#bcbcbc\u00bb thickness=\u00bb1&#8243; transparency=\u00bb0.4&#8243;][vc_raw_html]JTNDYSUyMHRhcmdldCUzRCUyMl9ibGFuayUyMiUyMGNsYXNzJTNEJTIyZm9sbGV0by11bm8lMjIlMjBocmVmJTNEJTIyaHR0cCUzQSUyRiUyRnNjaXNhLnByb3ZpZGVyc3dlYi5lcyUyRndwLWNvbnRlbnQlMkZ1cGxvYWRzJTJGMjAyMiUyRjAyJTJGRW50aWRhZC1kZS1JbnNwZWNjaW9uLVRpcG8tQS0xLnBkZiUyMiUzRSUzQ2RpdiUyMGNsYXNzJTNEJTIyZm9sbGV0byUyMiUzRSUwQSUzQ2ltZyUyMGNsYXNzJTNEJTIyaWNvbm8lMjIlMjBzcmMlM0QlMjJodHRwJTNBJTJGJTJGc2Npc2EucHJvdmlkZXJzd2ViLmVzJTJGd3AtY29udGVudCUyRnVwbG9hZHMlMkYyMDIxJTJGMTIlMkZkb3dubG9hZC1maWxlLTEucG5nJTIyJTJGJTNFJTBBJTNDcCUyMGNsYXNzJTNEJTIydGV4dG8lMjIlM0VEZXNjYXJnYXIlMjBmaWNoYSUyMHQlQzMlQTljbmljYSUzQyUyRnAlM0UlMEElMEElM0MlMkZkaXYlM0UlM0MlMkZhJTNF[\/vc_raw_html][vc_empty_space][vc_raw_html]JTNDaDUlM0VPdHJvcyUyMFNlcnZpY2lvcyUyMElOU1BFQ0NJJUMzJTkzTiUzQyUyRmg1JTNF[\/vc_raw_html][vc_separator type=\u00bbnormal\u00bb color=\u00bb#bcbcbc\u00bb thickness=\u00bb1&#8243; transparency=\u00bb0.4&#8243;][vc_raw_html]JTNDdWwlMjBjbGFzcyUzRCUyMm1lbnUtbGF0ZXJhbCUyMiUzRSUwQSUzQ2xpJTIwY2xhc3MlM0QlMjJ2b2x2ZXIlMjIlM0UlM0NhJTIwaHJlZiUzRCUyMmh0dHBzJTNBJTJGJTJGc2Npc2EucHJvdmlkZXJzd2ViLmVzJTJGaW5zcGVjY2lvbiUyRiUyMiUyMCUzRSUzQ2klMjBjbGFzcyUzRCUyMmZhJTIwZmEtYmFja3dhcmQlMjIlMjBhcmlhLWhpZGRlbiUzRCUyMnRydWUlMjIlM0UlM0MlMkZpJTNFJTIwSU5TUEVDQ0klQzMlOTNOJTNDJTJGYSUzRSUzQyUyRmxpJTNFJTBBJTBBJTNDbGklMjBjbGFzcyUzRCUyMnNpbi1lbmxhY2UlMjIlM0VJTlNQRUNDSSVDMyU5M04lMjBERSUyMFZFSCVDMyU4RENVTE9TJTIwWSUyME0lQzMlODFRVUlOQVMlMjAlMjhHTkMlMkMlMjBQRU1QJTJDJTIwUi5ELiUyMDEyMTUlMkY5NyUyOSUzQyUyRmxpJTNFJTBBJTBBJTNDbGklM0UlM0NhJTIwaHJlZiUzRCUyMmh0dHBzJTNBJTJGJTJGc2Npc2EucHJvdmlkZXJzd2ViLmVzJTJGaW5zcGVjY2lvbiUyRmVudGlkYWQtZGUtaW5zcGVjY2lvbi15LWNvbnRyb2wtaW5kdXN0cmlhbC1laWNpJTJGJTIyJTNFRU5USURBRCUyMERFJTIwSU5TUEVDQ0klQzMlOTNOJTIwWSUyMENPTlRST0wlMjBJTkRVU1RSSUFMJTIwJTI4RUlDSSUyOSUzQyUyRmElM0UlM0MlMkZsaSUzRSUwQSUwQSUzQ2xpJTNFJTNDYSUyMGhyZWYlM0QlMjJodHRwcyUzQSUyRiUyRnNjaXNhLnByb3ZpZGVyc3dlYi5lcyUyRmluc3BlY2Npb24lMkZnZXNpbiUyRiUyMiUzRUdFU0lOJTNDJTJGYSUzRSUzQyUyRmxpJTNFJTBBJTBBJTNDbGklM0UlM0NhJTIwaHJlZiUzRCUyMmh0dHBzJTNBJTJGJTJGc2Npc2EucHJvdmlkZXJzd2ViLmVzJTJGaW5zcGVjY2lvbiUyRmVmaWNpZW5jaWEtZW5lcmdldGljYSUyRiUyMiUzRUVGSUNJRU5DSUElMjBFTkVSRyVDMyU4OVRJQ0ElM0MlMkZhJTNFJTNDJTJGbGklM0UlMEElMEElM0MlMkZ1bCUzRQ==[\/vc_raw_html][vc_empty_space][vc_raw_html]JTNDaDUlM0VDb250YWN0YSUyMGNvbiUyMG5vc290cm9zJTNDJTJGaDUlM0U=[\/vc_raw_html][vc_separator type=\u00bbnormal\u00bb color=\u00bb#bcbcbc\u00bb thickness=\u00bb1&#8243; transparency=\u00bb0.4&#8243;][vc_widget_sidebar sidebar_id=\u00bbsidebar-blog\u00bb][\/vc_column][vc_column width=\u00bb3\/4&#8243;][vc_row_inner row_type=\u00bbrow\u00bb type=\u00bbfull_width\u00bb text_align=\u00bbleft\u00bb css_animation=\u00bb\u00bb css=\u00bb.vc_custom_1639654729177{background-color: #ffffff !important;}\u00bb][vc_column_inner css=\u00bb.vc_custom_1639654809595{padding-right: 45px !important;padding-left: 45px !important;background-color: #ffffff !important;}\u00bb][vc_column_text] ENTIDAD DE INSPECCI\u00d3N TIPO A SCI, como\u00a0Entidad de&#8230;<\/p>\n","protected":false},"author":1,"featured_media":0,"parent":23,"menu_order":0,"comment_status":"closed","ping_status":"closed","template":"","meta":{"footnotes":""},"class_list":["post-634","page","type-page","status-publish","hentry"],"_links":{"self":[{"href":"https:\/\/scifrancesa.fr\/es\/wp-json\/wp\/v2\/pages\/634","targetHints":{"allow":["GET"]}}],"collection":[{"href":"https:\/\/scifrancesa.fr\/es\/wp-json\/wp\/v2\/pages"}],"about":[{"href":"https:\/\/scifrancesa.fr\/es\/wp-json\/wp\/v2\/types\/page"}],"author":[{"embeddable":true,"href":"https:\/\/scifrancesa.fr\/es\/wp-json\/wp\/v2\/users\/1"}],"replies":[{"embeddable":true,"href":"https:\/\/scifrancesa.fr\/es\/wp-json\/wp\/v2\/comments?post=634"}],"version-history":[{"count":31,"href":"https:\/\/scifrancesa.fr\/es\/wp-json\/wp\/v2\/pages\/634\/revisions"}],"predecessor-version":[{"id":55711,"href":"https:\/\/scifrancesa.fr\/es\/wp-json\/wp\/v2\/pages\/634\/revisions\/55711"}],"up":[{"embeddable":true,"href":"https:\/\/scifrancesa.fr\/es\/wp-json\/wp\/v2\/pages\/23"}],"wp:attachment":[{"href":"https:\/\/scifrancesa.fr\/es\/wp-json\/wp\/v2\/media?parent=634"}],"curies":[{"name":"wp","href":"https:\/\/api.w.org\/{rel}","templated":true}]}}