{"id":65,"date":"2021-12-01T10:13:08","date_gmt":"2021-12-01T10:13:08","guid":{"rendered":"http:\/\/scisa.providersweb.es\/?page_id=65"},"modified":"2023-02-22T13:31:11","modified_gmt":"2023-02-22T13:31:11","slug":"ensayos-por-ultrasonidos","status":"publish","type":"page","link":"https:\/\/scifrancesa.fr\/es\/ensayos-no-destructivos-y-laboratorio-metalurgico\/ensayos-por-ultrasonidos\/","title":{"rendered":"Ensayos por Ultrasonidos"},"content":{"rendered":"<div class=\"wpb-content-wrapper\"><p>[vc_row css_animation=\u00bb\u00bb row_type=\u00bbrow\u00bb use_row_as_full_screen_section=\u00bbno\u00bb type=\u00bbfull_width\u00bb angled_section=\u00bbno\u00bb text_align=\u00bbleft\u00bb background_image_as_pattern=\u00bbwithout_pattern\u00bb][vc_column width=\u00bb1\/4&#8243;][vc_raw_html]JTNDaDUlM0VPdHJvcyUyMFNlcnZpY2lvcyUyMEVORCUzQyUyRmg1JTNF[\/vc_raw_html][vc_separator type=\u00bbnormal\u00bb color=\u00bb#bcbcbc\u00bb thickness=\u00bb1&#8243; transparency=\u00bb0.4&#8243;][vc_column_text]<\/p>\n<ul class=\"menu-lateral\">\n<li class=\"volver\"><a href=\"https:\/\/scifrancesa.fr\/es\/ensayos-no-destructivos-y-laboratorio-metalurgico\/\"><i class=\"fa fa-backward\" aria-hidden=\"true\"><\/i> ENSAYOS NO DESTRUCTIVOS Y LABORATORIO METAL\u00daRGICO<\/a><\/li>\n<li><a href=\"https:\/\/scifrancesa.fr\/es\/ensayos-no-destructivos-y-laboratorio-metalurgico\/ensayos-por-radiografia-industrial\/\">Ensayos por radiograf\u00eda industrial<\/a><\/li>\n<li class=\"sin-enlace\">Ensayos por Ultrasonidos<\/li>\n<li><a href=\"https:\/\/scifrancesa.fr\/es\/ensayos-no-destructivos-y-laboratorio-metalurgico\/ensayos-por-particulas-magneticas\/\">Ensayos por Part\u00edculas Magn\u00e9ticas<\/a><\/li>\n<li><a href=\"https:\/\/scifrancesa.fr\/es\/ensayos-no-destructivos-y-laboratorio-metalurgico\/ensayos-por-liquidos-penetrantes\/\">Ensayos por L\u00edquidos Penetrantes<\/a><\/li>\n<li><a href=\"https:\/\/scifrancesa.fr\/es\/ensayos-no-destructivos-y-laboratorio-metalurgico\/pruebas-de-fugas-de-helio\/\">Pruebas de fugas de Helio<\/a><\/li>\n<li><a href=\"https:\/\/scifrancesa.fr\/es\/ensayos-no-destructivos-y-laboratorio-metalurgico\/inspeccion-de-soldadura-de-torres-eolicas\/\"> Inspecci\u00f3n de soldadura de Torres de E\u00f3licas<\/a><\/li>\n<li><a href=\"https:\/\/scifrancesa.fr\/es\/ensayos-no-destructivos-y-laboratorio-metalurgico\/inspeccion-de-corrosion-por-ultrasonidos\/\">Inspecci\u00f3n de Corrosi\u00f3n por Ultrasonidos<\/a><\/li>\n<li><a href=\"https:\/\/scifrancesa.fr\/es\/ensayos-no-destructivos-y-laboratorio-metalurgico\/otros-ensayos-no-destructivos\/\">Otros ensayos no destructivos<\/a><\/li>\n<li><a href=\"https:\/\/scifrancesa.fr\/es\/ensayos-no-destructivos-y-laboratorio-metalurgico\/ensayos-aplicados-a-pipelines-y-grandes-tanques-de-almacenamiento\/\">Ensayos aplicados a Pipelines y Grandes Tanques de Almacenamiento<\/a><\/li>\n<\/ul>\n<p>[\/vc_column_text][vc_empty_space][vc_raw_html]JTNDaDUlM0VDb250YWN0YSUyMGNvbiUyMG5vc290cm9zJTNDJTJGaDUlM0U=[\/vc_raw_html][vc_separator type=\u00bbnormal\u00bb color=\u00bb#bcbcbc\u00bb thickness=\u00bb1&#8243; transparency=\u00bb0.4&#8243;][vc_widget_sidebar sidebar_id=\u00bbsidebar-blog\u00bb][\/vc_column][vc_column width=\u00bb3\/4&#8243;][vc_row_inner row_type=\u00bbrow\u00bb type=\u00bbfull_width\u00bb text_align=\u00bbleft\u00bb css_animation=\u00bb\u00bb css=\u00bb.vc_custom_1639654729177{background-color: #ffffff !important;}\u00bb][vc_column_inner css=\u00bb.vc_custom_1639654809595{padding-right: 45px !important;padding-left: 45px !important;background-color: #ffffff !important;}\u00bb][vc_column_text]<\/p>\n<h2 class=\"internas-titul\">\u00bfQU\u00c9 ES LA INSPECCI\u00d3N POR ULTRASONIDOS?<\/h2>\n<p style=\"text-align: left;\">El\u00a0<strong>Ensayo por Ultrasonidos<\/strong>\u00a0es un m\u00e9todo de\u00a0<a href=\"https:\/\/scifrancesa.fr\/es\/ensayos-no-destructivos-y-laboratorio-metalurgico\/\">ensayo no destructivo<\/a>\u00a0que se fundamenta en el fen\u00f3meno de la reflexi\u00f3n de las\u00a0<strong>ondas ac\u00fasticas<\/strong>\u00a0cuando se encuentran con discontinuidades\u00a0en su propagaci\u00f3n. La onda ser\u00e1 reflejada hasta su fuente de generaci\u00f3n si la discontinuidad\u00a0se encuentra en una posici\u00f3n normal en relaci\u00f3n al haz incidente. En\u00a0<a href=\"https:\/\/scifrancesa.fr\/\" target=\"_blank\" rel=\"noopener\">SCI<\/a>\u00a0contamos con\u00a0distintas t\u00e9cnicas para llevar a cabo los\u00a0<strong>ensayos\u00a0por Ultrasonidos:<\/strong><\/p>\n<p>[\/vc_column_text][vc_empty_space][\/vc_column_inner][\/vc_row_inner][vc_empty_space][vc_row_inner row_type=\u00bbrow\u00bb type=\u00bbfull_width\u00bb text_align=\u00bbleft\u00bb css_animation=\u00bb\u00bb css=\u00bb.vc_custom_1639742702193{padding-right: 0px !important;padding-left: 25px !important;background-color: #ffffff !important;}\u00bb][vc_column_inner width=\u00bb1\/2&#8243;][vc_empty_space][vc_column_text]<\/p>\n<h2 class=\"internas-titul\">ULTRASONIDOS CONVENCIONAL<\/h2>\n<p>Los equipos de\u00a0<strong>Ensayos Convencionales de Ultrasonido<\/strong>\u00a0trabajan con el principio del env\u00edo de un haz pulsado de ultrasonido de alta frecuencia a partir de un\u00a0<strong>transductor de mano<\/strong>\u00a0o\u00a0<strong>palpador<\/strong>, que se coloca sobre la superficie del objeto que va a ser ensayado.<\/p>\n<p>En la inspecci\u00f3n manual\u00a0<strong>el Inspector act\u00faa directamente en la ejecuci\u00f3n del examen<\/strong>, o sea, es responsable de\u00a0la correcta aplicaci\u00f3n de los procedimientos de inspecci\u00f3n, tanto en la manipulaci\u00f3n de los\u00a0palpadores\u00a0como en la interpretaci\u00f3n de los datos.[\/vc_column_text][vc_column_text]En la mayor\u00eda de sus delegaciones,\u00a0<strong>SCI<\/strong>\u00a0dispone de\u00a0<strong>bunkers<\/strong>\u00a0para el radiografiado. Existe tambi\u00e9n la posibilidad de\u00a0<strong>instalar bunkers modulares<\/strong>\u00a0en las instalaciones del cliente.[\/vc_column_text][\/vc_column_inner][vc_column_inner width=\u00bb1\/2&#8243; css=\u00bb.vc_custom_1643711683758{padding-right: 0px !important;}\u00bb][vc_single_image image=\u00bb871&#8243; img_size=\u00bbfull\u00bb alignment=\u00bbright\u00bb qode_css_animation=\u00bb\u00bb css=\u00bb.vc_custom_1641396143104{margin-top: 0px !important;margin-right: 0px !important;margin-bottom: 0px !important;margin-left: 0px !important;border-top-width: 0px !important;border-right-width: 0px !important;border-bottom-width: 0px !important;border-left-width: 0px !important;padding-top: 0px !important;padding-right: 0px !important;padding-bottom: 0px !important;padding-left: 0px !important;}\u00bb][\/vc_column_inner][\/vc_row_inner][vc_row_inner row_type=\u00bbrow\u00bb type=\u00bbfull_width\u00bb text_align=\u00bbleft\u00bb css_animation=\u00bb\u00bb css=\u00bb.vc_custom_1643711721869{margin-top: 32px !important;background-color: #ffffff !important;}\u00bb][vc_column_inner css=\u00bb.vc_custom_1639654835560{padding-right: 45px !important;padding-left: 45px !important;}\u00bb][vc_empty_space][vc_column_text]<\/p>\n<h2 class=\"internas-titul\">ULTRASONIDOS AVANZADO<\/h2>\n<p><strong>SCI<\/strong>\u00a0lleva ya m\u00e1s de una d\u00e9cada desarrollando tambi\u00e9n sus propios\u00a0<strong>Equipos Automatizados de Inspecci\u00f3n por Ultrasonidos<\/strong>, basados en la t\u00e9cnicas convencionales de pulso \u2013 eco, o en otras m\u00e1s innovadoras como el\u00a0<a href=\"https:\/\/es.wikipedia.org\/wiki\/Antenas_en_fase\" target=\"_blank\" rel=\"noopener\">Phased Array<\/a>\u00a0o el\u00a0<strong>TOFD<\/strong>.<\/p>\n<p><strong>El Ensayo por Ultrasonidos Autom\u00e1ticos (AUT<\/strong>) con el m\u00e9todo pulso-eco, se realiza dividiendo la soldadura en zonas y empleando para cada una de ellas un palpador especifico. Este m\u00e9todo de trabajo implica emplear un palpador para cada zona, variando el n\u00famero de ellos seg\u00fan el\u00a0<strong>perfil y espesor<\/strong>\u00a0de la soldadura. Los palpadores, montados sobre un carro, se desplazan en sentido circunferencial en torno a la soldadura manteniendo una distancia constante con respecto a la l\u00ednea central de la misma.<\/p>\n<p>Actualmente, con el empleo de la tecnolog\u00eda\u00a0<strong>Phased Array<\/strong>, este tipo de inspecci\u00f3n ha experimentado un avance considerable, tanto en el m\u00e9todo de trabajo como en la ejecuci\u00f3n de la misma.<\/p>\n<p>El sistema\u00a0<strong>Phased Array<\/strong>\u00a0se basa en utilizar palpadores con m\u00faltiples cristales. Mediante la selecci\u00f3n de un conjunto de ellos y aplicando los retardos apropiados, podemos obtener diferentes \u00e1ngulos y focos. En la\u00a0<strong>Inspecci\u00f3n de Soldadura<\/strong>, esto supone que para lo que antes se empleaban varios palpadores, con esta t\u00e9cnica utilizamos un \u00fanico palpador.[\/vc_column_text][vc_empty_space][\/vc_column_inner][\/vc_row_inner][vc_row_inner row_type=\u00bbrow\u00bb type=\u00bbfull_width\u00bb text_align=\u00bbleft\u00bb css_animation=\u00bb\u00bb css=\u00bb.vc_custom_1643712262796{padding-right: 0px !important;padding-left: 0px !important;}\u00bb][vc_column_inner css=\u00bb.vc_custom_1643712305357{padding-right: 0px !important;padding-left: 0px !important;}\u00bb][vc_single_image image=\u00bb1483&#8243; img_size=\u00bbfull\u00bb qode_css_animation=\u00bb\u00bb][\/vc_column_inner][\/vc_row_inner][vc_row_inner row_type=\u00bbrow\u00bb type=\u00bbfull_width\u00bb text_align=\u00bbleft\u00bb css_animation=\u00bb\u00bb css=\u00bb.vc_custom_1643712401556{margin-top: 32px !important;background-color: #ffffff !important;}\u00bb][vc_column_inner css=\u00bb.vc_custom_1639654835560{padding-right: 45px !important;padding-left: 45px !important;}\u00bb][vc_empty_space][vc_column_text]<\/p>\n<h2 class=\"internas-titul\">LOS ULTRASONIDOS AUTOM\u00c1TICOS APRTAN ALGUNAS VENTAJAS SIGNIFICATIVAS TALES COMO:<\/h2>\n<ul class=\"lista-interna\">\n<li><i class=\"fa fa-angle-right\" aria-hidden=\"true\"><\/i> <strong>Minimizar el tiempo<\/strong> entre la ejecuci\u00f3n del ensayo y el informe de resultados, permitiendo la correcci\u00f3n inmediata de defectos sistem\u00e1ticos en el proceso y, en consecuencia, reducir el n\u00famero de reparaciones.<\/li>\n<li style=\"list-style-type: none;\"><\/li>\n<li><i class=\"fa fa-angle-right\" aria-hidden=\"true\"><\/i> <strong>No emplear fuentes radiactivas,<\/strong> siendo innecesaria, por tanto, la delimitaci\u00f3n de zonas de exclusi\u00f3n de personal y pudiendo realizar el ensayo pr\u00f3ximo al frente de soldadura.<\/li>\n<li style=\"list-style-type: none;\"><\/li>\n<li><i class=\"fa fa-angle-right\" aria-hidden=\"true\"><\/i> <strong>Mayor capacidad de detecci\u00f3n de defectos lineales<\/strong> tales como las faltas de fusi\u00f3n.<\/li>\n<li style=\"list-style-type: none;\"><\/li>\n<li><i class=\"fa fa-angle-right\" aria-hidden=\"true\"><\/i> <strong>Permitir la localizaci\u00f3n de los defectos en profundidad<\/strong>, facilitando el proceso de reparaci\u00f3n.<\/li>\n<li style=\"list-style-type: none;\"><\/li>\n<li><i class=\"fa fa-angle-right\" aria-hidden=\"true\"><\/i> <strong>Permitir el dimensionamiento de los defectos en altura,<\/strong> para as\u00ed poder emplear criterios alternativos de aceptaci\u00f3n, como, por ejemplo, el <em>Engineering Critical Assessment.<\/em><\/li>\n<\/ul>\n<p>[\/vc_column_text][vc_empty_space][\/vc_column_inner][\/vc_row_inner][vc_empty_space][\/vc_column][\/vc_row][vc_row css_animation=\u00bb\u00bb row_type=\u00bbrow\u00bb use_row_as_full_screen_section=\u00bbno\u00bb type=\u00bbfull_width\u00bb angled_section=\u00bbno\u00bb text_align=\u00bbleft\u00bb background_image_as_pattern=\u00bbwithout_pattern\u00bb][vc_column][vc_empty_space height=\u00bb64px\u00bb][\/vc_column][\/vc_row]<\/p>\n<\/div>","protected":false},"excerpt":{"rendered":"<p>[vc_row css_animation=\u00bb\u00bb row_type=\u00bbrow\u00bb use_row_as_full_screen_section=\u00bbno\u00bb type=\u00bbfull_width\u00bb angled_section=\u00bbno\u00bb text_align=\u00bbleft\u00bb background_image_as_pattern=\u00bbwithout_pattern\u00bb][vc_column width=\u00bb1\/4&#8243;][vc_raw_html]JTNDaDUlM0VPdHJvcyUyMFNlcnZpY2lvcyUyMEVORCUzQyUyRmg1JTNF[\/vc_raw_html][vc_separator type=\u00bbnormal\u00bb color=\u00bb#bcbcbc\u00bb thickness=\u00bb1&#8243; transparency=\u00bb0.4&#8243;][vc_column_text] ENSAYOS NO DESTRUCTIVOS Y LABORATORIO METAL\u00daRGICO Ensayos por radiograf\u00eda industrial Ensayos por Ultrasonidos Ensayos por Part\u00edculas Magn\u00e9ticas Ensayos por L\u00edquidos Penetrantes Pruebas de fugas de Helio Inspecci\u00f3n de soldadura de Torres de&#8230;<\/p>\n","protected":false},"author":1,"featured_media":0,"parent":21,"menu_order":0,"comment_status":"closed","ping_status":"closed","template":"","meta":{"footnotes":""},"class_list":["post-65","page","type-page","status-publish","hentry"],"_links":{"self":[{"href":"https:\/\/scifrancesa.fr\/es\/wp-json\/wp\/v2\/pages\/65","targetHints":{"allow":["GET"]}}],"collection":[{"href":"https:\/\/scifrancesa.fr\/es\/wp-json\/wp\/v2\/pages"}],"about":[{"href":"https:\/\/scifrancesa.fr\/es\/wp-json\/wp\/v2\/types\/page"}],"author":[{"embeddable":true,"href":"https:\/\/scifrancesa.fr\/es\/wp-json\/wp\/v2\/users\/1"}],"replies":[{"embeddable":true,"href":"https:\/\/scifrancesa.fr\/es\/wp-json\/wp\/v2\/comments?post=65"}],"version-history":[{"count":33,"href":"https:\/\/scifrancesa.fr\/es\/wp-json\/wp\/v2\/pages\/65\/revisions"}],"predecessor-version":[{"id":58353,"href":"https:\/\/scifrancesa.fr\/es\/wp-json\/wp\/v2\/pages\/65\/revisions\/58353"}],"up":[{"embeddable":true,"href":"https:\/\/scifrancesa.fr\/es\/wp-json\/wp\/v2\/pages\/21"}],"wp:attachment":[{"href":"https:\/\/scifrancesa.fr\/es\/wp-json\/wp\/v2\/media?parent=65"}],"curies":[{"name":"wp","href":"https:\/\/api.w.org\/{rel}","templated":true}]}}