{"id":652,"date":"2021-12-16T08:59:13","date_gmt":"2021-12-16T08:59:13","guid":{"rendered":"https:\/\/scisa.providersweb.es\/?page_id=652"},"modified":"2023-02-23T16:12:25","modified_gmt":"2023-02-23T16:12:25","slug":"certificaciones-de-procedimientos-de-soldadura-y-soldadores","status":"publish","type":"page","link":"https:\/\/scifrancesa.fr\/es\/soldadura\/certificaciones-de-procedimientos-de-soldadura-y-soldadores\/","title":{"rendered":"Certificaciones de Procedimientos de Soldadura y Soldadores"},"content":{"rendered":"<div class=\"wpb-content-wrapper\"><p>[vc_row css_animation=\u00bb\u00bb row_type=\u00bbrow\u00bb use_row_as_full_screen_section=\u00bbno\u00bb type=\u00bbfull_width\u00bb angled_section=\u00bbno\u00bb text_align=\u00bbleft\u00bb background_image_as_pattern=\u00bbwithout_pattern\u00bb][vc_column width=\u00bb1\/4&#8243;][vc_raw_html]JTNDaDUlM0VPdHJvcyUyMFNlcnZpY2lvcyUyMGRlJTIwSU5TUEVDQ0klQzMlOTNOJTNDJTJGaDUlM0U=[\/vc_raw_html][vc_separator type=\u00bbnormal\u00bb color=\u00bb#bcbcbc\u00bb thickness=\u00bb1&#8243; transparency=\u00bb0.4&#8243;][vc_column_text]<\/p>\n<ul class=\"menu-lateral\">\n<li class=\"volver\"><a href=\"https:\/\/scifrancesa.fr\/es\/inspeccion-industrial\/\"><i class=\"fa fa-backward\" aria-hidden=\"true\"><\/i> INSPECCI\u00d3N<\/a><\/li>\n<li><a href=\"https:\/\/scifrancesa.fr\/es\/soldadura\/inspeccion-y-apoyo-tecnico-de-soldadura\/\">Inspecci\u00f3n y Apoyo T\u00e9cnico de Soldadura<\/a><\/li>\n<li class=\"sin-enlace\">Certificaciones de Procedimientos de Soldadura y Soldadores<\/li>\n<\/ul>\n<p>[\/vc_column_text][vc_empty_space][vc_raw_html]JTNDaDUlM0VDb250YWN0YSUyMGNvbiUyMG5vc290cm9zJTNDJTJGaDUlM0U=[\/vc_raw_html][vc_separator type=\u00bbnormal\u00bb color=\u00bb#bcbcbc\u00bb thickness=\u00bb1&#8243; transparency=\u00bb0.4&#8243;][vc_widget_sidebar sidebar_id=\u00bbsidebar-blog\u00bb][\/vc_column][vc_column width=\u00bb3\/4&#8243;][vc_row_inner row_type=\u00bbrow\u00bb type=\u00bbfull_width\u00bb text_align=\u00bbleft\u00bb css_animation=\u00bb\u00bb css=\u00bb.vc_custom_1639654729177{background-color: #ffffff !important;}\u00bb][vc_column_inner css=\u00bb.vc_custom_1639654809595{padding-right: 45px !important;padding-left: 45px !important;background-color: #ffffff !important;}\u00bb][vc_column_text]<\/p>\n<h2 class=\"internas-titul\">Procedimientos de soldeo<\/h2>\n<p style=\"text-align: left;\">En\u00a0<strong>SCI<\/strong>\u00a0realizamos la homologaci\u00f3n de los\u00a0<strong>procedimientos de soldeo<\/strong>\u00a0y cualificaci\u00f3n de\u00a0<strong>soldadores<\/strong>\u00a0seg\u00fan la normativa requerida por el cliente (Euroc\u00f3digos, ASME IX, AWS y API).<\/p>\n<p><strong>A continuaci\u00f3n se detallan las actividades que realizamos:<\/strong><\/p>\n<ul class=\"una-lista\">\n<li><i class=\"fa fa-arrow-circle-o-right\" aria-hidden=\"true\"><\/i> Revisi\u00f3n y confirmaci\u00f3n de los ensayos obligatorios por norma\/c\u00f3digo y los adicionales requeridos por las especificaciones de cliente.<\/li>\n<li><i class=\"fa fa-arrow-circle-o-right\" aria-hidden=\"true\"><\/i> Realizaci\u00f3n de los\u00a0<a href=\"https:\/\/scifrancesa.fr\/es\/ensayos-no-destructivos-y-laboratorio-metalurgico\/\">ensayos no destructivos<\/a>\u00a0(visual, radiograf\u00eda, ultrasonidos, l\u00edquidos penetrantes, etc.)<\/li>\n<li><i class=\"fa fa-arrow-circle-o-right\" aria-hidden=\"true\"><\/i> Realizaci\u00f3n de\u00a0<a href=\"https:\/\/scifrancesa.fr\/es\/ensayos-no-destructivos-y-laboratorio-metalurgico\/\">ensayos mec\u00e1nicos<\/a>\u00a0(tracciones, plegados, fractura, impacto, durezas, etc.)<\/li>\n<li><i class=\"fa fa-arrow-circle-o-right\" aria-hidden=\"true\"><\/i> <strong>Elaboraci\u00f3n de la documentaci\u00f3n aplicable:<\/strong>\u00a0Registros de procedimiento (PQR\/WPQR), procedimientos de soldeo (WPS) y cualificaci\u00f3n de soldadores y operadores (WPQ).<\/li>\n<\/ul>\n<p><strong>SCI<\/strong>\u00a0como agencia de inspecci\u00f3n acreditada por\u00a0<strong>ENAC<\/strong>\u00a0y reconocida como\u00a0<a href=\"https:\/\/scifrancesa.fr\/inspeccion\/inspeccion-reglamentaria\/organismo-notificado-numero-1348\" target=\"_blank\" rel=\"noopener\">Organismo Notificado (N\u00famero 1438)<\/a>\u00a0tiene la capacidad de realizar ensayos (tanto END como destructivos dentro del alcance) bajo dicha acreditaci\u00f3n y\u00a0<strong>emitir documentaci\u00f3n de homologaci\u00f3n como ON.<\/strong>[\/vc_column_text][vc_empty_space][\/vc_column_inner][\/vc_row_inner][vc_empty_space][vc_row_inner row_type=\u00bbrow\u00bb type=\u00bbfull_width\u00bb text_align=\u00bbleft\u00bb css_animation=\u00bb\u00bb css=\u00bb.vc_custom_1639742702193{padding-right: 0px !important;padding-left: 25px !important;background-color: #ffffff !important;}\u00bb][vc_column_inner][vc_empty_space][vc_column_text]<\/p>\n<h2 class=\"internas-titul\">OBJETIVO DE LA CUALIFICACI\u00d3N DEL PROCEDIMIENTO DEL SOLDEO<\/h2>\n<p>El objetivo a cualificar un\u00a0<strong>procedimiento de soldeo<\/strong>\u00a0es asegurar que los materiales y par\u00e1metros son los correctos para\u00a0<strong>producir soldaduras de calidad<\/strong>\u00a0que aseguran una\u00a0<strong>resistencia mec\u00e1nica<\/strong>\u00a0adecuada.[\/vc_column_text][vc_empty_space][vc_column_text]<\/p>\n<h2 class=\"internas-titul\">OBJETIVO DE LA CUALIFICACI\u00d3N DE LOS SOLDADORES<\/h2>\n<p>El objetivo al cualificar a un<strong>\u00a0soldador<\/strong>\u00a0es verificar su habilidad para producir soldaduras de calidad siguiendo un procedimiento cualificado.[\/vc_column_text][vc_empty_space][\/vc_column_inner][\/vc_row_inner][vc_row_inner row_type=\u00bbrow\u00bb type=\u00bbfull_width\u00bb text_align=\u00bbleft\u00bb css_animation=\u00bb\u00bb css=\u00bb.vc_custom_1644508190883{padding-right: 0px !important;padding-left: 0px !important;background-color: #ffffff !important;}\u00bb][vc_column_inner css=\u00bb.vc_custom_1644508196568{padding-right: 0px !important;padding-left: 0px !important;}\u00bb][vc_gallery type=\u00bbimage_grid\u00bb images=\u00bb2277,2278&#8243; img_size=\u00bb540&#215;300&#8243; column_number=\u00bb2&#8243; grayscale=\u00bbno\u00bb images_space=\u00bbgallery_without_space\u00bb][\/vc_column_inner][\/vc_row_inner][vc_empty_space][\/vc_column][\/vc_row][vc_row css_animation=\u00bb\u00bb row_type=\u00bbrow\u00bb use_row_as_full_screen_section=\u00bbno\u00bb type=\u00bbfull_width\u00bb angled_section=\u00bbno\u00bb text_align=\u00bbleft\u00bb background_image_as_pattern=\u00bbwithout_pattern\u00bb][vc_column][vc_empty_space height=\u00bb64px\u00bb][\/vc_column][\/vc_row]<\/p>\n<\/div>","protected":false},"excerpt":{"rendered":"<p>[vc_row css_animation=\u00bb\u00bb row_type=\u00bbrow\u00bb use_row_as_full_screen_section=\u00bbno\u00bb type=\u00bbfull_width\u00bb angled_section=\u00bbno\u00bb text_align=\u00bbleft\u00bb background_image_as_pattern=\u00bbwithout_pattern\u00bb][vc_column width=\u00bb1\/4&#8243;][vc_raw_html]JTNDaDUlM0VPdHJvcyUyMFNlcnZpY2lvcyUyMGRlJTIwSU5TUEVDQ0klQzMlOTNOJTNDJTJGaDUlM0U=[\/vc_raw_html][vc_separator type=\u00bbnormal\u00bb color=\u00bb#bcbcbc\u00bb thickness=\u00bb1&#8243; transparency=\u00bb0.4&#8243;][vc_column_text] INSPECCI\u00d3N Inspecci\u00f3n y Apoyo T\u00e9cnico de Soldadura Certificaciones de Procedimientos de Soldadura y Soldadores [\/vc_column_text][vc_empty_space][vc_raw_html]JTNDaDUlM0VDb250YWN0YSUyMGNvbiUyMG5vc290cm9zJTNDJTJGaDUlM0U=[\/vc_raw_html][vc_separator type=\u00bbnormal\u00bb color=\u00bb#bcbcbc\u00bb thickness=\u00bb1&#8243; transparency=\u00bb0.4&#8243;][vc_widget_sidebar sidebar_id=\u00bbsidebar-blog\u00bb][\/vc_column][vc_column width=\u00bb3\/4&#8243;][vc_row_inner row_type=\u00bbrow\u00bb type=\u00bbfull_width\u00bb text_align=\u00bbleft\u00bb css_animation=\u00bb\u00bb css=\u00bb.vc_custom_1639654729177{background-color: #ffffff !important;}\u00bb][vc_column_inner css=\u00bb.vc_custom_1639654809595{padding-right: 45px !important;padding-left: 45px&#8230;<\/p>\n","protected":false},"author":1,"featured_media":0,"parent":27,"menu_order":0,"comment_status":"closed","ping_status":"closed","template":"","meta":{"footnotes":""},"class_list":["post-652","page","type-page","status-publish","hentry"],"_links":{"self":[{"href":"https:\/\/scifrancesa.fr\/es\/wp-json\/wp\/v2\/pages\/652","targetHints":{"allow":["GET"]}}],"collection":[{"href":"https:\/\/scifrancesa.fr\/es\/wp-json\/wp\/v2\/pages"}],"about":[{"href":"https:\/\/scifrancesa.fr\/es\/wp-json\/wp\/v2\/types\/page"}],"author":[{"embeddable":true,"href":"https:\/\/scifrancesa.fr\/es\/wp-json\/wp\/v2\/users\/1"}],"replies":[{"embeddable":true,"href":"https:\/\/scifrancesa.fr\/es\/wp-json\/wp\/v2\/comments?post=652"}],"version-history":[{"count":15,"href":"https:\/\/scifrancesa.fr\/es\/wp-json\/wp\/v2\/pages\/652\/revisions"}],"predecessor-version":[{"id":58415,"href":"https:\/\/scifrancesa.fr\/es\/wp-json\/wp\/v2\/pages\/652\/revisions\/58415"}],"up":[{"embeddable":true,"href":"https:\/\/scifrancesa.fr\/es\/wp-json\/wp\/v2\/pages\/27"}],"wp:attachment":[{"href":"https:\/\/scifrancesa.fr\/es\/wp-json\/wp\/v2\/media?parent=652"}],"curies":[{"name":"wp","href":"https:\/\/api.w.org\/{rel}","templated":true}]}}