{"id":67,"date":"2021-12-01T10:13:40","date_gmt":"2021-12-01T10:13:40","guid":{"rendered":"http:\/\/scisa.providersweb.es\/?page_id=67"},"modified":"2023-02-22T15:08:27","modified_gmt":"2023-02-22T15:08:27","slug":"ensayos-por-particulas-magneticas","status":"publish","type":"page","link":"https:\/\/scifrancesa.fr\/es\/ensayos-no-destructivos-y-laboratorio-metalurgico\/ensayos-por-particulas-magneticas\/","title":{"rendered":"Ensayos por Part\u00edculas Magn\u00e9ticas"},"content":{"rendered":"<div class=\"wpb-content-wrapper\"><p>[vc_row css_animation=\u00bb\u00bb row_type=\u00bbrow\u00bb use_row_as_full_screen_section=\u00bbno\u00bb type=\u00bbfull_width\u00bb angled_section=\u00bbno\u00bb text_align=\u00bbleft\u00bb background_image_as_pattern=\u00bbwithout_pattern\u00bb][vc_column width=\u00bb1\/4&#8243;][vc_raw_html]JTNDaDUlM0VPdHJvcyUyMFNlcnZpY2lvcyUyMEVORCUzQyUyRmg1JTNF[\/vc_raw_html][vc_separator type=\u00bbnormal\u00bb color=\u00bb#bcbcbc\u00bb thickness=\u00bb1&#8243; transparency=\u00bb0.4&#8243;][vc_column_text]<\/p>\n<ul class=\"menu-lateral\">\n<li class=\"volver\"><a href=\"https:\/\/scifrancesa.fr\/es\/ensayos-no-destructivos-y-laboratorio-metalurgico\/\"><i class=\"fa fa-backward\" aria-hidden=\"true\"><\/i> ENSAYOS NO DESTRUCTIVOS Y LABORATORIO METAL\u00daRGICO<\/a><\/li>\n<li><a href=\"https:\/\/scifrancesa.fr\/es\/ensayos-no-destructivos-y-laboratorio-metalurgico\/ensayos-por-radiografia-industrial\/\">Ensayos por radiograf\u00eda industrial<\/a><\/li>\n<li><a href=\"https:\/\/scifrancesa.fr\/es\/ensayos-no-destructivos-y-laboratorio-metalurgico\/ensayos-por-ultrasonidos\/\">Ensayos por Ultrasonidos<\/a><\/li>\n<li class=\"sin-enlace\">Ensayos por Part\u00edculas Magn\u00e9ticas<\/li>\n<li><a href=\"https:\/\/scifrancesa.fr\/es\/ensayos-no-destructivos-y-laboratorio-metalurgico\/ensayos-por-liquidos-penetrantes\/\">Ensayos por L\u00edquidos Penetrantes<\/a><\/li>\n<li><a href=\"https:\/\/scifrancesa.fr\/es\/ensayos-no-destructivos-y-laboratorio-metalurgico\/pruebas-de-fugas-de-helio\/\">Pruebas de fugas de Helio<\/a><\/li>\n<li><a href=\"https:\/\/scifrancesa.fr\/es\/ensayos-no-destructivos-y-laboratorio-metalurgico\/inspeccion-de-soldadura-de-torres-eolicas\/\"> Inspecci\u00f3n de soldadura de Torres de E\u00f3licas<\/a><\/li>\n<li><a href=\"https:\/\/scifrancesa.fr\/es\/ensayos-no-destructivos-y-laboratorio-metalurgico\/inspeccion-de-corrosion-por-ultrasonidos\/\">Inspecci\u00f3n de Corrosi\u00f3n por Ultrasonidos<\/a><\/li>\n<li><a href=\"https:\/\/scifrancesa.fr\/es\/ensayos-no-destructivos-y-laboratorio-metalurgico\/otros-ensayos-no-destructivos\/\">Otros ensayos no destructivos<\/a><\/li>\n<li><a href=\"https:\/\/scifrancesa.fr\/es\/ensayos-no-destructivos-y-laboratorio-metalurgico\/ensayos-aplicados-a-pipelines-y-grandes-tanques-de-almacenamiento\/\">Ensayos aplicados a Pipelines y Grandes Tanques de Almacenamiento<\/a><\/li>\n<\/ul>\n<p>[\/vc_column_text][vc_empty_space][vc_raw_html]JTNDaDUlM0VDb250YWN0YSUyMGNvbiUyMG5vc290cm9zJTNDJTJGaDUlM0U=[\/vc_raw_html][vc_separator type=\u00bbnormal\u00bb color=\u00bb#bcbcbc\u00bb thickness=\u00bb1&#8243; transparency=\u00bb0.4&#8243;][vc_widget_sidebar sidebar_id=\u00bbsidebar-blog\u00bb][\/vc_column][vc_column width=\u00bb3\/4&#8243;][vc_row_inner row_type=\u00bbrow\u00bb type=\u00bbfull_width\u00bb text_align=\u00bbleft\u00bb css_animation=\u00bb\u00bb css=\u00bb.vc_custom_1639654729177{background-color: #ffffff !important;}\u00bb][vc_column_inner css=\u00bb.vc_custom_1639654809595{padding-right: 45px !important;padding-left: 45px !important;background-color: #ffffff !important;}\u00bb][vc_column_text]<\/p>\n<h2 class=\"internas-titul\">\u00bfQU\u00c9 ES LA INSPECCI\u00d3N POR PART\u00cdCULAS MAGN\u00c9TICAS?<\/h2>\n<p>Estos ensayos tienen la misi\u00f3n de detectar en una pieza las posibles discontinuidades (en\u00a0<strong>materiales ferromagn\u00e9ticos<\/strong>) que haya no solo en la superficie, sino tambi\u00e9n en las proximidades de ella (<strong>discontinuidades subsuperficiales<\/strong>).<\/p>\n<p>El m\u00e9todo se basa en la\u00a0<strong>atracci\u00f3n de un polvo met\u00e1lico aplicado sobre la superficie hacia las discontinuidades presentes en el material bajo la acci\u00f3n de un campo magn\u00e9tico.<\/strong>\u00a0La acumulaci\u00f3n de este polvo met\u00e1lico en torno a las discontinuidades revelar\u00e1 la localizaci\u00f3n de las mismas.<\/p>\n<p>Esta peculiaridad hace que este ensayo pueda realizarse en ciertas circunstancias a\u00a0<strong>piezas pintadas o con imprimaci\u00f3n.<\/strong>[\/vc_column_text][vc_empty_space][\/vc_column_inner][\/vc_row_inner][vc_empty_space][vc_row_inner row_type=\u00bbrow\u00bb type=\u00bbfull_width\u00bb text_align=\u00bbleft\u00bb css_animation=\u00bb\u00bb css=\u00bb.vc_custom_1643715883327{padding-right: 25px !important;padding-left: 25px !important;background-color: #ffffff !important;}\u00bb][vc_column_inner][vc_empty_space][vc_column_text]<\/p>\n<h2 class=\"internas-titul\">\u00bfDE QU\u00c9 EQUIPOS DISPONEMOS PARA HACER ESTAS INSPECCIONES?<\/h2>\n<p>En SCI disponemos de equipos port\u00e1tiles y fijos para la Inspecci\u00f3n Por Part\u00edculas Magn\u00e9ticas (coloreadas o fluorescentes). \u00c9stos incorporan las tecnolog\u00edas m\u00e1s actuales, algo que nos distingue y que nos hace ser referencia en el sector. Los m\u00e1s importantes son:[\/vc_column_text][vc_column_text]En la mayor\u00eda de sus delegaciones,\u00a0<strong>SCI<\/strong>\u00a0dispone de\u00a0<strong>bunkers<\/strong>\u00a0para el radiografiado. Existe tambi\u00e9n la posibilidad de\u00a0<strong>instalar bunkers modulares<\/strong>\u00a0en las instalaciones del cliente.[\/vc_column_text][vc_empty_space]<div class=\"qode-accordion-holder clearfix qode-toggle qode-initial \">\n\t<h2 class=\"clearfix qode-title-holder\">\n<span class=\"qode-tab-title\">\n\t    <span class=\"qode-tab-title-inner\">\n        EQUIPOS DE ELECTRODOS DE CONTACTO DE HASTA 2000 A    <\/span>\n<\/span>\n<span class=\"qode-accordion-mark\">\n    <span class=\"qode-accordion-mark-icon\">\n        <span class=\"icon_plus\"><\/span>\n        <span class=\"icon_minus-06\"><\/span>\n    <\/span>\n<\/span>\n<\/h2>\n<div  class=\"qode-accordion-content \" >\n    <div class=\"qode-accordion-content-inner\">\n        [vc_column_text]Con estos equipos se consigue que, al circular la corriente entre los electrodos, pueda realizarse el ensayo al generarse un campo magn\u00e9tico entre los mismos.[\/vc_column_text]    <\/div>\n<\/div><h2 class=\"clearfix qode-title-holder\">\n<span class=\"qode-tab-title\">\n\t    <span class=\"qode-tab-title-inner\">\n        BANCADAS DE INSPECCI\u00d3N MULTIDIRECCIONAL    <\/span>\n<\/span>\n<span class=\"qode-accordion-mark\">\n    <span class=\"qode-accordion-mark-icon\">\n        <span class=\"icon_plus\"><\/span>\n        <span class=\"icon_minus-06\"><\/span>\n    <\/span>\n<\/span>\n<\/h2>\n<div  class=\"qode-accordion-content \" >\n    <div class=\"qode-accordion-content-inner\">\n        [vc_column_text]<\/p>\n<div class=\"wpb_text_column wpb_content_element \">\n<div class=\"wpb_wrapper\">\n<div class=\"vc_row wpb_row vc_inner wf-container\">\n<div class=\"wpb_column vc_column_container vc_col-sm-12\">\n<div class=\"vc_column-inner \">\n<div class=\"wpb_wrapper\">\n<div class=\"wpb_text_column wpb_content_element \">\n<div class=\"wpb_wrapper\">\n<p>Las bancadas est\u00e1n pensadas espec\u00edficamente para la inspecci\u00f3n de elementos de forja o de fundici\u00f3n\u2026 Estas\u00a0<strong>bancadas<\/strong>\u00a0combinan las t\u00e9cnicas de conductor central, paso de corriente y bobina.<\/p>\n<p>Algunos de sus elementos m\u00e1s esenciales son:<\/p>\n<ul>\n<li>Magnetizaci\u00f3n tanto\u00a0<strong>circular<\/strong>\u00a0como\u00a0<strong>longitudinal<\/strong>.<\/li>\n<\/ul>\n<ul>\n<li>Equipos optimizados para el ensayo de grandes series de piezas.<\/li>\n<\/ul>\n<\/div>\n<\/div>\n<\/div>\n<\/div>\n<\/div>\n<\/div>\n<\/div>\n<\/div>\n<div class=\"wpb_text_column wpb_content_element \">\n<div class=\"wpb_wrapper\">\n<p>En la mayor\u00eda de sus delegaciones,\u00a0<strong>SCI<\/strong>\u00a0dispone de\u00a0<strong>bunkers<\/strong>\u00a0para el radiografiado. Existe tambi\u00e9n la posibilidad de\u00a0<strong>instalar bunkers modulares<\/strong>\u00a0en las instalaciones del cliente.<\/p>\n<\/div>\n<\/div>\n<p>[\/vc_column_text]    <\/div>\n<\/div><h2 class=\"clearfix qode-title-holder\">\n<span class=\"qode-tab-title\">\n\t    <span class=\"qode-tab-title-inner\">\n        YUGOS PORT\u00c1TILES DE CA Y CC    <\/span>\n<\/span>\n<span class=\"qode-accordion-mark\">\n    <span class=\"qode-accordion-mark-icon\">\n        <span class=\"icon_plus\"><\/span>\n        <span class=\"icon_minus-06\"><\/span>\n    <\/span>\n<\/span>\n<\/h2>\n<div  class=\"qode-accordion-content \" >\n    <div class=\"qode-accordion-content-inner\">\n        [vc_column_text]<\/p>\n<div class=\"wpb_text_column wpb_content_element \">\n<div class=\"wpb_wrapper\">\n<div class=\"vc_row wpb_row vc_inner wf-container\">\n<div class=\"wpb_column vc_column_container vc_col-sm-12\">\n<div class=\"vc_column-inner \">\n<div class=\"wpb_wrapper\">\n<div class=\"wpb_text_column wpb_content_element \">\n<div class=\"wpb_wrapper\">\n<p>Estos yugos est\u00e1n disponibles tanto en\u00a0<a href=\"https:\/\/es.wikipedia.org\/wiki\/Corriente_continua\" target=\"_blank\" rel=\"noopener\">corriente cont\u00ednua<\/a>\u00a0como en\u00a0<a href=\"https:\/\/es.wikipedia.org\/wiki\/Corriente_alterna\" target=\"_blank\" rel=\"noopener\">corriente alterna<\/a>\u00a0y su flexibilidad en el uso y peque\u00f1o tama\u00f1o los hacen \u00f3ptimos para su utilizaci\u00f3n en campo.<\/p>\n<\/div>\n<\/div>\n<\/div>\n<\/div>\n<\/div>\n<\/div>\n<\/div>\n<\/div>\n<p>[\/vc_column_text]    <\/div>\n<\/div><\/div>[vc_empty_space][\/vc_column_inner][\/vc_row_inner][vc_row_inner row_type=\u00bbrow\u00bb type=\u00bbfull_width\u00bb text_align=\u00bbleft\u00bb css_animation=\u00bb\u00bb css=\u00bb.vc_custom_1643714905832{margin-top: 32px !important;background-color: #ffffff !important;}\u00bb][vc_column_inner width=\u00bb1\/2&#8243; css=\u00bb.vc_custom_1643715373663{padding-left: 0px !important;}\u00bb][vc_single_image image=\u00bb897&#8243; img_size=\u00bbfull\u00bb alignment=\u00bbright\u00bb qode_css_animation=\u00bb\u00bb css=\u00bb.vc_custom_1642583231246{margin-top: 0px !important;margin-right: 0px !important;margin-bottom: 0px !important;margin-left: 0px !important;border-top-width: 0px !important;border-right-width: 0px !important;border-bottom-width: 0px !important;border-left-width: 0px !important;padding-top: 0px !important;padding-right: 0px !important;padding-bottom: 0px !important;padding-left: 0px !important;}\u00bb][\/vc_column_inner][vc_column_inner width=\u00bb1\/2&#8243;][vc_empty_space height=\u00bb100px\u00bb el_class=\u00bbquitar-movil\u00bb][vc_column_text]<\/p>\n<h2 class=\"internas-titul\">VENTAJAS DE ESTOS ENSAYOS<\/h2>\n<p>Realizar estos Ensayos Por Part\u00edculas Magn\u00e9ticas tiene una serie de ventajas que vamos a detallar:<\/p>\n<ul class=\"lista-interna\">\n<li><i class=\"fa fa-angle-right\" aria-hidden=\"true\"><\/i>Los resultados se obtienen <strong>de forma inmediata.<\/strong><\/li>\n<li><i class=\"fa fa-angle-right\" aria-hidden=\"true\"><\/i><strong>Son m\u00e1s r\u00e1pidos<\/strong> que aquellos que se hacen con l\u00edquidos penetrantes.<\/li>\n<li><i class=\"fa fa-angle-right\" aria-hidden=\"true\"><\/i>\u00a0 Se pueden emplear en componentes con ciertos revestimientos. El grado de limpieza del componente no es tan cr\u00edtico como en el ensayo de l\u00edquidos penetrantes.<\/li>\n<li><i class=\"fa fa-angle-right\" aria-hidden=\"true\"><\/i><strong>Son an\u00e1lisis m\u00e1s limpios<\/strong> que los que se hacen con los l\u00edquidos penetrantes.<\/li>\n<li><i class=\"fa fa-angle-right\" aria-hidden=\"true\"><\/i>\u00a0Se pueden aplicar <strong>tanto a muestras de gran tama\u00f1o como de peque\u00f1o tama\u00f1o.<\/strong><\/li>\n<\/ul>\n<p>[\/vc_column_text][vc_empty_space][\/vc_column_inner][\/vc_row_inner][vc_empty_space][\/vc_column][\/vc_row][vc_row css_animation=\u00bb\u00bb row_type=\u00bbrow\u00bb use_row_as_full_screen_section=\u00bbno\u00bb type=\u00bbfull_width\u00bb angled_section=\u00bbno\u00bb text_align=\u00bbleft\u00bb background_image_as_pattern=\u00bbwithout_pattern\u00bb][vc_column][vc_empty_space height=\u00bb64px\u00bb][\/vc_column][\/vc_row]<\/p>\n<\/div>","protected":false},"excerpt":{"rendered":"<p>[vc_row css_animation=\u00bb\u00bb row_type=\u00bbrow\u00bb use_row_as_full_screen_section=\u00bbno\u00bb type=\u00bbfull_width\u00bb angled_section=\u00bbno\u00bb text_align=\u00bbleft\u00bb background_image_as_pattern=\u00bbwithout_pattern\u00bb][vc_column width=\u00bb1\/4&#8243;][vc_raw_html]JTNDaDUlM0VPdHJvcyUyMFNlcnZpY2lvcyUyMEVORCUzQyUyRmg1JTNF[\/vc_raw_html][vc_separator type=\u00bbnormal\u00bb color=\u00bb#bcbcbc\u00bb thickness=\u00bb1&#8243; transparency=\u00bb0.4&#8243;][vc_column_text] ENSAYOS NO DESTRUCTIVOS Y LABORATORIO METAL\u00daRGICO Ensayos por radiograf\u00eda industrial Ensayos por Ultrasonidos Ensayos por Part\u00edculas Magn\u00e9ticas Ensayos por L\u00edquidos Penetrantes Pruebas de fugas de Helio Inspecci\u00f3n de soldadura de Torres de&#8230;<\/p>\n","protected":false},"author":1,"featured_media":0,"parent":21,"menu_order":0,"comment_status":"closed","ping_status":"closed","template":"","meta":{"footnotes":""},"class_list":["post-67","page","type-page","status-publish","hentry"],"_links":{"self":[{"href":"https:\/\/scifrancesa.fr\/es\/wp-json\/wp\/v2\/pages\/67","targetHints":{"allow":["GET"]}}],"collection":[{"href":"https:\/\/scifrancesa.fr\/es\/wp-json\/wp\/v2\/pages"}],"about":[{"href":"https:\/\/scifrancesa.fr\/es\/wp-json\/wp\/v2\/types\/page"}],"author":[{"embeddable":true,"href":"https:\/\/scifrancesa.fr\/es\/wp-json\/wp\/v2\/users\/1"}],"replies":[{"embeddable":true,"href":"https:\/\/scifrancesa.fr\/es\/wp-json\/wp\/v2\/comments?post=67"}],"version-history":[{"count":59,"href":"https:\/\/scifrancesa.fr\/es\/wp-json\/wp\/v2\/pages\/67\/revisions"}],"predecessor-version":[{"id":58373,"href":"https:\/\/scifrancesa.fr\/es\/wp-json\/wp\/v2\/pages\/67\/revisions\/58373"}],"up":[{"embeddable":true,"href":"https:\/\/scifrancesa.fr\/es\/wp-json\/wp\/v2\/pages\/21"}],"wp:attachment":[{"href":"https:\/\/scifrancesa.fr\/es\/wp-json\/wp\/v2\/media?parent=67"}],"curies":[{"name":"wp","href":"https:\/\/api.w.org\/{rel}","templated":true}]}}