{"id":69,"date":"2021-12-01T10:14:29","date_gmt":"2021-12-01T10:14:29","guid":{"rendered":"http:\/\/scisa.providersweb.es\/?page_id=69"},"modified":"2023-02-22T15:08:28","modified_gmt":"2023-02-22T15:08:28","slug":"ensayos-por-liquidos-penetrantes","status":"publish","type":"page","link":"https:\/\/scifrancesa.fr\/es\/ensayos-no-destructivos-y-laboratorio-metalurgico\/ensayos-por-liquidos-penetrantes\/","title":{"rendered":"Ensayos por L\u00edquidos Penetrantes"},"content":{"rendered":"<div class=\"wpb-content-wrapper\"><p>[vc_row css_animation=\u00bb\u00bb row_type=\u00bbrow\u00bb use_row_as_full_screen_section=\u00bbno\u00bb type=\u00bbfull_width\u00bb angled_section=\u00bbno\u00bb text_align=\u00bbleft\u00bb background_image_as_pattern=\u00bbwithout_pattern\u00bb][vc_column width=\u00bb1\/4&#8243;][vc_raw_html]JTNDaDUlM0VPdHJvcyUyMFNlcnZpY2lvcyUyMEVORCUzQyUyRmg1JTNF[\/vc_raw_html][vc_separator type=\u00bbnormal\u00bb color=\u00bb#bcbcbc\u00bb thickness=\u00bb1&#8243; transparency=\u00bb0.4&#8243;][vc_column_text]<\/p>\n<ul class=\"menu-lateral\">\n<li class=\"volver\"><a href=\"https:\/\/scifrancesa.fr\/es\/ensayos-no-destructivos-y-laboratorio-metalurgico\/\"><i class=\"fa fa-backward\" aria-hidden=\"true\"><\/i> ENSAYOS NO DESTRUCTIVOS Y LABORATORIO METAL\u00daRGICO<\/a><\/li>\n<li><a href=\"https:\/\/scifrancesa.fr\/es\/ensayos-no-destructivos-y-laboratorio-metalurgico\/ensayos-por-radiografia-industrial\/\">Ensayos por radiograf\u00eda industrial<\/a><\/li>\n<li><a href=\"https:\/\/scifrancesa.fr\/es\/ensayos-no-destructivos-y-laboratorio-metalurgico\/ensayos-por-ultrasonidos\/\">Ensayos por Ultrasonidos<\/a><\/li>\n<li><a href=\"https:\/\/scifrancesa.fr\/es\/ensayos-no-destructivos-y-laboratorio-metalurgico\/ensayos-por-particulas-magneticas\/\">Ensayos por Part\u00edculas Magn\u00e9ticas<\/a><\/li>\n<li class=\"sin-enlace\">Ensayos por L\u00edquidos Penetrantes<\/li>\n<li><a href=\"https:\/\/scifrancesa.fr\/es\/ensayos-no-destructivos-y-laboratorio-metalurgico\/pruebas-de-fugas-de-helio\/\">Pruebas de fugas de Helio<\/a><\/li>\n<li><a href=\"https:\/\/scifrancesa.fr\/es\/ensayos-no-destructivos-y-laboratorio-metalurgico\/inspeccion-de-soldadura-de-torres-eolicas\/\"> Inspecci\u00f3n de soldadura de Torres de E\u00f3licas<\/a><\/li>\n<li><a href=\"https:\/\/scifrancesa.fr\/es\/ensayos-no-destructivos-y-laboratorio-metalurgico\/inspeccion-de-corrosion-por-ultrasonidos\/\">Inspecci\u00f3n de Corrosi\u00f3n por Ultrasonidos<\/a><\/li>\n<li><a href=\"https:\/\/scifrancesa.fr\/es\/ensayos-no-destructivos-y-laboratorio-metalurgico\/otros-ensayos-no-destructivos\/\">Otros ensayos no destructivos<\/a><\/li>\n<li><a href=\"https:\/\/scifrancesa.fr\/es\/ensayos-no-destructivos-y-laboratorio-metalurgico\/ensayos-aplicados-a-pipelines-y-grandes-tanques-de-almacenamiento\/\">Ensayos aplicados a Pipelines y Grandes Tanques de Almacenamiento<\/a><\/li>\n<\/ul>\n<p>[\/vc_column_text][vc_empty_space][vc_raw_html]JTNDaDUlM0VDb250YWN0YSUyMGNvbiUyMG5vc290cm9zJTNDJTJGaDUlM0U=[\/vc_raw_html][vc_separator type=\u00bbnormal\u00bb color=\u00bb#bcbcbc\u00bb thickness=\u00bb1&#8243; transparency=\u00bb0.4&#8243;][vc_widget_sidebar sidebar_id=\u00bbsidebar-blog\u00bb][\/vc_column][vc_column width=\u00bb3\/4&#8243;][vc_row_inner row_type=\u00bbrow\u00bb type=\u00bbfull_width\u00bb text_align=\u00bbleft\u00bb css_animation=\u00bb\u00bb css=\u00bb.vc_custom_1639654729177{background-color: #ffffff !important;}\u00bb][vc_column_inner css=\u00bb.vc_custom_1639654809595{padding-right: 45px !important;padding-left: 45px !important;background-color: #ffffff !important;}\u00bb][vc_column_text]<\/p>\n<h2 class=\"internas-titul\">\u00bfQU\u00c9 ES UNA INSPECCI\u00d3N POR L\u00cdQUIDOS PENETRANTES?<\/h2>\n<div class=\"vc_row wpb_row vc_inner wf-container\">\n<div class=\"wpb_column vc_column_container vc_col-sm-12\">\n<div class=\"vc_column-inner \">\n<div class=\"wpb_wrapper\">\n<div class=\"wpb_text_column wpb_content_element \">\n<div class=\"wpb_wrapper\">\n<p>Los\u00a0<strong>Ensayos mediante L\u00edquidos Penetrantes<\/strong>\u00a0son un tipo de\u00a0<strong>Ensayo No Destructivo<\/strong>\u00a0con el que se consiguen detectar imperfecciones superficiales en materiales no porosos tanto en materiales met\u00e1licos con en materiales no met\u00e1licos.<\/p>\n<p>Este tipo de ensayo consiste b\u00e1sicamente en la aplicaci\u00f3n de un l\u00edquido de gran poder humectante sobre la superficie del material a ensayar.\u00a0<strong>Gracias al efecto de la capilaridad<\/strong>, \u00e9ste penetrar\u00e1 en las discontinuidades.<\/p>\n<p>Finalmente el sobrante que resta sobre la superficie ser\u00e1 retirado mediante un sistema de limpieza adecuado y la posterior aplicaci\u00f3n de un revelador ser\u00e1 capaz de volver a extraer el l\u00edquido que antes qued\u00f3 atrapado en las discontinuidades,\u00a0<strong>mostrando la localizaci\u00f3n de las mismas.<\/strong><\/p>\n<\/div>\n<\/div>\n<\/div>\n<\/div>\n<\/div>\n<\/div>\n<p>[\/vc_column_text][vc_empty_space][\/vc_column_inner][\/vc_row_inner][vc_row_inner row_type=\u00bbrow\u00bb type=\u00bbfull_width\u00bb text_align=\u00bbleft\u00bb css_animation=\u00bb\u00bb css=\u00bb.vc_custom_1643721678861{padding-right: 0px !important;padding-left: 0px !important;}\u00bb][vc_column_inner css=\u00bb.vc_custom_1643721697933{padding-right: 0px !important;padding-left: 0px !important;}\u00bb][vc_single_image image=\u00bb1511&#8243; img_size=\u00bbfull\u00bb alignment=\u00bbcenter\u00bb qode_css_animation=\u00bb\u00bb][\/vc_column_inner][\/vc_row_inner][vc_row_inner row_type=\u00bbrow\u00bb type=\u00bbfull_width\u00bb text_align=\u00bbleft\u00bb css_animation=\u00bb\u00bb css=\u00bb.vc_custom_1643722004115{margin-top: 32px !important;padding-top: 32px !important;padding-right: 0px !important;padding-left: 25px !important;background-color: #ffffff !important;}\u00bb el_class=\u00bblistas-chulas\u00bb][vc_column_inner][vc_column_text el_class=\u00bbcontenido-lista\u00bb]<\/p>\n<h2 class=\"internas-titul\">LAS T\u00c9CNICAS DE INSPECCI\u00d3N POR L\u00cdQUIDOS PENETRANTES QUE EMPLEAMOS<\/h2>\n<p>Las t\u00e9cnicas que empleamos son muy variadas. En concreto, en funci\u00f3n de la fase en la que nos encontremos son <em>las siguientes:<\/em><\/p>\n<ul class=\"lista-interna\">\n<li><i class=\"fa fa-angle-right\" aria-hidden=\"true\"><\/i> Visibles \/ Fluorescentes.<\/li>\n<li><i class=\"fa fa-angle-right\" aria-hidden=\"true\"><\/i> Penetrantes eliminables con agua \/ Eliminables con disolventes \/ Postemulsificables.<\/li>\n<li><i class=\"fa fa-angle-right\" aria-hidden=\"true\"><\/i> Reveladores secos \/ H\u00famedos.<\/li>\n<li><i class=\"fa fa-angle-right\" aria-hidden=\"true\"><\/i> Aplicaciones especiales.<\/li>\n<\/ul>\n<p>[\/vc_column_text][vc_empty_space][\/vc_column_inner][\/vc_row_inner][vc_row_inner row_type=\u00bbrow\u00bb type=\u00bbfull_width\u00bb text_align=\u00bbleft\u00bb css_animation=\u00bb\u00bb css=\u00bb.vc_custom_1643722039188{margin-top: 32px !important;padding-right: 0px !important;padding-left: 25px !important;background-color: #ffffff !important;}\u00bb][vc_column_inner width=\u00bb1\/2&#8243; css=\u00bb.vc_custom_1643722128412{padding-right: 10% !important;}\u00bb][vc_empty_space][vc_column_text el_class=\u00bbcontenido-lista\u00bb]<\/p>\n<h2 class=\"internas-titul\">VENTAJAS DE ESTOS ENSAYOS<\/h2>\n<p>Realizar <strong>Ensayos por L\u00edquidos Penetrantes<\/strong> tiene una serie de ventajas:<\/p>\n<ul class=\"lista-interna\">\n<li><i class=\"fa fa-angle-right\" aria-hidden=\"true\"><\/i> <strong>Los resultados<\/strong> se obtienen de forma pr\u00e1cticamente <strong>inmediata<\/strong> y son de f\u00e1cil interpretaci\u00f3n.<\/li>\n<li><i class=\"fa fa-angle-right\" aria-hidden=\"true\"><\/i> No est\u00e1n limitados a materiales ferromagn\u00e9ticos como los<strong> ensayos de Part\u00edculas Magn\u00e9ticas.<\/strong><\/li>\n<li><i class=\"fa fa-angle-right\" aria-hidden=\"true\"><\/i> El m\u00e9todo es relativamente sencillo, siendo f\u00e1cil su realizaci\u00f3n en campo.<\/li>\n<li><i class=\"fa fa-angle-right\" aria-hidden=\"true\"><\/i> Se pueden aplicar tanto a muestras de <strong>gran tama\u00f1o<\/strong> como de <strong>peque\u00f1o tama\u00f1o.<\/strong><\/li>\n<li><i class=\"fa fa-angle-right\" aria-hidden=\"true\"><\/i> No son necesarios equipos especiales.<\/li>\n<\/ul>\n<p>[\/vc_column_text][\/vc_column_inner][vc_column_inner width=\u00bb1\/2&#8243; css=\u00bb.vc_custom_1643723688417{padding-right: 0px !important;padding-left: 0px !important;}\u00bb][vc_single_image image=\u00bb939&#8243; img_size=\u00bbfull\u00bb alignment=\u00bbcenter\u00bb qode_css_animation=\u00bb\u00bb css=\u00bb.vc_custom_1642589195644{margin-top: 0px !important;margin-right: 0px !important;margin-bottom: 0px !important;margin-left: 0px !important;border-top-width: 0px !important;border-right-width: 0px !important;border-bottom-width: 0px !important;border-left-width: 0px !important;padding-top: 0px !important;padding-right: 0px !important;padding-bottom: 0px !important;padding-left: 0px !important;}\u00bb][\/vc_column_inner][\/vc_row_inner][\/vc_column][\/vc_row][vc_row css_animation=\u00bb\u00bb row_type=\u00bbrow\u00bb use_row_as_full_screen_section=\u00bbno\u00bb type=\u00bbfull_width\u00bb angled_section=\u00bbno\u00bb text_align=\u00bbleft\u00bb background_image_as_pattern=\u00bbwithout_pattern\u00bb][vc_column][vc_empty_space height=\u00bb64px\u00bb][\/vc_column][\/vc_row]<\/p>\n<\/div>","protected":false},"excerpt":{"rendered":"<p>[vc_row css_animation=\u00bb\u00bb row_type=\u00bbrow\u00bb use_row_as_full_screen_section=\u00bbno\u00bb type=\u00bbfull_width\u00bb angled_section=\u00bbno\u00bb text_align=\u00bbleft\u00bb background_image_as_pattern=\u00bbwithout_pattern\u00bb][vc_column width=\u00bb1\/4&#8243;][vc_raw_html]JTNDaDUlM0VPdHJvcyUyMFNlcnZpY2lvcyUyMEVORCUzQyUyRmg1JTNF[\/vc_raw_html][vc_separator type=\u00bbnormal\u00bb color=\u00bb#bcbcbc\u00bb thickness=\u00bb1&#8243; transparency=\u00bb0.4&#8243;][vc_column_text] ENSAYOS NO DESTRUCTIVOS Y LABORATORIO METAL\u00daRGICO Ensayos por radiograf\u00eda industrial Ensayos por Ultrasonidos Ensayos por Part\u00edculas Magn\u00e9ticas Ensayos por L\u00edquidos Penetrantes Pruebas de fugas de Helio Inspecci\u00f3n de soldadura de Torres de&#8230;<\/p>\n","protected":false},"author":1,"featured_media":0,"parent":21,"menu_order":0,"comment_status":"closed","ping_status":"closed","template":"","meta":{"footnotes":""},"class_list":["post-69","page","type-page","status-publish","hentry"],"_links":{"self":[{"href":"https:\/\/scifrancesa.fr\/es\/wp-json\/wp\/v2\/pages\/69","targetHints":{"allow":["GET"]}}],"collection":[{"href":"https:\/\/scifrancesa.fr\/es\/wp-json\/wp\/v2\/pages"}],"about":[{"href":"https:\/\/scifrancesa.fr\/es\/wp-json\/wp\/v2\/types\/page"}],"author":[{"embeddable":true,"href":"https:\/\/scifrancesa.fr\/es\/wp-json\/wp\/v2\/users\/1"}],"replies":[{"embeddable":true,"href":"https:\/\/scifrancesa.fr\/es\/wp-json\/wp\/v2\/comments?post=69"}],"version-history":[{"count":57,"href":"https:\/\/scifrancesa.fr\/es\/wp-json\/wp\/v2\/pages\/69\/revisions"}],"predecessor-version":[{"id":58374,"href":"https:\/\/scifrancesa.fr\/es\/wp-json\/wp\/v2\/pages\/69\/revisions\/58374"}],"up":[{"embeddable":true,"href":"https:\/\/scifrancesa.fr\/es\/wp-json\/wp\/v2\/pages\/21"}],"wp:attachment":[{"href":"https:\/\/scifrancesa.fr\/es\/wp-json\/wp\/v2\/media?parent=69"}],"curies":[{"name":"wp","href":"https:\/\/api.w.org\/{rel}","templated":true}]}}