{"id":75,"date":"2021-12-01T10:16:26","date_gmt":"2021-12-01T10:16:26","guid":{"rendered":"http:\/\/scisa.providersweb.es\/?page_id=75"},"modified":"2023-02-22T16:15:54","modified_gmt":"2023-02-22T16:15:54","slug":"inspeccion-de-soldadura-de-torres-eolicas","status":"publish","type":"page","link":"https:\/\/scifrancesa.fr\/es\/ensayos-no-destructivos-y-laboratorio-metalurgico\/inspeccion-de-soldadura-de-torres-eolicas\/","title":{"rendered":"Inspecci\u00f3n de soldadura de Torres E\u00f3licas"},"content":{"rendered":"<div class=\"wpb-content-wrapper\"><p>[vc_row css_animation=\u00bb\u00bb row_type=\u00bbrow\u00bb use_row_as_full_screen_section=\u00bbno\u00bb type=\u00bbfull_width\u00bb angled_section=\u00bbno\u00bb text_align=\u00bbleft\u00bb background_image_as_pattern=\u00bbwithout_pattern\u00bb][vc_column width=\u00bb1\/4&#8243;][vc_raw_html]JTNDaDUlM0VPdHJvcyUyMFNlcnZpY2lvcyUyMEVORCUzQyUyRmg1JTNF[\/vc_raw_html][vc_separator type=\u00bbnormal\u00bb color=\u00bb#bcbcbc\u00bb thickness=\u00bb1&#8243; transparency=\u00bb0.4&#8243;][vc_column_text]<\/p>\n<ul class=\"menu-lateral\">\n<li class=\"volver\"><a href=\"https:\/\/scifrancesa.fr\/es\/ensayos-no-destructivos-y-laboratorio-metalurgico\/\"><i class=\"fa fa-backward\" aria-hidden=\"true\"><\/i> ENSAYOS NO DESTRUCTIVOS Y LABORATORIO METAL\u00daRGICO<\/a><\/li>\n<li><a href=\"https:\/\/scifrancesa.fr\/es\/ensayos-no-destructivos-y-laboratorio-metalurgico\/ensayos-por-radiografia-industrial\/\">Ensayos por radiograf\u00eda industrial<\/a><\/li>\n<li><a href=\"https:\/\/scifrancesa.fr\/es\/ensayos-no-destructivos-y-laboratorio-metalurgico\/ensayos-por-ultrasonidos\/\">Ensayos por Ultrasonidos<\/a><\/li>\n<li><a href=\"https:\/\/scifrancesa.fr\/es\/ensayos-no-destructivos-y-laboratorio-metalurgico\/ensayos-por-particulas-magneticas\/\">Ensayos por Part\u00edculas Magn\u00e9ticas<\/a><\/li>\n<li><a href=\"https:\/\/scifrancesa.fr\/es\/ensayos-no-destructivos-y-laboratorio-metalurgico\/ensayos-por-liquidos-penetrantes\/\">Ensayos por L\u00edquidos Penetrantes<\/a><\/li>\n<li><a href=\"https:\/\/scifrancesa.fr\/es\/ensayos-no-destructivos-y-laboratorio-metalurgico\/pruebas-de-fugas-de-helio\/\">Pruebas de fugas de Helio<\/a><\/li>\n<li class=\"sin-enlace\">Inspecci\u00f3n de soldadura de Torres de E\u00f3licas<\/li>\n<li><a href=\"https:\/\/scifrancesa.fr\/es\/ensayos-no-destructivos-y-laboratorio-metalurgico\/inspeccion-de-corrosion-por-ultrasonidos\/\">Inspecci\u00f3n de Corrosi\u00f3n por Ultrasonidos<\/a><\/li>\n<li><a href=\"https:\/\/scifrancesa.fr\/es\/ensayos-no-destructivos-y-laboratorio-metalurgico\/otros-ensayos-no-destructivos\/\">Otros ensayos no destructivos<\/a><\/li>\n<li><a href=\"https:\/\/scifrancesa.fr\/es\/ensayos-no-destructivos-y-laboratorio-metalurgico\/ensayos-aplicados-a-pipelines-y-grandes-tanques-de-almacenamiento\/\">Ensayos aplicados a Pipelines y Grandes Tanques de Almacenamiento<\/a><\/li>\n<\/ul>\n<p>[\/vc_column_text][vc_empty_space][vc_raw_html]JTNDaDUlM0VDb250YWN0YSUyMGNvbiUyMG5vc290cm9zJTNDJTJGaDUlM0U=[\/vc_raw_html][vc_separator type=\u00bbnormal\u00bb color=\u00bb#bcbcbc\u00bb thickness=\u00bb1&#8243; transparency=\u00bb0.4&#8243;][vc_widget_sidebar sidebar_id=\u00bbsidebar-blog\u00bb][\/vc_column][vc_column width=\u00bb3\/4&#8243;][vc_row_inner row_type=\u00bbrow\u00bb type=\u00bbfull_width\u00bb text_align=\u00bbleft\u00bb css_animation=\u00bb\u00bb css=\u00bb.vc_custom_1639654729177{background-color: #ffffff !important;}\u00bb][vc_column_inner css=\u00bb.vc_custom_1639654809595{padding-right: 45px !important;padding-left: 45px !important;background-color: #ffffff !important;}\u00bb][vc_column_text]<\/p>\n<h2 class=\"internas-titul\">INSPECCI\u00d3N DE SOLDADURA DE TORRES E\u00d3LICAS<\/h2>\n<div class=\"wpb_text_column wpb_content_element \">\n<div class=\"wpb_wrapper\">\n<p>En los pr\u00f3ximos a\u00f1os la mayor\u00eda de los aerogeneradores instalados en Espa\u00f1a habr\u00e1n cumplido 15 a\u00f1os desde su instalaci\u00f3n y puesta en marcha.<\/p>\n<p>La necesidad que tienen los fabricantes, mantenedores, promotores y propietarios de parques e\u00f3licos de aumentar la vida de los aerogeneradores, hace que en los \u00faltimos a\u00f1os se haya planteado en el sector la implantaci\u00f3n de planes de extensi\u00f3n de vida de las plantas de generaci\u00f3n e\u00f3lico.<\/p>\n<p><strong><a href=\"https:\/\/scifrancesa.fr\/\">SCI, Control &amp; Inspecci\u00f3n<\/a><\/strong>\u00a0se hace eco de esa preocupaci\u00f3n y ofrece al mercado nuevos sistemas de inspecci\u00f3n para la determinaci\u00f3n de defectos estructurales en aerogeneradores.<\/p>\n<p>En concreto ha dise\u00f1ado y puesto en marcha un sistema autom\u00e1tico de\u00a0<a href=\"https:\/\/scifrancesa.fr\/es\/ensayos-no-destructivos-y-laboratorio-metalurgico\/inspeccion-de-corrosion-por-ultrasonidos\/\"><strong>inspecci\u00f3n\u00a0<\/strong><strong>por ultrasonidos<\/strong><\/a><strong>\u00a0registrables de las soldaduras de las torres e\u00f3licas en servicio.<\/strong><\/p>\n<\/div>\n<\/div>\n<p>[\/vc_column_text][vc_empty_space][\/vc_column_inner][\/vc_row_inner][vc_row_inner row_type=\u00bbrow\u00bb type=\u00bbfull_width\u00bb text_align=\u00bbleft\u00bb css_animation=\u00bb\u00bb css=\u00bb.vc_custom_1644318201229{margin-top: 32px !important;}\u00bb][vc_column_inner css=\u00bb.vc_custom_1644318081997{padding-right: 0px !important;padding-left: 0px !important;}\u00bb][vc_video link=\u00bbhttps:\/\/www.youtube.com\/watch?v=diIaMH98d3U\u00bb][\/vc_column_inner][\/vc_row_inner][vc_row_inner row_type=\u00bbrow\u00bb type=\u00bbfull_width\u00bb text_align=\u00bbleft\u00bb css_animation=\u00bb\u00bb css=\u00bb.vc_custom_1644318118829{margin-top: 32px !important;padding-right: 0px !important;padding-left: 25px !important;background-color: #ffffff !important;}\u00bb][vc_column_inner width=\u00bb1\/2&#8243;][vc_empty_space][vc_column_text]<\/p>\n<h2 class=\"internas-titul\">Inspecci\u00f3n de soldaduras en aerogeneradores<\/h2>\n<p>La\u00a0<strong>inspecci\u00f3n de soldadura<\/strong>\u00a0de las torres e\u00f3licas las realizamos utilizando un carro magn\u00e9tico, desarrollado por el departamento de\u00a0<strong>I+D<\/strong>, con acceso por el exterior de la torre teledirigido desde el suelo por un operador de SCI.[\/vc_column_text][vc_column_text]<\/p>\n<p class=\"internas-titul\"><strong><em>Aplicaciones del equipo autom\u00e1tico de ultrasonidos:<\/em><\/strong><\/p>\n<ul class=\"lista-interna\">\n<li><i class=\"fa fa-angle-right\" aria-hidden=\"true\"><\/i>Mantenimiento y monitorizaci\u00f3n de torres e\u00f3licas.<\/li>\n<li><i class=\"fa fa-angle-right\" aria-hidden=\"true\"><\/i>Inspecci\u00f3n de torres en planes de extensi\u00f3n de vida de parques e\u00f3licos.<\/li>\n<li><i class=\"fa fa-angle-right\" aria-hidden=\"true\"><\/i> Detecci\u00f3n de grietas y defectos internos en las soldaduras sin afectar a la pintura.<\/li>\n<li><i class=\"fa fa-angle-right\" aria-hidden=\"true\"><\/i>Dimensi\u00f3n de los defectos detectados en longitud y profundidad.<\/li>\n<li><i class=\"fa fa-angle-right\" aria-hidden=\"true\"><\/i> Inspecci\u00f3n visual en primer plano de defectos estructurales superficiales ( abolladuras, defectos producidos por impacto de palas, rayos, etc).<\/li>\n<\/ul>\n<p>[\/vc_column_text][\/vc_column_inner][vc_column_inner width=\u00bb1\/2&#8243; css=\u00bb.vc_custom_1644318230021{padding-right: 0px !important;}\u00bb][vc_single_image image=\u00bb1957&#8243; img_size=\u00bbfull\u00bb alignment=\u00bbright\u00bb qode_css_animation=\u00bb\u00bb css=\u00bb.vc_custom_1644318843075{margin-top: 0px !important;margin-right: 0px !important;margin-bottom: 0px !important;margin-left: 0px !important;border-top-width: 0px !important;border-right-width: 0px !important;border-bottom-width: 0px !important;border-left-width: 0px !important;padding-top: 0px !important;padding-right: 0px !important;padding-bottom: 0px !important;padding-left: 0px !important;}\u00bb][\/vc_column_inner][\/vc_row_inner][vc_row_inner row_type=\u00bbrow\u00bb type=\u00bbfull_width\u00bb text_align=\u00bbleft\u00bb css_animation=\u00bb\u00bb css=\u00bb.vc_custom_1644318388341{margin-top: 32px !important;padding-right: 0px !important;padding-left: 25px !important;background-color: #ffffff !important;}\u00bb][vc_column_inner css=\u00bb.vc_custom_1644318436917{margin-top: 32px !important;padding-left: 0px !important;}\u00bb][vc_column_text css=\u00bb.vc_custom_1644318917033{margin-right: 15% !important;}\u00bb]<\/p>\n<h2 class=\"internas-titul\">Ventajas de la inspecci\u00f3n de soldadura en torres e\u00f3licas<\/h2>\n<ul class=\"lista-interna\">\n<li><i class=\"fa fa-angle-right\" aria-hidden=\"true\"><\/i> Evitar usos de plataformas elevadoras y de m\u00e9todos de escalada <strong>mediante cuerdas.<\/strong><\/li>\n<li><i class=\"fa fa-angle-right\" aria-hidden=\"true\"><\/i>Registro, verificaci\u00f3n y consulta de datos <strong>en cualquier momento<\/strong> de la vida de la m\u00e1quina.<\/li>\n<li><i class=\"fa fa-angle-right\" aria-hidden=\"true\"><\/i> <strong>Monitorizaci\u00f3n<\/strong> del estado de la soldadura y el progreso de defectos detectados en inspecciones anteriores.<\/li>\n<li><i class=\"fa fa-angle-right\" aria-hidden=\"true\"><\/i>Visualizaci\u00f3n<strong> en tiempo real<\/strong> de la adquisici\u00f3n correcta de datos.<\/li>\n<li><i class=\"fa fa-angle-right\" aria-hidden=\"true\"><\/i>Inspecci\u00f3n del <strong>100%<\/strong> del volumen de la soldadura.<\/li>\n<li><i class=\"fa fa-angle-right\" aria-hidden=\"true\"><\/i>Posibilidad de inspecci\u00f3n de soldaduras<strong> con la m\u00e1quina en servicio.<\/strong><\/li>\n<\/ul>\n<p>[\/vc_column_text][vc_empty_space][\/vc_column_inner][\/vc_row_inner][vc_row_inner row_type=\u00bbrow\u00bb type=\u00bbfull_width\u00bb text_align=\u00bbleft\u00bb css_animation=\u00bb\u00bb css=\u00bb.vc_custom_1644319323277{margin-top: 32px !important;}\u00bb][vc_column_inner css=\u00bb.vc_custom_1644319334948{padding-right: 0px !important;padding-left: 0px !important;}\u00bb][vc_single_image image=\u00bb1972&#8243; img_size=\u00bbfull\u00bb qode_css_animation=\u00bb\u00bb][\/vc_column_inner][\/vc_row_inner][vc_row_inner row_type=\u00bbrow\u00bb type=\u00bbfull_width\u00bb text_align=\u00bbleft\u00bb css_animation=\u00bb\u00bb css=\u00bb.vc_custom_1644318448620{margin-top: 32px !important;background-color: #ffffff !important;}\u00bb][vc_column_inner css=\u00bb.vc_custom_1639654835560{padding-right: 45px !important;padding-left: 45px !important;}\u00bb][vc_empty_space][vc_column_text]<\/p>\n<h2 class=\"internas-titul\">SCI CONTROL &amp; INSPECCI\u00d3N sigue prestando otros servicios para la industria e\u00f3lica:<\/h2>\n<p>[\/vc_column_text][vc_column_text css=\u00bb.vc_custom_1644319003252{margin-bottom: 25px !important;}\u00bb]<\/p>\n<ul class=\"lista-interna\">\n<li><i class=\"fa fa-angle-right\" aria-hidden=\"true\"><\/i><strong>Inspecci\u00f3n mediante Ultrasonidos Registrables <em>PHASED ARRAY<\/em><\/strong> de anillo Aluring de m\u00e1quinas en taller y en servicio en parque.<\/li>\n<li><i class=\"fa fa-angle-right\" aria-hidden=\"true\"><\/i><strong>Inspecci\u00f3n Radiogr\u00e1fica<\/strong> mediante equipo de Rayos X de anillo Aluring en taller y en servicio en parque e\u00f3lico.<\/li>\n<li><i class=\"fa fa-angle-right\" aria-hidden=\"true\"><\/i><strong>Inspecci\u00f3n por Ultrasonidos Manual<\/strong> de uniones soldadas en estructura tubular de torres.<\/li>\n<li><i class=\"fa fa-angle-right\" aria-hidden=\"true\"><\/i><strong>Inspecci\u00f3n mediante Radiograf\u00eda Digital de palas.<\/strong><\/li>\n<li><i class=\"fa fa-angle-right\" aria-hidden=\"true\"><\/i><strong>Inspecci\u00f3n Visual con Endoscopio<\/strong> de engranajes y componentes internos de multiplicadoras.<\/li>\n<li><i class=\"fa fa-angle-right\" aria-hidden=\"true\"><\/i><strong>Inspecci\u00f3n mediante Part\u00edculas Magn\u00e9ticas, L\u00edquidos Penetrantes y Ultrasonidos<\/strong> de Soldaduras en estructura de bastidores en servicio.<\/li>\n<li><i class=\"fa fa-angle-right\" aria-hidden=\"true\"><\/i><strong>Comprobaci\u00f3n del par de apriete<\/strong> de uniones roscadas de m\u00e1quinas en servicio.<\/li>\n<li><i class=\"fa fa-angle-right\" aria-hidden=\"true\"><\/i><strong>Inspecci\u00f3n Termogr\u00e1fica de equipos el\u00e9ctricos<\/strong> y mec\u00e1nicos para determinaci\u00f3n de fallos.<\/li>\n<li><i class=\"fa fa-angle-right\" aria-hidden=\"true\"><\/i><strong>Inspecci\u00f3n reglamentaria (OCA)<\/strong> de instalaciones el\u00e9ctricas de Baja y Alta Tensi\u00f3n.<\/li>\n<li><i class=\"fa fa-angle-right\" aria-hidden=\"true\"><\/i><strong>Laboratorio Metal\u00fargico<\/strong> para an\u00e1lisis de fallos en componentes de aerogeneradores.<\/li>\n<\/ul>\n<p>[\/vc_column_text][vc_column_text]<\/p>\n<p style=\"text-align: left;\"><strong>Si es un operador, desarrollador de parques e\u00f3licos o fabricante de aerogeneradores, podemos ofrecerle nuestros servicios adaptados a sus necesidades. En el \u00e1mbito de las Energ\u00edas Renovables, en\u00a0SCI, Control &amp; Inspecci\u00f3n estamos homologados\u00a0y actualmente realizamos trabajos para las empresas m\u00e1s importantes del sector.<\/strong><\/p>\n<p><strong>En la industria en general, prestamos servicios de\u00a0<a href=\"https:\/\/scifrancesa.fr\/es\/ensayos-no-destructivos-y-laboratorio-metalurgico\/\">Ensayos No Destructivos (END),<\/a>\u00a0<a href=\"https:\/\/scifrancesa.fr\/es\/ensayos-no-destructivos-y-laboratorio-metalurgico\/\">Laboratorio Metal\u00fargico,<\/a>\u00a0<a href=\"https:\/\/scifrancesa.fr\/es\/inspeccion-industrial\/\">Inspecci\u00f3n Industrial,<\/a><a href=\"https:\/\/scifrancesa.fr\/es\/inspeccion-industrial\/\">\u00a0Inspecci\u00f3n Reglamentaria<\/a>\u00a0y\u00a0<a href=\"https:\/\/scifrancesa.fr\/ecu-sci\/\">Licencias Urban\u00edsticas.<\/a><\/strong>[\/vc_column_text][vc_empty_space][\/vc_column_inner][\/vc_row_inner][\/vc_column][\/vc_row][vc_row css_animation=\u00bb\u00bb row_type=\u00bbrow\u00bb use_row_as_full_screen_section=\u00bbno\u00bb type=\u00bbfull_width\u00bb angled_section=\u00bbno\u00bb text_align=\u00bbleft\u00bb background_image_as_pattern=\u00bbwithout_pattern\u00bb][vc_column][vc_empty_space height=\u00bb64px\u00bb][\/vc_column][\/vc_row]<\/p>\n<\/div>","protected":false},"excerpt":{"rendered":"<p>[vc_row css_animation=\u00bb\u00bb row_type=\u00bbrow\u00bb use_row_as_full_screen_section=\u00bbno\u00bb type=\u00bbfull_width\u00bb angled_section=\u00bbno\u00bb text_align=\u00bbleft\u00bb background_image_as_pattern=\u00bbwithout_pattern\u00bb][vc_column width=\u00bb1\/4&#8243;][vc_raw_html]JTNDaDUlM0VPdHJvcyUyMFNlcnZpY2lvcyUyMEVORCUzQyUyRmg1JTNF[\/vc_raw_html][vc_separator type=\u00bbnormal\u00bb color=\u00bb#bcbcbc\u00bb thickness=\u00bb1&#8243; transparency=\u00bb0.4&#8243;][vc_column_text] ENSAYOS NO DESTRUCTIVOS Y LABORATORIO METAL\u00daRGICO Ensayos por radiograf\u00eda industrial Ensayos por Ultrasonidos Ensayos por Part\u00edculas Magn\u00e9ticas Ensayos por L\u00edquidos Penetrantes Pruebas de fugas de Helio Inspecci\u00f3n de soldadura de Torres de&#8230;<\/p>\n","protected":false},"author":1,"featured_media":0,"parent":21,"menu_order":0,"comment_status":"closed","ping_status":"closed","template":"","meta":{"footnotes":""},"class_list":["post-75","page","type-page","status-publish","hentry"],"_links":{"self":[{"href":"https:\/\/scifrancesa.fr\/es\/wp-json\/wp\/v2\/pages\/75","targetHints":{"allow":["GET"]}}],"collection":[{"href":"https:\/\/scifrancesa.fr\/es\/wp-json\/wp\/v2\/pages"}],"about":[{"href":"https:\/\/scifrancesa.fr\/es\/wp-json\/wp\/v2\/types\/page"}],"author":[{"embeddable":true,"href":"https:\/\/scifrancesa.fr\/es\/wp-json\/wp\/v2\/users\/1"}],"replies":[{"embeddable":true,"href":"https:\/\/scifrancesa.fr\/es\/wp-json\/wp\/v2\/comments?post=75"}],"version-history":[{"count":52,"href":"https:\/\/scifrancesa.fr\/es\/wp-json\/wp\/v2\/pages\/75\/revisions"}],"predecessor-version":[{"id":58387,"href":"https:\/\/scifrancesa.fr\/es\/wp-json\/wp\/v2\/pages\/75\/revisions\/58387"}],"up":[{"embeddable":true,"href":"https:\/\/scifrancesa.fr\/es\/wp-json\/wp\/v2\/pages\/21"}],"wp:attachment":[{"href":"https:\/\/scifrancesa.fr\/es\/wp-json\/wp\/v2\/media?parent=75"}],"curies":[{"name":"wp","href":"https:\/\/api.w.org\/{rel}","templated":true}]}}