{"id":81,"date":"2021-12-01T10:33:38","date_gmt":"2021-12-01T10:33:38","guid":{"rendered":"http:\/\/scisa.providersweb.es\/?page_id=81"},"modified":"2023-02-22T17:05:45","modified_gmt":"2023-02-22T17:05:45","slug":"ensayos-aplicados-a-pipelines-y-grandes-tanques-de-almacenamiento","status":"publish","type":"page","link":"https:\/\/scifrancesa.fr\/es\/ensayos-no-destructivos-y-laboratorio-metalurgico\/ensayos-aplicados-a-pipelines-y-grandes-tanques-de-almacenamiento\/","title":{"rendered":"Ensayos Aplicados a Pipelines y Grandes Tanques de Almacenamiento"},"content":{"rendered":"<div class=\"wpb-content-wrapper\"><p>[vc_row css_animation=\u00bb\u00bb row_type=\u00bbrow\u00bb use_row_as_full_screen_section=\u00bbno\u00bb type=\u00bbfull_width\u00bb angled_section=\u00bbno\u00bb text_align=\u00bbleft\u00bb background_image_as_pattern=\u00bbwithout_pattern\u00bb][vc_column width=\u00bb1\/4&#8243;][vc_raw_html]JTNDaDUlM0VPdHJvcyUyMFNlcnZpY2lvcyUyMEVORCUzQyUyRmg1JTNF[\/vc_raw_html][vc_separator type=\u00bbnormal\u00bb color=\u00bb#bcbcbc\u00bb thickness=\u00bb1&#8243; transparency=\u00bb0.4&#8243;][vc_column_text]<\/p>\n<ul class=\"menu-lateral\">\n<li class=\"volver\"><a href=\"https:\/\/scifrancesa.fr\/es\/ensayos-no-destructivos-y-laboratorio-metalurgico\/\"><i class=\"fa fa-backward\" aria-hidden=\"true\"><\/i> ENSAYOS NO DESTRUCTIVOS Y LABORATORIO METAL\u00daRGICO<\/a><\/li>\n<li><a href=\"https:\/\/scifrancesa.fr\/es\/ensayos-no-destructivos-y-laboratorio-metalurgico\/ensayos-por-radiografia-industrial\/\">Ensayos por radiograf\u00eda industrial<\/a><\/li>\n<li><a href=\"https:\/\/scifrancesa.fr\/es\/ensayos-no-destructivos-y-laboratorio-metalurgico\/ensayos-por-ultrasonidos\/\">Ensayos por Ultrasonidos<\/a><\/li>\n<li><a href=\"https:\/\/scifrancesa.fr\/es\/ensayos-no-destructivos-y-laboratorio-metalurgico\/ensayos-por-particulas-magneticas\/\">Ensayos por Part\u00edculas Magn\u00e9ticas<\/a><\/li>\n<li><a href=\"https:\/\/scifrancesa.fr\/es\/ensayos-no-destructivos-y-laboratorio-metalurgico\/ensayos-por-liquidos-penetrantes\/\">Ensayos por L\u00edquidos Penetrantes<\/a><\/li>\n<li><a href=\"https:\/\/scifrancesa.fr\/es\/ensayos-no-destructivos-y-laboratorio-metalurgico\/pruebas-de-fugas-de-helio\/\">Pruebas de fugas de Helio<\/a><\/li>\n<li><a href=\"https:\/\/scifrancesa.fr\/es\/ensayos-no-destructivos-y-laboratorio-metalurgico\/inspeccion-de-soldadura-de-torres-eolicas\/\"> Inspecci\u00f3n de soldadura de Torres de E\u00f3licas<\/a><\/li>\n<li><a href=\"https:\/\/scifrancesa.fr\/es\/ensayos-no-destructivos-y-laboratorio-metalurgico\/inspeccion-de-corrosion-por-ultrasonidos\/\">Inspecci\u00f3n de Corrosi\u00f3n por Ultrasonidos<\/a><\/li>\n<li><a href=\"https:\/\/scifrancesa.fr\/es\/ensayos-no-destructivos-y-laboratorio-metalurgico\/otros-ensayos-no-destructivos\/\">Otros ensayos no destructivos<\/a><\/li>\n<li class=\"sin-enlace\">Ensayos aplicados a Pipelines y Grandes Tanques de Almacenamiento<\/li>\n<\/ul>\n<p>[\/vc_column_text][vc_empty_space][vc_raw_html]JTNDaDUlM0VDb250YWN0YSUyMGNvbiUyMG5vc290cm9zJTNDJTJGaDUlM0U=[\/vc_raw_html][vc_separator type=\u00bbnormal\u00bb color=\u00bb#bcbcbc\u00bb thickness=\u00bb1&#8243; transparency=\u00bb0.4&#8243;][vc_widget_sidebar sidebar_id=\u00bbsidebar-blog\u00bb][\/vc_column][vc_column width=\u00bb3\/4&#8243;][vc_row_inner row_type=\u00bbrow\u00bb type=\u00bbfull_width\u00bb text_align=\u00bbleft\u00bb css_animation=\u00bb\u00bb css=\u00bb.vc_custom_1639654729177{background-color: #ffffff !important;}\u00bb][vc_column_inner css=\u00bb.vc_custom_1639654809595{padding-right: 45px !important;padding-left: 45px !important;background-color: #ffffff !important;}\u00bb][vc_column_text]<\/p>\n<h2 class=\"internas-titul\">ENSAYOS APLICADOS A PIPELINES Y GRANDES TANQUES DE ALMACENAMIENTO<\/h2>\n<p>[\/vc_column_text][vc_column_text]En\u00a0<a href=\"https:\/\/scifrancesa.fr\/\" target=\"_blank\" rel=\"noopener\">SCI<\/a>\u00a0somos una referencia a nivel mundial en los\u00a0<strong>Ensayos Especiales Aplicados a Pipelines y Grandes Tanques de Almacenamiento<\/strong>. Estos ensayos se encuadran dentro de los\u00a0<a href=\"https:\/\/scifrancesa.fr\/es\/ensayos-no-destructivos-y-laboratorio-metalurgico\/\" target=\"_blank\" rel=\"noopener\">No Destructivos<\/a>, junto a otros como los ensayos mediante radiograf\u00eda, ultrasonidos,\u00a0<a href=\"https:\/\/scifrancesa.fr\/es\/ensayos-no-destructivos-y-laboratorio-metalurgico\/ensayos-por-particulas-magneticas\/\" target=\"_blank\" rel=\"noopener\">Part\u00edculas Magn\u00e9ticas<\/a>\u00a0o\u00a0<a href=\"https:\/\/scifrancesa.fr\/es\/ensayos-no-destructivos-y-laboratorio-metalurgico\/ensayos-por-liquidos-penetrantes\/\" target=\"_blank\" rel=\"noopener\">L\u00edquidos Penetrantes<\/a>.<\/p>\n<p>Los ensayos especiales que realizamos en\u00a0<strong>SCI<\/strong>\u00a0son de\u00a0<strong>3 tipos<\/strong>: de Radiograf\u00eda autom\u00e1tica, por Ultrasonidos avanzados y Verificaci\u00f3n del revestimiento de tuber\u00eda enterrada.[\/vc_column_text][vc_empty_space][\/vc_column_inner][\/vc_row_inner][vc_empty_space][vc_row_inner row_type=\u00bbrow\u00bb type=\u00bbfull_width\u00bb text_align=\u00bbleft\u00bb css_animation=\u00bb\u00bb css=\u00bb.vc_custom_1639742702193{padding-right: 0px !important;padding-left: 25px !important;background-color: #ffffff !important;}\u00bb][vc_column_inner width=\u00bb2\/3&#8243;][vc_empty_space][vc_column_text]<\/p>\n<h2 class=\"internas-titul\">INSPECCI\u00d3N RADIOGR\u00c1FICA AUTOM\u00c1TICA EN PIPELINE<\/h2>\n<p><strong>SCI<\/strong>\u00a0desarrolla y fabrica sus propios\u00a0<strong>Crawler,<\/strong>\u00a0que son equipos que se introducen en las l\u00edneas de tuber\u00eda y cuya finalidad es realizar radiograf\u00edas 360\u00ba a las soldaduras circunferenciales y son aptos para di\u00e1metros desde 3\u2033 a 60\u2033. Gracias al I+D de estos Crawlers, ha permitido a SCI posicionarse como l\u00edder en Espa\u00f1a en el mercado de la inspecci\u00f3n de\u00a0<strong>oleoductos y gasoductos<\/strong>\u00a0y poder expandirse en el extranjero.<\/p>\n<p><strong>SCI<\/strong>\u00a0ha inspeccionado m\u00e1s de\u00a0<strong>30.000 Km<\/strong>. de pipeline en todo el mundo con este tipo de equipos.<\/p>\n<p><strong>SCI<\/strong>\u00a0dispone de los siguientes equipos para <em><strong>radiografiado autom\u00e1tico:<\/strong><\/em><\/p>\n<ul class=\"lista-interna\">\n<li><i class=\"fa fa-angle-right\" aria-hidden=\"true\"><\/i> <strong> Crawlers de Rayos-X<\/strong> con motores t\u00e9rmicos y bater\u00edas.<\/li>\n<li><i class=\"fa fa-angle-right\" aria-hidden=\"true\"><\/i> <strong>Crawlers de Rayos-Gamma<\/strong> con fuentes de Ir-192 o Se-75.<\/li>\n<\/ul>\n<p>[\/vc_column_text][\/vc_column_inner][vc_column_inner width=\u00bb1\/3&#8243; css=\u00bb.vc_custom_1644328439297{padding-right: 0px !important;}\u00bb][vc_single_image image=\u00bb1110&#8243; img_size=\u00bbfull\u00bb alignment=\u00bbright\u00bb qode_css_animation=\u00bb\u00bb css=\u00bb.vc_custom_1644328461703{margin-top: 0px !important;margin-right: 0px !important;margin-bottom: 0px !important;margin-left: 0px !important;border-top-width: 0px !important;border-right-width: 0px !important;border-bottom-width: 0px !important;border-left-width: 0px !important;padding-top: 0px !important;padding-right: 0px !important;padding-bottom: 0px !important;padding-left: 0px !important;}\u00bb][vc_single_image image=\u00bb1111&#8243; img_size=\u00bbfull\u00bb alignment=\u00bbright\u00bb qode_css_animation=\u00bb\u00bb css=\u00bb.vc_custom_1644328466017{margin-top: 0px !important;margin-right: 0px !important;margin-bottom: 0px !important;margin-left: 0px !important;border-top-width: 0px !important;border-right-width: 0px !important;border-bottom-width: 0px !important;border-left-width: 0px !important;padding-top: 0px !important;padding-right: 0px !important;padding-bottom: 0px !important;padding-left: 0px !important;}\u00bb][\/vc_column_inner][\/vc_row_inner][vc_row_inner row_type=\u00bbrow\u00bb type=\u00bbfull_width\u00bb text_align=\u00bbleft\u00bb css_animation=\u00bb\u00bb css=\u00bb.vc_custom_1644328502816{margin-top: 32px !important;background-color: #ffffff !important;}\u00bb][vc_column_inner css=\u00bb.vc_custom_1639654835560{padding-right: 45px !important;padding-left: 45px !important;}\u00bb][vc_empty_space][vc_column_text]<\/p>\n<h2 class=\"internas-titul\">INSPECCI\u00d3N POR ULTRASONIDOS AVANZADOS<\/h2>\n<p><strong>SCI<\/strong>\u00a0lleva ya mas de una d\u00e9cada desarrollando tambi\u00e9n sus propios equipos automatizados de inspecci\u00f3n por ultrasonidos, basados en las t\u00e9cnicas convencionales de pulso\u00a0<strong>\u2013 eco<\/strong>, o en otras m\u00e1s innovadoras como el\u00a0<strong>Phased Array<\/strong>\u00a0o el\u00a0<strong>TOFD<\/strong>.<\/p>\n<p>Este tipo de inspecci\u00f3n automatizada es una\u00a0<strong>alternativa v\u00e1lida a la inspecci\u00f3n radiogr\u00e1fica<\/strong>\u00a0que ya se demanda habitualmente en los pa\u00edses de nuestro entorno.<\/p>\n<p>En las ultimas d\u00e9cadas, el sector energ\u00e9tico ha sufrido una fuerte expansi\u00f3n, lo que ha llevado a la construcci\u00f3n de grandes obras y montajes, tales como, nuevas plantas petroqu\u00edmicas, gasoductos, oleoductos, tanques criog\u00e9nicos de GNL, centrales t\u00e9rmicas de ciclo\u00a0combinado y, m\u00e1s recientemente, de plantas el\u00e9ctricas termosolares.\u00a0En estos proyectos de construcci\u00f3n se han demandado intensivamente este tipo de t\u00e9cnicas.<\/p>\n<p><strong>SCI<\/strong>\u00a0cuenta en la actualidad con equipos de ultrasonidos registrables semiautom\u00e1ticos (SAUT) basados en las t\u00e9cnicas\u00a0<strong>Phased Array<\/strong>\u00a0y\u00a0<strong>TOFD<\/strong>.<\/p>\n<p><strong>SCI<\/strong>\u00a0adem\u00e1s ha desarrollado sistemas propios de ultrasonidos registrables autom\u00e1ticos (AUT) que permiten realizar el ensayo\u00a0de altas producciones de soldaduras de l\u00ednea de canalizaciones, as\u00ed como reparaciones, puntos especiales, etc\u2026 cubriendo todos los requisitos necesarios en la inspecci\u00f3n de pipelines.[\/vc_column_text][vc_empty_space][\/vc_column_inner][\/vc_row_inner][vc_row_inner row_type=\u00bbrow\u00bb type=\u00bbfull_width\u00bb text_align=\u00bbleft\u00bb css_animation=\u00bb\u00bb css=\u00bb.vc_custom_1644332779146{margin-top: 32px !important;}\u00bb][vc_column_inner css=\u00bb.vc_custom_1644333012922{padding-right: 0px !important;padding-left: 0px !important;}\u00bb][vc_single_image image=\u00bb2048&#8243; img_size=\u00bbfull\u00bb qode_css_animation=\u00bb\u00bb][\/vc_column_inner][\/vc_row_inner][vc_row_inner row_type=\u00bbrow\u00bb type=\u00bbfull_width\u00bb text_align=\u00bbleft\u00bb css_animation=\u00bb\u00bb css=\u00bb.vc_custom_1644332783281{margin-top: 32px !important;padding-right: 0px !important;padding-left: 25px !important;background-color: #ffffff !important;}\u00bb][vc_column_inner][vc_empty_space][vc_column_text]<\/p>\n<div class=\"wpb_text_column wpb_content_element titulo-paginas\">\n<div class=\"wpb_wrapper\">\n<h2 class=\"internas-titul\">INSPECCI\u00d3N DE REVESTIMIENTO DE TUBER\u00cdA ENTERRADA<\/h2>\n<\/div>\n<\/div>\n<div class=\"vc_row wpb_row vc_inner wf-container\">\n<div class=\"wpb_column vc_column_container vc_col-sm-12\">\n<div class=\"vc_column-inner \">\n<div class=\"wpb_wrapper\">\n<div class=\"vc_empty_space\"><\/div>\n<div class=\"wpb_text_column wpb_content_element \">\n<div class=\"wpb_wrapper\">\n<p><strong>SCI<\/strong>\u00a0dispone de equipos tipo\u00a0<strong>PCM<\/strong>\u00a0para la verificaci\u00f3n del estado del revestimiento de canalizaciones enterradas. Esta t\u00e9cnica se basa en hacer circular una corriente el\u00e9ctrica por la canalizaci\u00f3n enterrada, pudi\u00e9ndose\u00a0<strong>detectar<\/strong>\u00a0aquellos\u00a0<strong>puntos<\/strong>\u00a0donde debido a la ausencia de revestimiento la corriente se deriva a tierra.<\/p>\n<p>La\u00a0<strong>detecci\u00f3n<\/strong>\u00a0de los fallos en el revestimiento se realiza\u00a0<strong>recorriendo a pie<\/strong>\u00a0la traza por donde discurre la canalizaci\u00f3n. El equipo que porta el inspector es capaz de detectar los puntos donde el revestimiento se encuentra da\u00f1ado.<\/p>\n<p>Esta inspecci\u00f3n se emplea habitualmente para verificar que el\u00a0<strong>revestimiento<\/strong>\u00a0de las canalizaciones no ha sufrido da\u00f1o al restituir el terreno o bien como una inspecci\u00f3n peri\u00f3dica en servicio.<\/p>\n<p>Adicionalmente, esta t\u00e9cnica es capaz de determinar la\u00a0<strong>localizaci\u00f3n y profundidad<\/strong>\u00a0a la que discurre la canalizaci\u00f3n.<\/p>\n<\/div>\n<\/div>\n<\/div>\n<\/div>\n<\/div>\n<\/div>\n<p>[\/vc_column_text][vc_empty_space][\/vc_column_inner][\/vc_row_inner][vc_row_inner row_type=\u00bbrow\u00bb type=\u00bbfull_width\u00bb text_align=\u00bbleft\u00bb css_animation=\u00bb\u00bb css=\u00bb.vc_custom_1644333073161{margin-top: 32px !important;}\u00bb][vc_column_inner width=\u00bb1\/3&#8243; css=\u00bb.vc_custom_1644333176466{padding-right: 0px !important;padding-left: 0px !important;}\u00bb][vc_single_image image=\u00bb2056&#8243; img_size=\u00bbfull\u00bb qode_css_animation=\u00bb\u00bb css=\u00bb.vc_custom_1644333512673{padding-right: 0px !important;padding-left: 0px !important;}\u00bb][\/vc_column_inner][vc_column_inner width=\u00bb1\/3&#8243; css=\u00bb.vc_custom_1644333307184{padding-right: 0px !important;padding-left: 0px !important;}\u00bb][vc_single_image image=\u00bb2055&#8243; img_size=\u00bbfull\u00bb qode_css_animation=\u00bb\u00bb][\/vc_column_inner][vc_column_inner width=\u00bb1\/3&#8243; css=\u00bb.vc_custom_1644333348643{padding-right: 0px !important;padding-left: 0px !important;}\u00bb][vc_single_image image=\u00bb2057&#8243; img_size=\u00bbfull\u00bb qode_css_animation=\u00bb\u00bb css=\u00bb.vc_custom_1644333524271{padding-right: 0px !important;padding-left: 0px !important;}\u00bb][\/vc_column_inner][\/vc_row_inner][vc_row_inner row_type=\u00bbrow\u00bb type=\u00bbfull_width\u00bb text_align=\u00bbleft\u00bb css_animation=\u00bb\u00bb css=\u00bb.vc_custom_1644333077145{margin-top: 32px !important;padding-right: 0px !important;padding-left: 25px !important;background-color: #ffffff !important;}\u00bb][vc_column_inner][vc_empty_space][vc_column_text]<\/p>\n<h2 class=\"internas-titul\" style=\"text-align: left;\">INSPECCI\u00d3N EN SERVICIO EN GRANDES TANQUES DE ALMACENAMIENTO<\/h2>\n<p style=\"padding-left: 40px; font-size: 18px; line-height: 30px; font-weight: 600;\">P\u00e9rdida de Flujo Magn\u00e9tico, Caja de Vac\u00edo, Medici\u00f3n de Espesores<\/p>\n<p style=\"text-align: left;\">Las plantas petroqu\u00edmicas y parques de almacenamiento solicitan con frecuencia la\u00a0<strong>inspecci\u00f3n<\/strong>\u00a0y\u00a0<strong>certificaci\u00f3n<\/strong>\u00a0de sus tanques a trav\u00e9s de inspectores\u00a0<strong>API 653<\/strong>.<\/p>\n<p style=\"text-align: left;\">Entre otros, uno de los ensayos demandados en este campo es el de inspecciones de fondos de tanques mediante la t\u00e9cnica de perdida de flujo magn\u00e9tico, el cual permite de una forma r\u00e1pida y fiable la determinaci\u00f3n de las zonas de un fondo que han sufrido perdidas significativas de espesor debido a la corrosi\u00f3n.<\/p>\n<p style=\"text-align: left;\">Para el\u00a0<strong>control de la estanqueidad<\/strong>\u00a0en las soldaduras del fondo del tanque\u00a0<strong>SCI<\/strong>\u00a0realiza tambi\u00e9n la inspecci\u00f3n mediante equipos de caja de vac\u00edo. Dise\u00f1amos y fabricamos\u00a0nuestros propios equipos en funci\u00f3n de las diversas configuraciones.<\/p>\n<p style=\"text-align: left;\">En apoyo a estas inspecciones, se han desarrollado equipos autom\u00e1ticos propios para la medici\u00f3n de espesores por ultrasonidos registrables en generatrices de\u00a0<strong>grandes<\/strong>\u00a0<strong>tanques de almacenamiento<\/strong>\u00a0o en zonas concretas donde se sospeche la presencia de corrosi\u00f3n.\u00a0Estos equipos se pueden emplear a control remoto, sin necesidad de colocar andamios o estructuras auxiliares en el tanque.<\/p>\n<p>[\/vc_column_text][vc_empty_space][\/vc_column_inner][\/vc_row_inner][\/vc_column][\/vc_row][vc_row css_animation=\u00bb\u00bb row_type=\u00bbrow\u00bb use_row_as_full_screen_section=\u00bbno\u00bb type=\u00bbfull_width\u00bb angled_section=\u00bbno\u00bb text_align=\u00bbleft\u00bb background_image_as_pattern=\u00bbwithout_pattern\u00bb][vc_column][vc_empty_space height=\u00bb64px\u00bb][\/vc_column][\/vc_row]<\/p>\n<\/div>","protected":false},"excerpt":{"rendered":"<p>[vc_row css_animation=\u00bb\u00bb row_type=\u00bbrow\u00bb use_row_as_full_screen_section=\u00bbno\u00bb type=\u00bbfull_width\u00bb angled_section=\u00bbno\u00bb text_align=\u00bbleft\u00bb background_image_as_pattern=\u00bbwithout_pattern\u00bb][vc_column width=\u00bb1\/4&#8243;][vc_raw_html]JTNDaDUlM0VPdHJvcyUyMFNlcnZpY2lvcyUyMEVORCUzQyUyRmg1JTNF[\/vc_raw_html][vc_separator type=\u00bbnormal\u00bb color=\u00bb#bcbcbc\u00bb thickness=\u00bb1&#8243; transparency=\u00bb0.4&#8243;][vc_column_text] ENSAYOS NO DESTRUCTIVOS Y LABORATORIO METAL\u00daRGICO Ensayos por radiograf\u00eda industrial Ensayos por Ultrasonidos Ensayos por Part\u00edculas Magn\u00e9ticas Ensayos por L\u00edquidos Penetrantes Pruebas de fugas de Helio Inspecci\u00f3n de soldadura de Torres de&#8230;<\/p>\n","protected":false},"author":1,"featured_media":0,"parent":21,"menu_order":0,"comment_status":"closed","ping_status":"closed","template":"","meta":{"footnotes":""},"class_list":["post-81","page","type-page","status-publish","hentry"],"_links":{"self":[{"href":"https:\/\/scifrancesa.fr\/es\/wp-json\/wp\/v2\/pages\/81","targetHints":{"allow":["GET"]}}],"collection":[{"href":"https:\/\/scifrancesa.fr\/es\/wp-json\/wp\/v2\/pages"}],"about":[{"href":"https:\/\/scifrancesa.fr\/es\/wp-json\/wp\/v2\/types\/page"}],"author":[{"embeddable":true,"href":"https:\/\/scifrancesa.fr\/es\/wp-json\/wp\/v2\/users\/1"}],"replies":[{"embeddable":true,"href":"https:\/\/scifrancesa.fr\/es\/wp-json\/wp\/v2\/comments?post=81"}],"version-history":[{"count":49,"href":"https:\/\/scifrancesa.fr\/es\/wp-json\/wp\/v2\/pages\/81\/revisions"}],"predecessor-version":[{"id":58407,"href":"https:\/\/scifrancesa.fr\/es\/wp-json\/wp\/v2\/pages\/81\/revisions\/58407"}],"up":[{"embeddable":true,"href":"https:\/\/scifrancesa.fr\/es\/wp-json\/wp\/v2\/pages\/21"}],"wp:attachment":[{"href":"https:\/\/scifrancesa.fr\/es\/wp-json\/wp\/v2\/media?parent=81"}],"curies":[{"name":"wp","href":"https:\/\/api.w.org\/{rel}","templated":true}]}}